{"id":10065,"date":"2019-01-04T15:35:20","date_gmt":"2019-01-04T14:35:20","guid":{"rendered":"http:\/\/ksiegarnia-akademicka.pl\/?post_type=product&#038;p=10065"},"modified":"2019-01-04T15:35:27","modified_gmt":"2019-01-04T14:35:27","slug":"postac-leku-optymalizacja-lekow-doustnych-i-do-oczu-w-nowoczesnej-technologii-farmaceutycznej","status":"publish","type":"product","link":"https:\/\/ksiegarnia-akademicka.pl\/index.php\/product\/postac-leku-optymalizacja-lekow-doustnych-i-do-oczu-w-nowoczesnej-technologii-farmaceutycznej\/","title":{"rendered":"Posta\u0107 leku Optymalizacja lek\u00f3w doustnych i do oczu w nowoczesnej technologii farmaceutycznej"},"content":{"rendered":"<p>Redakcja: Jachowicz Renata<br \/>\nWydawca: PZWL<br \/>\nOprawa: Mi\u0119kka<br \/>\nFormat: 16.0&#215;24.0cm<br \/>\nLiczba stron: 586<br \/>\nWydanie: 1<br \/>\nRok wydania: 2013<\/p>\n<p>W publikacji przedstawiono zagadnienia dotycz\u0105ce projektowania i optymalizacji postaci leku w uzyskania zamierzonego efektu terapeutycznego. Ksi\u0105\u017cka adresowana jest os\u00f3b, w swojej praktyce zawodowej stykaj\u0105 si\u0119 z problematyk\u0105 wytwarzania lek\u00f3w, student\u00f3w wydzia\u0142\u00f3w farmaceutycznych, a tak\u017ce s\u0142uchaczy studi\u00f3w podyplomowych.<\/p>\n","protected":false},"excerpt":{"rendered":"<p>Redakcja: Jachowicz Renata Wydawca: PZWL Oprawa: Mi\u0119kka Format: 16.0&#215;24.0cm Liczba [&hellip;]<\/p>\n","protected":false},"featured_media":10066,"template":"","meta":[],"product_brand":[],"product_cat":[7493,44],"product_tag":[4806,4269,4807],"class_list":{"0":"post-10065","1":"product","2":"type-product","3":"status-publish","4":"has-post-thumbnail","6":"product_cat-medycyna","7":"product_cat-nauki-medyczne","8":"product_tag-biochemia","9":"product_tag-farmacja","10":"product_tag-toksykologia","12":"first","13":"instock","14":"sale","15":"shipping-taxable","16":"purchasable","17":"product-type-simple"},"_links":{"self":[{"href":"https:\/\/ksiegarnia-akademicka.pl\/index.php\/wp-json\/wp\/v2\/product\/10065","targetHints":{"allow":["GET"]}}],"collection":[{"href":"https:\/\/ksiegarnia-akademicka.pl\/index.php\/wp-json\/wp\/v2\/product"}],"about":[{"href":"https:\/\/ksiegarnia-akademicka.pl\/index.php\/wp-json\/wp\/v2\/types\/product"}],"wp:featuredmedia":[{"embeddable":true,"href":"https:\/\/ksiegarnia-akademicka.pl\/index.php\/wp-json\/wp\/v2\/media\/10066"}],"wp:attachment":[{"href":"https:\/\/ksiegarnia-akademicka.pl\/index.php\/wp-json\/wp\/v2\/media?parent=10065"}],"wp:term":[{"taxonomy":"product_brand","embeddable":true,"href":"https:\/\/ksiegarnia-akademicka.pl\/index.php\/wp-json\/wp\/v2\/product_brand?post=10065"},{"taxonomy":"product_cat","embeddable":true,"href":"https:\/\/ksiegarnia-akademicka.pl\/index.php\/wp-json\/wp\/v2\/product_cat?post=10065"},{"taxonomy":"product_tag","embeddable":true,"href":"https:\/\/ksiegarnia-akademicka.pl\/index.php\/wp-json\/wp\/v2\/product_tag?post=10065"}],"curies":[{"name":"wp","href":"https:\/\/api.w.org\/{rel}","templated":true}]}}