{"id":1002,"date":"2018-05-22T12:42:38","date_gmt":"2018-05-22T10:42:38","guid":{"rendered":"http:\/\/ksiegarnia-akademicka.pl\/index.php\/product\/psychologia-rozwoju-czlowieka-t-2-charakterystyka-okresow-zycia-czlowieka\/"},"modified":"2023-10-24T10:29:34","modified_gmt":"2023-10-24T08:29:34","slug":"psychologia-rozwoju-czlowieka-t-2-charakterystyka-okresow-zycia-czlowieka","status":"publish","type":"product","link":"https:\/\/ksiegarnia-akademicka.pl\/index.php\/product\/psychologia-rozwoju-czlowieka-t-2-charakterystyka-okresow-zycia-czlowieka\/","title":{"rendered":"Psychologia rozwoju cz\u0142owieka Tom 2 Charakterystyka okres\u00f3w \u017cycia cz\u0142owieka"},"content":{"rendered":"<p>Redakcja: Harwas-Napiera\u0142a Barbara, Trempa\u0142a Janusz<br \/>\nWydawca: Wydawnictwo Naukowe PWN<br \/>\nOprawa: Mi\u0119kka<br \/>\nFormat: 16.5&#215;23.5cm<br \/>\nLiczba stron: 304<br \/>\nWydanie: 3<br \/>\nRok wydania: 2022<br \/>\nJ\u0119zyk wydania: polski<\/p>\n<p>Ksi\u0105\u017cka:<br \/>\n&#8211; charakteryzuje rozw\u00f3j cz\u0142owieka w pe\u0142nym cyklu \u017cycia;<br \/>\n&#8211; jest kontynuacj\u0105 i rozwini\u0119ciem wprowadzaj\u0105cej w zagadnienia og\u00f3lne Psychologii rozwoju cz\u0142owieka. T. 1;<br \/>\n&#8211; umo\u017cliwia poznanie osi\u0105gni\u0119\u0107 i proces\u00f3w rozwojowych w okre\u015blonym odcinku \u017cycia;<br \/>\n&#8211; przedstawia dorobek teoretyczny i empiryczny polskiej psychologii rozwojowej na tle literatury \u015bwiatowej;<br \/>\n&#8211; ma niezwyk\u0142e walory dydaktyczne:<br \/>\nprosty i zrozumia\u0142y j\u0119zyk,<br \/>\nbloki rozszerzaj\u0105ce \u2013 szczeg\u00f3\u0142owe om\u00f3wienia wybranych problem\u00f3w oraz podsumowania rozdzia\u0142\u00f3w, s\u0142owa kluczowe, pytania kontrolne,<br \/>\nliteratur\u0119 zalecan\u0105 do ka\u017cdego z rozdzia\u0142\u00f3w,<br \/>\nindeks rzeczowy oraz indeks os\u00f3b.<\/p>\n<p>Ksi\u0105\u017cka adresowana jest do student\u00f3w psychologii, pedagogiki oraz psycholog\u00f3w-praktyk\u00f3w.<\/p>\n","protected":false},"excerpt":{"rendered":"<p>Redakcja: Harwas-Napiera\u0142a Barbara, Trempa\u0142a Janusz Wydawca: Wydawnictwo Naukowe PWN Oprawa: [&hellip;]<\/p>\n","protected":false},"featured_media":11990,"template":"","meta":[],"product_brand":[],"product_cat":[27,7509],"product_tag":[269,1186],"class_list":{"0":"post-1002","1":"product","2":"type-product","3":"status-publish","4":"has-post-thumbnail","6":"product_cat-nauki-spoleczne","7":"product_cat-psychologia","8":"product_tag-podrecznik-akademicki","9":"product_tag-psychologia","11":"first","12":"instock","13":"sale","14":"shipping-taxable","15":"purchasable","16":"product-type-simple"},"_links":{"self":[{"href":"https:\/\/ksiegarnia-akademicka.pl\/index.php\/wp-json\/wp\/v2\/product\/1002","targetHints":{"allow":["GET"]}}],"collection":[{"href":"https:\/\/ksiegarnia-akademicka.pl\/index.php\/wp-json\/wp\/v2\/product"}],"about":[{"href":"https:\/\/ksiegarnia-akademicka.pl\/index.php\/wp-json\/wp\/v2\/types\/product"}],"wp:featuredmedia":[{"embeddable":true,"href":"https:\/\/ksiegarnia-akademicka.pl\/index.php\/wp-json\/wp\/v2\/media\/11990"}],"wp:attachment":[{"href":"https:\/\/ksiegarnia-akademicka.pl\/index.php\/wp-json\/wp\/v2\/media?parent=1002"}],"wp:term":[{"taxonomy":"product_brand","embeddable":true,"href":"https:\/\/ksiegarnia-akademicka.pl\/index.php\/wp-json\/wp\/v2\/product_brand?post=1002"},{"taxonomy":"product_cat","embeddable":true,"href":"https:\/\/ksiegarnia-akademicka.pl\/index.php\/wp-json\/wp\/v2\/product_cat?post=1002"},{"taxonomy":"product_tag","embeddable":true,"href":"https:\/\/ksiegarnia-akademicka.pl\/index.php\/wp-json\/wp\/v2\/product_tag?post=1002"}],"curies":[{"name":"wp","href":"https:\/\/api.w.org\/{rel}","templated":true}]}}