{"id":10008,"date":"2019-01-03T14:55:14","date_gmt":"2019-01-03T13:55:14","guid":{"rendered":"http:\/\/ksiegarnia-akademicka.pl\/?post_type=product&#038;p=10008"},"modified":"2024-12-04T14:10:03","modified_gmt":"2024-12-04T13:10:03","slug":"reforma-prawa-wykroczen-tom-i","status":"publish","type":"product","link":"https:\/\/ksiegarnia-akademicka.pl\/index.php\/product\/reforma-prawa-wykroczen-tom-i\/","title":{"rendered":"Reforma prawa wykrocze\u0144. Tom I"},"content":{"rendered":"<p>Redakcja: Prof. INP PAN dr hab. Pawe\u0142 Daniluk<br \/>\nAutor: dr hab. Magdalena Budyn-Kulik, dr Piotr Gensikowski, mgr Maciej Iwa\u0144ski, prof. INP PAN dr hab. Jolanta Jakubowska-Hara, dr Sebastian Kowalski, dr Jan Kulesza, dr hab. Marek Kulik, dr Katarzyna \u0141ucarz, prof. UWr dr hab. Anna Muszy\u0144ska, prof. dr hab. Wojciech Radecki<br \/>\nWydawnictwo: C.H. Beck<br \/>\nSeria: Inne<br \/>\nRok wydania: 2018<br \/>\nISBN: 978-83-8158-313-8<br \/>\nLiczba stron: 720<br \/>\nOprawa: Twarda <\/p>\n<p>Celem projektu badawczego \u201eReforma prawa wykrocze\u0144\u201d jest identyfikacja i opis niedoskona\u0142o\u015bci polskiego prawa wykrocze\u0144 oraz sformu\u0142owanie propozycji jego reformy. Projekt ten obejmuje dwa obszary badawcze. Obszar pierwszy to szczeg\u00f3\u0142owa analiza obowi\u0105zuj\u0105cego prawa wykrocze\u0144 w celu rozpoznania tego, co powinno by\u0107 w nim jak najszybciej zmienione (udoskonalone). Przy czym idzie tu o zmiany w obr\u0119bie aktualnego modelu prawa wykrocze\u0144, potrzebne tu i teraz. W ramach tego w\u0105tku badawczego zostan\u0105 zidentyfikowane i om\u00f3wione problemy wymagaj\u0105ce interwencji ustawodawczej, a nast\u0119pnie zostan\u0105 przedstawione w tym zakresie postulaty de lege ferenda. Taki materia\u0142 badawczy b\u0119dzie m\u00f3g\u0142 stanowi\u0107 podstaw\u0119 dla podj\u0119cia bie\u017c\u0105cych prac legislacyjnych. Drugi obszar badawczy ma charakter bardziej og\u00f3lny i jest po\u015bwi\u0119cony dalszej przysz\u0142o\u015bci prawa wykrocze\u0144. Prowadzone tu rozwa\u017cania b\u0119d\u0105 skoncentrowane na mo\u017cliwych kierunkach rozwoju prawa wykrocze\u0144 i b\u0119d\u0105 s\u0142u\u017cy\u0107 poszukiwaniom optymalnego modelu reakcji na drobniejsze czyny zabronione.<\/p>\n<p>Niniejszy tom jest pierwszym namacalnym efektem analiz prowadzonych w ramach pierwszego obszaru badawczego.<\/p>\n","protected":false},"excerpt":{"rendered":"<p>Redakcja: Prof. INP PAN dr hab. Pawe\u0142 Daniluk Autor: dr [&hellip;]<\/p>\n","protected":false},"featured_media":10009,"template":"","meta":[],"product_brand":[],"product_cat":[7490,18],"product_tag":[296,315,7761],"class_list":{"0":"post-10008","1":"product","2":"type-product","3":"status-publish","4":"has-post-thumbnail","6":"product_cat-karne","7":"product_cat-prawo","8":"product_tag-prawo-karne","9":"product_tag-prawo-wykroczen","10":"product_tag-seria-inne","12":"first","13":"instock","14":"sale","15":"shipping-taxable","16":"purchasable","17":"product-type-simple"},"_links":{"self":[{"href":"https:\/\/ksiegarnia-akademicka.pl\/index.php\/wp-json\/wp\/v2\/product\/10008","targetHints":{"allow":["GET"]}}],"collection":[{"href":"https:\/\/ksiegarnia-akademicka.pl\/index.php\/wp-json\/wp\/v2\/product"}],"about":[{"href":"https:\/\/ksiegarnia-akademicka.pl\/index.php\/wp-json\/wp\/v2\/types\/product"}],"wp:featuredmedia":[{"embeddable":true,"href":"https:\/\/ksiegarnia-akademicka.pl\/index.php\/wp-json\/wp\/v2\/media\/10009"}],"wp:attachment":[{"href":"https:\/\/ksiegarnia-akademicka.pl\/index.php\/wp-json\/wp\/v2\/media?parent=10008"}],"wp:term":[{"taxonomy":"product_brand","embeddable":true,"href":"https:\/\/ksiegarnia-akademicka.pl\/index.php\/wp-json\/wp\/v2\/product_brand?post=10008"},{"taxonomy":"product_cat","embeddable":true,"href":"https:\/\/ksiegarnia-akademicka.pl\/index.php\/wp-json\/wp\/v2\/product_cat?post=10008"},{"taxonomy":"product_tag","embeddable":true,"href":"https:\/\/ksiegarnia-akademicka.pl\/index.php\/wp-json\/wp\/v2\/product_tag?post=10008"}],"curies":[{"name":"wp","href":"https:\/\/api.w.org\/{rel}","templated":true}]}}