{"id":9988,"date":"2019-01-03T13:43:23","date_gmt":"2019-01-03T12:43:23","guid":{"rendered":"http:\/\/ksiegarnia-akademicka.pl\/?post_type=product&#038;p=9988"},"modified":"2024-12-04T14:10:55","modified_gmt":"2024-12-04T13:10:55","slug":"rejestry-nieruchomosci-studium-prawnoporownawcze","status":"publish","type":"product","link":"http:\/\/ksiegarnia-akademicka.pl\/index.php\/product\/rejestry-nieruchomosci-studium-prawnoporownawcze\/","title":{"rendered":"Rejestry nieruchomo\u015bci. Studium prawnopor\u00f3wnawcze"},"content":{"rendered":"<p>Autor: dr Pawe\u0142 Blajer<br \/>\nWydawnictwo: C.H. Beck<br \/>\nSeria: Monografie Prawnicze<br \/>\nRok wydania: 2018<br \/>\nISBN: 978-83-8128-774-9<br \/>\nLiczba stron: 980<br \/>\nOprawa: Twarda <\/p>\n<p>Monografia \u201eRejestry nieruchomo\u015bci \u2013 studium prawnopor\u00f3wnawcze&#8221; stanowi pierwsz\u0105 w Polsce publikacj\u0119 kompleksowo przedstawiaj\u0105c\u0105 zar\u00f3wno genez\u0119, jak i aktualny kszta\u0142t podstawowych rozwi\u0105za\u0144 modelowych w zakresie rejestr\u00f3w wykorzystywanych w celu ustaleniu stanu prawnego nieruchomo\u015bci.<\/p>\n<p>Przeprowadzone w rozprawie badania nie koncentruj\u0105 si\u0119 wy\u0142\u0105cznie na \u015brodkowoeuropejskim modelu ksi\u0105g gruntowych (wieczystych), ale obejmuj\u0105 r\u00f3wnie\u017c pozosta\u0142e modele rejestr\u00f3w o zasi\u0119gu globalnym, tj. charakterystyczne dla systemu common law: modele deeds recordation i title registration oraz wywodz\u0105ce si\u0119 z romanistycznej tradycji prawnej modele transkrypcji i inskrypcji. W powy\u017cszym zakresie analizom poddano zar\u00f3wno kwestie ustrojowe zwi\u0105zane z organizacj\u0105 rejestr\u00f3w, jak i rz\u0105dz\u0105ce nimi zasady materialnoprawne.<br \/>\nW efekcie przeprowadzonych bada\u0144 sformu\u0142owane zosta\u0142y wnioski w zakresie szans na harmonizacj\u0119 regulacji okre\u015blaj\u0105cych kszta\u0142t rejestr\u00f3w nieruchomo\u015bci, w szczeg\u00f3lno\u015bci na szczeblu Unii Europejskiej, oraz postulaty odno\u015bnie optymalizacji polskiego systemu wieczystoksi\u0119gowego.<\/p>\n","protected":false},"excerpt":{"rendered":"<p>Autor: dr Pawe\u0142 Blajer Wydawnictwo: C.H. Beck Seria: Monografie Prawnicze [&hellip;]<\/p>\n","protected":false},"featured_media":9989,"template":"","meta":[],"product_brand":[],"product_cat":[34],"product_tag":[705,5397],"class_list":{"0":"post-9988","1":"product","2":"type-product","3":"status-publish","4":"has-post-thumbnail","6":"product_cat-nieruchomosci","7":"product_tag-nieruchomosci","8":"product_tag-seria-monografie-prawnicze","10":"first","11":"instock","12":"sale","13":"shipping-taxable","14":"purchasable","15":"product-type-simple"},"_links":{"self":[{"href":"http:\/\/ksiegarnia-akademicka.pl\/index.php\/wp-json\/wp\/v2\/product\/9988","targetHints":{"allow":["GET"]}}],"collection":[{"href":"http:\/\/ksiegarnia-akademicka.pl\/index.php\/wp-json\/wp\/v2\/product"}],"about":[{"href":"http:\/\/ksiegarnia-akademicka.pl\/index.php\/wp-json\/wp\/v2\/types\/product"}],"wp:featuredmedia":[{"embeddable":true,"href":"http:\/\/ksiegarnia-akademicka.pl\/index.php\/wp-json\/wp\/v2\/media\/9989"}],"wp:attachment":[{"href":"http:\/\/ksiegarnia-akademicka.pl\/index.php\/wp-json\/wp\/v2\/media?parent=9988"}],"wp:term":[{"taxonomy":"product_brand","embeddable":true,"href":"http:\/\/ksiegarnia-akademicka.pl\/index.php\/wp-json\/wp\/v2\/product_brand?post=9988"},{"taxonomy":"product_cat","embeddable":true,"href":"http:\/\/ksiegarnia-akademicka.pl\/index.php\/wp-json\/wp\/v2\/product_cat?post=9988"},{"taxonomy":"product_tag","embeddable":true,"href":"http:\/\/ksiegarnia-akademicka.pl\/index.php\/wp-json\/wp\/v2\/product_tag?post=9988"}],"curies":[{"name":"wp","href":"https:\/\/api.w.org\/{rel}","templated":true}]}}