{"id":9957,"date":"2019-01-02T09:39:47","date_gmt":"2019-01-02T08:39:47","guid":{"rendered":"http:\/\/ksiegarnia-akademicka.pl\/?post_type=product&#038;p=9957"},"modified":"2019-01-02T09:39:47","modified_gmt":"2019-01-02T08:39:47","slug":"turbo-pascal-i-borland-c-przyklady","status":"publish","type":"product","link":"http:\/\/ksiegarnia-akademicka.pl\/index.php\/product\/turbo-pascal-i-borland-c-przyklady\/","title":{"rendered":"Turbo Pascal i Borland C++. Przyk\u0142ady"},"content":{"rendered":"<p>Kazimierz Jakubczyk<br \/>\nWydawnictwo: Helion<br \/>\n2006<\/p>\n<p>\u015arodowiska programistyczne Turbo Pascal i Borland C++ mimo swojego wieku nadal s\u0105 powszechnie wykorzystywane podczas nauki podstaw programowania. Oczywi\u015bcie do nauki mo\u017cna r\u00f3wnie\u017c wykorzysta\u0107 dost\u0119pne obecnie doskona\u0142e \u015brodowiska wizualne, lecz podstawy j\u0119zyka \u0142atwiej jest opanowa\u0107, pos\u0142uguj\u0105c si\u0119 prostszym narz\u0119dziem. Turbo Pascal i Borland C++ s\u0105 proste w obs\u0142udze, doskonale udokumentowane i wspaniale nadaj\u0105 si\u0119 do pierwszego kontaktu z programowaniem.<\/p>\n<p>Ksi\u0105\u017cka &#8222;Turbo Pascal i Borland C++. Przyk\u0142ady. Wydanie II&#8221; jest przewodnikiem po metodach rozwi\u0105zywania rzeczywistych problem\u00f3w matematycznych i fizycznych za pomoc\u0105 j\u0119zyk\u00f3w Pascal i C++. Implementacja znanych algorytm\u00f3w jest doskona\u0142ym sposobem nauki programowania, a analiza przyk\u0142ad\u00f3w napisanych zar\u00f3wno w Pascalu, jak i w C++ mo\u017ce okaza\u0107 si\u0119 nieocenion\u0105 pomoc\u0105 dla tych, kt\u00f3rzy opanowali jeden z tych j\u0119zyk\u00f3w i chcieliby opanowa\u0107 drugi.<\/p>\n<p>&#8211; Operacje na liczbach i datach<br \/>\n&#8211; Programowanie grafiki<br \/>\n&#8211; Proste animacje<br \/>\n&#8211; Implementacja list jednokierunkowych<br \/>\n&#8211; Programowanie obiektowe<br \/>\n&#8211; Tworzenie program\u00f3w z wykorzystaniem Windows API<\/p>\n","protected":false},"excerpt":{"rendered":"<p>Kazimierz Jakubczyk Wydawnictwo: Helion 2006 \u015arodowiska programistyczne Turbo Pascal i [&hellip;]<\/p>\n","protected":false},"featured_media":9958,"template":"","meta":[],"product_brand":[],"product_cat":[36],"product_tag":[7754,103,7753],"class_list":{"0":"post-9957","1":"product","2":"type-product","3":"status-publish","4":"has-post-thumbnail","6":"product_cat-informatyka","7":"product_tag-borland-c","8":"product_tag-informatyka","9":"product_tag-turbo-pascal","11":"first","12":"instock","13":"sale","14":"shipping-taxable","15":"purchasable","16":"product-type-simple"},"_links":{"self":[{"href":"http:\/\/ksiegarnia-akademicka.pl\/index.php\/wp-json\/wp\/v2\/product\/9957","targetHints":{"allow":["GET"]}}],"collection":[{"href":"http:\/\/ksiegarnia-akademicka.pl\/index.php\/wp-json\/wp\/v2\/product"}],"about":[{"href":"http:\/\/ksiegarnia-akademicka.pl\/index.php\/wp-json\/wp\/v2\/types\/product"}],"wp:featuredmedia":[{"embeddable":true,"href":"http:\/\/ksiegarnia-akademicka.pl\/index.php\/wp-json\/wp\/v2\/media\/9958"}],"wp:attachment":[{"href":"http:\/\/ksiegarnia-akademicka.pl\/index.php\/wp-json\/wp\/v2\/media?parent=9957"}],"wp:term":[{"taxonomy":"product_brand","embeddable":true,"href":"http:\/\/ksiegarnia-akademicka.pl\/index.php\/wp-json\/wp\/v2\/product_brand?post=9957"},{"taxonomy":"product_cat","embeddable":true,"href":"http:\/\/ksiegarnia-akademicka.pl\/index.php\/wp-json\/wp\/v2\/product_cat?post=9957"},{"taxonomy":"product_tag","embeddable":true,"href":"http:\/\/ksiegarnia-akademicka.pl\/index.php\/wp-json\/wp\/v2\/product_tag?post=9957"}],"curies":[{"name":"wp","href":"https:\/\/api.w.org\/{rel}","templated":true}]}}