{"id":9931,"date":"2018-12-28T11:19:28","date_gmt":"2018-12-28T10:19:28","guid":{"rendered":"http:\/\/ksiegarnia-akademicka.pl\/?post_type=product&#038;p=9931"},"modified":"2024-12-04T13:53:00","modified_gmt":"2024-12-04T12:53:00","slug":"kolizyjne-i-procesowe-aspekty-prawa-rodzinnego","status":"publish","type":"product","link":"http:\/\/ksiegarnia-akademicka.pl\/index.php\/product\/kolizyjne-i-procesowe-aspekty-prawa-rodzinnego\/","title":{"rendered":"Kolizyjne i procesowe aspekty prawa rodzinnego"},"content":{"rendered":"<p>Seria: Inne Rok: 2018<br \/>\nRedakcja: prof. dr hab. Jacek Go\u0142aczy\u0144ski, prof. dr hab. Wojciech Popio\u0142ek<\/p>\n<p>Autor: prof. UwB dr hab Katarzyna Bagan-Kurluta, dr Katarzyna Anna Dada\u0144ska, prof. US dr hab. Kinga Flaga-Gieruszy\u0144ska, prof. dr hab. Bogus\u0142awa Gnela, dr Anna Juryk, dr Agata Kozio\u0142, dr hab. Piotr Mostowik, prof. UKSW dr hab. Jadwiga Pazdan, prof. dr hab. Maksymilian Pazdan, prof. dr hab. Jerzy Pisuli\u0144ski, Ewa Przy\u015bliwska-Urbanek, dr Piotr Rodziewicz, dr Magdalena Skibi\u0144ska, prof. dr hab. Robert Stefanicki, prof. U\u015a dr hab. Andrzej Torbus, dr Paulina Twardoch, dr Marek Zalisko, prof. KAAFM dr hab. Mariusz Za\u0142ucki, dr Jacek Zra\u0142ek<\/p>\n<p>Publikacja dotyczy w\u0119z\u0142owych zagadnie\u0144 norm kolizyjnych prawa rodzinnego, a tak\u017ce mi\u0119dzynarodowego post\u0119powania cywilnego w zakresie prawa rodzinnego. Ma ona na celu pog\u0142\u0119bienie wiedzy na temat problematyki prawa prywatnego mi\u0119dzynarodowego.<\/p>\n<p>\u201eTransgraniczne\u201d problemy stosunk\u00f3w rodzinnych i spadkowych narastaj\u0105, co jest konsekwencj\u0105 zjawiska globalizacji, swobody przep\u0142ywu os\u00f3b m.in. w Unii Europejskiej, proces\u00f3w imigracyjnych i emigracyjnych. Tym istotniejsze staje si\u0119, ze wzgl\u0119d\u00f3w teoretycznych i praktycznych, badanie \u2013 z perspektywy polskiego prawa procesu cywilnego i prawa prywatnego mi\u0119dzynarodowego \u2013 norm prawnych przyjmowanych na poziomie krajowym, europejskim i mi\u0119dzynarodowym, kt\u00f3rych zadaniem jest u\u0142atwienie mieszka\u0144com poszczeg\u00f3lnych pa\u0144stw realizacji ich praw rodzinnych i spadkowych poprzez rozstrzyganie o w\u0142a\u015bciwo\u015bci odpowiednich organ\u00f3w (s\u0105dowych i innych) oraz o w\u0142a\u015bciwo\u015bci prawa. Nie zawsze jasny zakres stosowania tych norm, wyst\u0119puj\u0105ce luki, szczeg\u00f3lne problemy pojawiaj\u0105ce si\u0119 na styku prawa procesowego i kolizyjnego, czy te\u017c na styku miarodajnych statut\u00f3w (np. stosunk\u00f3w maj\u0105tkowych ma\u0142\u017ce\u0144skich i spadkowego) s\u0105 \u017ar\u00f3d\u0142em w\u0105tpliwo\u015bci wymagaj\u0105cych analizy i wyja\u015bnienia. Wychodz\u0105c naprzeciw tym potrzebom, powsta\u0142 zbi\u00f3r opracowa\u0144 dotycz\u0105cych r\u00f3\u017cnych \u2013 w ocenie Autor\u00f3w \u2212 najistotniejszych kolizyjnych i procesowych aspekt\u00f3w prawa rodzinnego.<\/p>\n<p>Wieloaspektowo\u015b\u0107, r\u00f3\u017cnorodno\u015b\u0107 oraz wysoka warto\u015b\u0107 merytoryczna przedstawionych w ksi\u0105\u017cce tre\u015bci z pewno\u015bci\u0105 spotkaj\u0105 si\u0119 z du\u017cym zainteresowaniem.<\/p>\n<p>W publikacji przedstawiono m.in. zagadnienia dotycz\u0105ce:<\/p>\n<p>wsp\u00f3\u0142czesnych wyzwa\u0144 prawa prywatnego mi\u0119dzynarodowego w zakresie prawa rodzinnego;<br \/>\nprawa w\u0142a\u015bciwego dla zawarcia ma\u0142\u017ce\u0144stwa oraz zarejestrowanych zwi\u0105zk\u00f3w partnerskich;<br \/>\nskuteczno\u015bci ma\u0142\u017ce\u0144skiego ustroju maj\u0105tkowego wobec osoby trzeciej w prawie prywatnym mi\u0119dzynarodowym;<br \/>\nprzysposobienia zagranicznego dzieci \u2212 trzy dekady po transformacji ustrojowej;<br \/>\ntestamentu wsp\u00f3lnego ma\u0142\u017ce\u0144stwa \u2013 aspekty kolizyjnoprawne;<br \/>\nwyboru prawa na tle rozporz\u0105dze\u0144 unijnych dotycz\u0105cych stosunk\u00f3w maj\u0105tkowych mi\u0119dzy ma\u0142\u017conkami oraz stronami zarejestrowanego zwi\u0105zku partnerskiego;<br \/>\nznaczenia woli stron dla ustalenia jurysdykcji w sprawach odpowiedzialno\u015bci rodzicielskiej w \u015bwietle prawa UE;<br \/>\nuznawania i wykonywania orzecze\u0144 w sprawach alimentacyjnych;<br \/>\nuznawania i wykonywania orzecze\u0144 w sprawach dotycz\u0105cych odpowiedzialno\u015bci rodzicielskiej.<br \/>\nAutorami publikacji s\u0105 uznani i cenieni w \u015brodowisku przedstawiciele nauki, reprezentanci samorz\u0105d\u00f3w zawodowych oraz praktycy.<\/p>\n<p>Publikacja skierowana jest do praktyk\u00f3w \u2013 adwokat\u00f3w i radc\u00f3w prawnych, s\u0119dzi\u00f3w i prokurator\u00f3w oraz aplikant\u00f3w tych zawod\u00f3w prawniczych,a tak\u017ce przedstawicieli nauki prawa.<\/p>\n","protected":false},"excerpt":{"rendered":"<p>Seria: Inne Rok: 2018 Redakcja: prof. dr hab. Jacek Go\u0142aczy\u0144ski, [&hellip;]<\/p>\n","protected":false},"featured_media":9932,"template":"","meta":[],"product_brand":[],"product_cat":[7491,18],"product_tag":[645],"class_list":{"0":"post-9931","1":"product","2":"type-product","3":"status-publish","4":"has-post-thumbnail","6":"product_cat-cywilne","7":"product_cat-prawo","8":"product_tag-prawo-rodzinne","10":"first","11":"instock","12":"sale","13":"shipping-taxable","14":"purchasable","15":"product-type-simple"},"_links":{"self":[{"href":"http:\/\/ksiegarnia-akademicka.pl\/index.php\/wp-json\/wp\/v2\/product\/9931","targetHints":{"allow":["GET"]}}],"collection":[{"href":"http:\/\/ksiegarnia-akademicka.pl\/index.php\/wp-json\/wp\/v2\/product"}],"about":[{"href":"http:\/\/ksiegarnia-akademicka.pl\/index.php\/wp-json\/wp\/v2\/types\/product"}],"wp:featuredmedia":[{"embeddable":true,"href":"http:\/\/ksiegarnia-akademicka.pl\/index.php\/wp-json\/wp\/v2\/media\/9932"}],"wp:attachment":[{"href":"http:\/\/ksiegarnia-akademicka.pl\/index.php\/wp-json\/wp\/v2\/media?parent=9931"}],"wp:term":[{"taxonomy":"product_brand","embeddable":true,"href":"http:\/\/ksiegarnia-akademicka.pl\/index.php\/wp-json\/wp\/v2\/product_brand?post=9931"},{"taxonomy":"product_cat","embeddable":true,"href":"http:\/\/ksiegarnia-akademicka.pl\/index.php\/wp-json\/wp\/v2\/product_cat?post=9931"},{"taxonomy":"product_tag","embeddable":true,"href":"http:\/\/ksiegarnia-akademicka.pl\/index.php\/wp-json\/wp\/v2\/product_tag?post=9931"}],"curies":[{"name":"wp","href":"https:\/\/api.w.org\/{rel}","templated":true}]}}