{"id":9925,"date":"2018-12-28T11:10:55","date_gmt":"2018-12-28T10:10:55","guid":{"rendered":"http:\/\/ksiegarnia-akademicka.pl\/?post_type=product&#038;p=9925"},"modified":"2024-12-04T13:53:11","modified_gmt":"2024-12-04T12:53:11","slug":"prawo-restrukturyzacyjne-komentarz","status":"publish","type":"product","link":"http:\/\/ksiegarnia-akademicka.pl\/index.php\/product\/prawo-restrukturyzacyjne-komentarz\/","title":{"rendered":"Prawo restrukturyzacyjne. Komentarz"},"content":{"rendered":"<p>Seria: Kr\u00f3tkie Komentarze Becka<br \/>\nWydanie: 2<br \/>\nRok: 2018<br \/>\nAutor: prof. UO dr hab. Rafa\u0142 Adamus<\/p>\n<p>Prawo restrukturyzacyjne. Komentarz stanowi kompleksowe om\u00f3wienieustawy z 15.5.2015 r. \u2013 Prawo restrukturyzacyjne (Dz.U. z 2017 r. poz. 1508 ze zm.). Prawo restrukturyzacyjne wsp\u00f3lnie z Prawem upad\u0142o\u015bciowym stanowi kompleksow\u0105 regulacj\u0119 prawn\u0105, kt\u00f3rej przedmiotem s\u0105 relacje pomi\u0119dzy d\u0142u\u017cnikiem niewyp\u0142acalnym lub zagro\u017conym niewyp\u0142acalno\u015bci\u0105 (w przypadku restrukturyzacji) a jego wierzycielami.<\/p>\n<p>Publikacja pozwoli na zapoznanie si\u0119 z wyk\u0142adni\u0105 przepis\u00f3wnowej ustawy \u2013 Prawo restrukturyzacyjne; przybli\u017cy obowi\u0105zki d\u0142u\u017cnika zagro\u017conego upad\u0142o\u015bci\u0105 przy zawieraniu uk\u0142adu oraz zasadami przeprowadzania dzia\u0142a\u0144 sanacyjnych, zmierzaj\u0105cych do przywr\u00f3cenia d\u0142u\u017cnikowi niewyp\u0142acalnemu lub zagro\u017conemu niewyp\u0142acalno\u015bci\u0105 zdolno\u015bci do wykonywania zobowi\u0105za\u0144.<\/p>\n<p>W komentarzu om\u00f3wiono zagadnienia dotycz\u0105ce:<\/p>\n<p>przepis\u00f3w og\u00f3lnych post\u0119powania restrukturyzacyjnego (m.in. podstawy otwarcia post\u0119powania, plan restrukturyzacyjny, zbieg post\u0119powania restrukturyzacyjnego i upad\u0142o\u015bciowego; kompetencje i spos\u00f3b dzia\u0142ania s\u0105du restrukturyzacyjnego, s\u0119dziego-komisarza oraz organ\u00f3w pozas\u0105dowych: nadzorcy, zarz\u0105dcy i ich zast\u0119pc\u00f3w; a tak\u017ce zagadnienia dotycz\u0105ce: uczestnik\u00f3w post\u0119powania; pomocy publicznej; uk\u0142adu, w tym: propozycji uk\u0142adowych, zatwierdzenia uk\u0142adu, skutk\u00f3w, zmiany oraz uchylenia i wyga\u015bni\u0119cia uk\u0142adu; uk\u0142adu cz\u0119\u015bciowego);<br \/>\nprzepis\u00f3w szczeg\u00f3lnych (m.in. post\u0119powanie o zatwierdzenie uk\u0142adu, przyspieszone post\u0119powanie uk\u0142adowe; post\u0119powanie uk\u0142adowe; post\u0119powanie sanacyjne zmierzaj\u0105ce do przywr\u00f3cenia d\u0142u\u017cnikowi niewyp\u0142acalnemu lub zagro\u017conemu niewyp\u0142acalno\u015bci\u0105 zdolno\u015bci do wykonywania zobowi\u0105za\u0144; zako\u0144czenie i umorzenie post\u0119powania restrukturyzacyjnego oraz uproszczony wniosek o og\u0142oszenie upad\u0142o\u015bci);<br \/>\nmi\u0119dzynarodowego post\u0119powania restrukturyzacyjnego (m.in. wy\u0142\u0105czno\u015b\u0107 jurysdykcji s\u0105d\u00f3w polskich, uprawnienia zagranicznego wierzyciela w post\u0119powaniu restrukturyzacyjnym, om\u00f3wienie mi\u0119dzynarodowej wsp\u00f3\u0142pracy s\u0119dzi\u00f3w-komisarzy, nadzorc\u00f3w s\u0105dowych i zarz\u0105dc\u00f3w);<br \/>\nodr\u0119bnych post\u0119powa\u0144 restrukturyzacyjnych, takich jak: post\u0119powanie restrukturyzacyjne wobec deweloper\u00f3w, post\u0119powanie restrukturyzacyjne wobec emitent\u00f3w obligacji, post\u0119powanie restrukturyzacyjne wobec bank\u00f3w i sp\u00f3\u0142dzielczych kas oszcz\u0119dno\u015bciowo-kredytowych, bank\u00f3w hipotecznych, instytucji kredytowych, bank\u00f3w zagranicznych;<br \/>\nwprowadzenia skutecznych instrument\u00f3w pozwalaj\u0105cych na przeprowadzenie restrukturyzacji przedsi\u0119biorstwa d\u0142u\u017cnika i zapobie\u017cenie jego likwidacji czy zaspokojenie wierzycieli;<br \/>\nprzepis\u00f3w karnych jako dope\u0142nienia zagadnie\u0144 zwi\u0105zanych z restrukturyzacj\u0105, maj\u0105cych na celu ochron\u0119 prawid\u0142owego przebiegu post\u0119powania restrukturyzacyjnego.<br \/>\nKomentarz zawiera najnowsze zmiany legislacyjne jak i projekty ustaw:<\/p>\n<p>ustawa o zmianie ustawy o us\u0142ugach zaufania oraz identyfikacji elektronicznej oraz niekt\u00f3rych innych ustaw, kt\u00f3ra dotyczy m.in. zmiany sformu\u0142owania \u201epodpisu potwierdzonego profilem zaufanym ePUAP na \u201epodpis zaufany\u201d;<br \/>\nustawa o zarz\u0105dzie sukcesyjnym przedsi\u0119biorstwem osoby fizycznej (Dz.U. z 2018 r. poz. 1629), kt\u00f3rej celem jest zapewnienie przedsi\u0119biorcom b\u0119d\u0105cym osobom fizycznym warunk\u00f3w do zachowania ci\u0105g\u0142o\u015bci funkcjonowania. W przypadku \u015bmierci d\u0142u\u017cnika, jego spadkobierca, a je\u017celi ustanowiono zarz\u0105d sukcesyjny &#8211; zarz\u0105dca sukcesyjny, staje si\u0119 uczestnikiem post\u0119powania restrukturyzacyjnego;<br \/>\nustawa o zmianie ustawy o Krajowym Rejestrze S\u0105dowym oraz niekt\u00f3rych innych ustaw (Dz.U. z 2018 r. poz. 398), kt\u00f3ra ujawniania informacje ozaleg\u0142o\u015bciach p\u0142atniczych podmiotu w Centralnym Rejestrze Restrukturyzacji i Upad\u0142o\u015bci;<br \/>\nprojekcie ustawy o zmianie ustawy o licencji doradcy restrukturyzacyjnego, ustawy \u2013 Prawo upad\u0142o\u015bciowe oraz ustawy \u2013 Prawo restrukturyzacyjne, kt\u00f3ry dotyczy m.in. okre\u015blenia kryteri\u00f3w wyznaczania doradc\u00f3w restrukturyzacyjnych do pe\u0142nienia funkcji nadzorcy s\u0105dowego, zarz\u0105dcy albo syndyka w konkretnych post\u0119powaniach oraz wprowadzenia tytu\u0142u kwalifikowanego doradcy restrukturyzacyjnego. Projekt przewiduje r\u00f3wnie\u017c wprowadzenie nadzoru Ministra Sprawiedliwo\u015bci nad doradcami restrukturyzacyjnymi;<br \/>\nrz\u0105dowy projekt ustawy o zmianie ustawy o dowodach osobistych oraz niekt\u00f3rych innych ustaw (Druk sejmowy Nr 2789), kt\u00f3ry zmienia sformu\u0142owanie \u201ealbo podpisem zaufanym\u201d na \u201epodpisem zaufanym albo podpisem osobistym\u201d;<br \/>\nrz\u0105dowy projekt ustawy o Krajowym Rejestrze S\u0105dowym (Druk sejmowy Nr 2637), kt\u00f3ry przewiduje du\u017ce zmiany m.in. w zakresie sprecyzowania zakresu danych, kt\u00f3re powinny by\u0107 zawarte we wniosku restrukturyzacyjnym oraz wpostanowieniach s\u0105du restrukturyzacyjnego;<br \/>\nprojekt ustawy o zmianie ustawy \u2013 Prawo upad\u0142o\u015bciowe oraz niekt\u00f3rych innych ustaw (Nr z wykazu prac legislacyjnych UD357), kt\u00f3ry przewiduje du\u017c\u0105 zmian\u0119, m.in. w celu usprawnienia nadmiernego zad\u0142u\u017cenia poprzez wprowadzenie mo\u017cliwo\u015bci zawierania przez d\u0142u\u017cnik\u00f3w uk\u0142ad\u00f3w z wierzycielami poza s\u0105dem, z udzia\u0142em licencyjnego doradcy restrukturyzacyjnego, kt\u00f3ry ma jednocze\u015bnie czuwa\u0107 nad wykonaniem tzw. uk\u0142adu.<br \/>\nKomentarz przeznaczony jest dla szerokiego kr\u0119gu odbiorc\u00f3w. Skierowany jest przede wszystkim do praktyk\u00f3w prawa: adwokat\u00f3w, radc\u00f3w prawnych, s\u0119dzi\u00f3w, syndyk\u00f3w, zarz\u0105dc\u00f3w, nadzorc\u00f3w s\u0105dowych, nadzorc\u00f3w uk\u0142adu, komornik\u00f3w, notariuszy, bieg\u0142ych s\u0105dowych, kt\u00f3rym przyjdzie si\u0119 zmierzy\u0107 w pracy zawodowej z t\u0105 tematyk\u0105. B\u0119dzie on u\u017cyteczny tak\u017ce dla student\u00f3w i absolwent\u00f3w studi\u00f3w prawniczych, aplikant\u00f3w adwokackich, radcowskich, s\u0105dowych, notarialnych oraz prokuratorskich. Komentarz mo\u017ce by\u0107 u\u017cyteczny tak\u017ce dla d\u0142u\u017cnik\u00f3w i wierzycieli.<\/p>\n","protected":false},"excerpt":{"rendered":"<p>Seria: Kr\u00f3tkie Komentarze Becka Wydanie: 2 Rok: 2018 Autor: prof. [&hellip;]<\/p>\n","protected":false},"featured_media":9926,"template":"","meta":[],"product_brand":[],"product_cat":[7495,18],"product_tag":[709,7712,5166],"class_list":{"0":"post-9925","1":"product","2":"type-product","3":"status-publish","4":"has-post-thumbnail","6":"product_cat-gospodarcze-i-handlowe","7":"product_cat-prawo","8":"product_tag-prawo-gospodarcze-i-handlowe","9":"product_tag-prawo-restrukturyzacyjne","10":"product_tag-seria-krotkie-komentarze-becka","12":"first","13":"instock","14":"sale","15":"shipping-taxable","16":"purchasable","17":"product-type-simple"},"_links":{"self":[{"href":"http:\/\/ksiegarnia-akademicka.pl\/index.php\/wp-json\/wp\/v2\/product\/9925","targetHints":{"allow":["GET"]}}],"collection":[{"href":"http:\/\/ksiegarnia-akademicka.pl\/index.php\/wp-json\/wp\/v2\/product"}],"about":[{"href":"http:\/\/ksiegarnia-akademicka.pl\/index.php\/wp-json\/wp\/v2\/types\/product"}],"wp:featuredmedia":[{"embeddable":true,"href":"http:\/\/ksiegarnia-akademicka.pl\/index.php\/wp-json\/wp\/v2\/media\/9926"}],"wp:attachment":[{"href":"http:\/\/ksiegarnia-akademicka.pl\/index.php\/wp-json\/wp\/v2\/media?parent=9925"}],"wp:term":[{"taxonomy":"product_brand","embeddable":true,"href":"http:\/\/ksiegarnia-akademicka.pl\/index.php\/wp-json\/wp\/v2\/product_brand?post=9925"},{"taxonomy":"product_cat","embeddable":true,"href":"http:\/\/ksiegarnia-akademicka.pl\/index.php\/wp-json\/wp\/v2\/product_cat?post=9925"},{"taxonomy":"product_tag","embeddable":true,"href":"http:\/\/ksiegarnia-akademicka.pl\/index.php\/wp-json\/wp\/v2\/product_tag?post=9925"}],"curies":[{"name":"wp","href":"https:\/\/api.w.org\/{rel}","templated":true}]}}