{"id":986,"date":"2018-05-22T12:42:36","date_gmt":"2018-05-22T10:42:36","guid":{"rendered":"http:\/\/ksiegarnia-akademicka.pl\/index.php\/product\/przebieg-procesu-karnego\/"},"modified":"2018-12-11T15:01:54","modified_gmt":"2018-12-11T14:01:54","slug":"przebieg-procesu-karnego","status":"publish","type":"product","link":"http:\/\/ksiegarnia-akademicka.pl\/index.php\/product\/przebieg-procesu-karnego\/","title":{"rendered":"Dynamika procesu karnego Podr\u0119cznik do konwersatori\u00f3w"},"content":{"rendered":"<p>Nale\u017cy do serii:<br \/>\nSERIA AKADEMICKA<br \/>\nRedakcja: Gerecka-\u017bo\u0142y\u0144ska Anna, Karlik Piotr<br \/>\nWydawca: Wolters Kluwer<br \/>\nOprawa: Mi\u0119kka<br \/>\nFormat: 17.0&#215;23.7<br \/>\nLiczba stron: 192<br \/>\nWydanie: 2<br \/>\nRok wydania: 2017<\/p>\n<p>Publikacja stanowi praktyczny niezb\u0119dnik dla os\u00f3b przygotowuj\u0105cych si\u0119 do egzaminu z post\u0119powania karnego lub innych egzamin\u00f3w zawodowych.<br \/>\nOpracowanie zawiera:<br \/>\n&#8211; 100 kazus\u00f3w przygotowanych na podstawie rzeczywistych problem\u00f3w prawnych, kt\u00f3re pojawi\u0142y si\u0119 albo w praktyce zawodowej autor\u00f3w albo w orzecznictwie s\u0105d\u00f3w powszechnych i &#8211; S\u0105du Najwy\u017cszego.<br \/>\n&#8211; blisko 50 schemat\u00f3w,<br \/>\n&#8211; ponad 120 definicji poj\u0119\u0107,<br \/>\n&#8211; orzecznictwo oraz literatur\u0119.<br \/>\nW publikacji uwzgl\u0119dniono najnowsze zmiany w procedurze karnej m.in. dotycz\u0105ce<br \/>\njawno\u015bci rozprawy g\u0142\u00f3wnej.<br \/>\nAutorzy:<br \/>\nAutorzy ksi\u0105\u017cki s\u0105 w wi\u0119kszo\u015bci pracownikami naukowymi Katedry post\u0119powania karnego oraz doktorantami, kt\u00f3rzy maj\u0105 wieloletnie do\u015bwiadczenie dydaktyczne. Kazusy zawarte w ksi\u0105\u017cce zosta\u0142y przygotowane z uwzgl\u0119dnieniem do\u015bwiadczenia zdobytego w trakcie prowadzenia konwersatori\u00f3w.<\/p>\n","protected":false},"excerpt":{"rendered":"<p>Nale\u017cy do serii: SERIA AKADEMICKA Redakcja: Gerecka-\u017bo\u0142y\u0144ska Anna, Karlik Piotr [&hellip;]<\/p>\n","protected":false},"featured_media":9430,"template":"","meta":[],"product_brand":[],"product_cat":[7490,18],"product_tag":[331,296,314,330],"class_list":{"0":"post-986","1":"product","2":"type-product","3":"status-publish","4":"has-post-thumbnail","6":"product_cat-karne","7":"product_cat-prawo","8":"product_tag-postepowanie-karne","9":"product_tag-prawo-karne","10":"product_tag-proces-karny","11":"product_tag-seria-akademicka","13":"first","14":"instock","15":"sale","16":"shipping-taxable","17":"purchasable","18":"product-type-simple"},"_links":{"self":[{"href":"http:\/\/ksiegarnia-akademicka.pl\/index.php\/wp-json\/wp\/v2\/product\/986","targetHints":{"allow":["GET"]}}],"collection":[{"href":"http:\/\/ksiegarnia-akademicka.pl\/index.php\/wp-json\/wp\/v2\/product"}],"about":[{"href":"http:\/\/ksiegarnia-akademicka.pl\/index.php\/wp-json\/wp\/v2\/types\/product"}],"wp:featuredmedia":[{"embeddable":true,"href":"http:\/\/ksiegarnia-akademicka.pl\/index.php\/wp-json\/wp\/v2\/media\/9430"}],"wp:attachment":[{"href":"http:\/\/ksiegarnia-akademicka.pl\/index.php\/wp-json\/wp\/v2\/media?parent=986"}],"wp:term":[{"taxonomy":"product_brand","embeddable":true,"href":"http:\/\/ksiegarnia-akademicka.pl\/index.php\/wp-json\/wp\/v2\/product_brand?post=986"},{"taxonomy":"product_cat","embeddable":true,"href":"http:\/\/ksiegarnia-akademicka.pl\/index.php\/wp-json\/wp\/v2\/product_cat?post=986"},{"taxonomy":"product_tag","embeddable":true,"href":"http:\/\/ksiegarnia-akademicka.pl\/index.php\/wp-json\/wp\/v2\/product_tag?post=986"}],"curies":[{"name":"wp","href":"https:\/\/api.w.org\/{rel}","templated":true}]}}