{"id":9857,"date":"2018-12-20T09:13:20","date_gmt":"2018-12-20T08:13:20","guid":{"rendered":"http:\/\/ksiegarnia-akademicka.pl\/?post_type=product&#038;p=9857"},"modified":"2018-12-20T09:13:20","modified_gmt":"2018-12-20T08:13:20","slug":"daf-kompakt-a2-intensivtrainer","status":"publish","type":"product","link":"http:\/\/ksiegarnia-akademicka.pl\/index.php\/product\/daf-kompakt-a2-intensivtrainer\/","title":{"rendered":"DaF kompakt A2 Intensivtrainer"},"content":{"rendered":"<p>Autor:<br \/>\nMargit Doubek<br \/>\nBrigit Braun<br \/>\nWydawca: LektorKlett<br \/>\nOprawa: Mi\u0119kka<br \/>\nFormat: 21.0&#215;28.0cm<br \/>\nLiczba stron: 88<br \/>\nRok wydania: 2016<\/p>\n<p>DaF kompakt:<\/p>\n<p>&#8211; prowadzi do poziomu B1 w ci\u0105gu oko\u0142o 450 godzin lekcyjnych,<br \/>\n&#8211; przygotowuje do komunikacji w realnych sytuacjach \u017cycia codziennego,<br \/>\n&#8211; dostarcza szeregu pomys\u0142\u00f3w do zada\u0144 projektowych,<br \/>\n&#8211; przygotowuje efektywnie do egzamin\u00f3w Start Deutsch 1 i 2 oraz Zertifikat Deutsch,<br \/>\n&#8211; oferuje intensywny trening fonetyczny.<\/p>\n","protected":false},"excerpt":{"rendered":"<p>Autor: Margit Doubek Brigit Braun Wydawca: LektorKlett Oprawa: Mi\u0119kka Format: [&hellip;]<\/p>\n","protected":false},"featured_media":9858,"template":"","meta":[],"product_brand":[],"product_cat":[37],"product_tag":[3619,347,7748],"class_list":{"0":"post-9857","1":"product","2":"type-product","3":"status-publish","4":"has-post-thumbnail","6":"product_cat-jezyki-obce","7":"product_tag-jezyk-niemiecki","8":"product_tag-podrecznik","9":"product_tag-seria-daf-kompakt","11":"first","12":"instock","13":"sale","14":"shipping-taxable","15":"purchasable","16":"product-type-simple"},"_links":{"self":[{"href":"http:\/\/ksiegarnia-akademicka.pl\/index.php\/wp-json\/wp\/v2\/product\/9857","targetHints":{"allow":["GET"]}}],"collection":[{"href":"http:\/\/ksiegarnia-akademicka.pl\/index.php\/wp-json\/wp\/v2\/product"}],"about":[{"href":"http:\/\/ksiegarnia-akademicka.pl\/index.php\/wp-json\/wp\/v2\/types\/product"}],"wp:featuredmedia":[{"embeddable":true,"href":"http:\/\/ksiegarnia-akademicka.pl\/index.php\/wp-json\/wp\/v2\/media\/9858"}],"wp:attachment":[{"href":"http:\/\/ksiegarnia-akademicka.pl\/index.php\/wp-json\/wp\/v2\/media?parent=9857"}],"wp:term":[{"taxonomy":"product_brand","embeddable":true,"href":"http:\/\/ksiegarnia-akademicka.pl\/index.php\/wp-json\/wp\/v2\/product_brand?post=9857"},{"taxonomy":"product_cat","embeddable":true,"href":"http:\/\/ksiegarnia-akademicka.pl\/index.php\/wp-json\/wp\/v2\/product_cat?post=9857"},{"taxonomy":"product_tag","embeddable":true,"href":"http:\/\/ksiegarnia-akademicka.pl\/index.php\/wp-json\/wp\/v2\/product_tag?post=9857"}],"curies":[{"name":"wp","href":"https:\/\/api.w.org\/{rel}","templated":true}]}}