{"id":98,"date":"2018-05-22T12:40:46","date_gmt":"2018-05-22T10:40:46","guid":{"rendered":"http:\/\/ksiegarnia-akademicka.pl\/index.php\/product\/socjologia-pracy\/"},"modified":"2026-02-06T10:19:23","modified_gmt":"2026-02-06T09:19:23","slug":"socjologia-pracy","status":"publish","type":"product","link":"http:\/\/ksiegarnia-akademicka.pl\/index.php\/product\/socjologia-pracy\/","title":{"rendered":"Socjologia pracy"},"content":{"rendered":"<p>Trzeciak Mieczys\u0142aw<br \/>\nWydawnictwo Politechniki Radomskiej<br \/>\nRadom 2005<br \/>\nISBN 83-7351-046-X<\/p>\n<p>Spis tre\u015bci:<br \/>\nI. Rola socjologii pracy<br \/>\n1. Uwagi o przedmiocie zainteresowa\u0144,<br \/>\n2. Praca dla dobrobytu,<br \/>\n3. Dzia\u0142y badawcze socjologii pracy,<br \/>\n4. Praca konkretna,<br \/>\n5. Psychospo\u0142eczne aspekty pracy,<br \/>\n6. Tendencje spo\u0142ecznego podzia\u0142u pracy,<br \/>\n7. Procesy automatyzacji,<br \/>\n8. Robotyzacja,<br \/>\n9. Droga do zawodu,<br \/>\n10. Grupy zawodowe,<br \/>\n11. Ruchliwo\u015b\u0107 spo\u0142eczna,<br \/>\n12. Wyzwania megatrend\u00f3w.<br \/>\nII. Rozw\u00f3j przedsi\u0119biorstwa przemys\u0142owego<br \/>\n1. Definicja przedsi\u0119biorstwa,<br \/>\n2. Oddzia\u0142ywanie \u015brodowiska zewn\u0119trznego,<br \/>\n3. Doskonalenie organizacji wewn\u0119trznej,<br \/>\n4. Podstawy wobec przedsi\u0119biorstwa,<br \/>\n5. Stosunki mi\u0119dzyludzkie,<br \/>\n6. Kariery pracownicze,<br \/>\n7. Problemy adaptacji,<br \/>\n8. Fluktuacja kadr,<br \/>\n9. System spo\u0142eczno-zawodowy,<br \/>\n10. Procesy integracyjne,<br \/>\n11. Style zarz\u0105dzania i przyw\u00f3dztwo,<br \/>\n12. Socjotechnika pracy,<br \/>\nIII. Socjologiczne aspekty zespo\u0142u pracowniczego<br \/>\n1. Uwagi o ma\u0142ych grupach,<br \/>\n2. Wielko\u015b\u0107 i konsolidacja zespo\u0142u,<br \/>\n3. Zadania i warunki pracy,<br \/>\n4. Wzbogacanie pracy,<br \/>\n5. Konflikty i wi\u0119zi,<br \/>\n6. Dokonywanie zmian osobowych,<br \/>\n7. Stabilizacja i rozw\u00f3j zespo\u0142u,<br \/>\n8. Rola kierownika zespo\u0142u pracowniczego,<br \/>\n9. Kontrola i samokontrola.<\/p>\n","protected":false},"excerpt":{"rendered":"<p>Trzeciak Mieczys\u0142aw Wydawnictwo Politechniki Radomskiej Radom 2005 ISBN 83-7351-046-X Spis [&hellip;]<\/p>\n","protected":false},"featured_media":10226,"template":"","meta":[],"product_brand":[],"product_cat":[7529,27,7508,43],"product_tag":[246,245],"class_list":{"0":"post-98","1":"product","2":"type-product","3":"status-publish","4":"has-post-thumbnail","6":"product_cat-inne","7":"product_cat-nauki-spoleczne","8":"product_cat-socjologia","9":"product_cat-wydawnictwo-uth","10":"product_tag-socjologia","11":"product_tag-socjologia-pracy","13":"first","14":"instock","15":"sale","16":"shipping-taxable","17":"purchasable","18":"product-type-simple"},"_links":{"self":[{"href":"http:\/\/ksiegarnia-akademicka.pl\/index.php\/wp-json\/wp\/v2\/product\/98","targetHints":{"allow":["GET"]}}],"collection":[{"href":"http:\/\/ksiegarnia-akademicka.pl\/index.php\/wp-json\/wp\/v2\/product"}],"about":[{"href":"http:\/\/ksiegarnia-akademicka.pl\/index.php\/wp-json\/wp\/v2\/types\/product"}],"wp:featuredmedia":[{"embeddable":true,"href":"http:\/\/ksiegarnia-akademicka.pl\/index.php\/wp-json\/wp\/v2\/media\/10226"}],"wp:attachment":[{"href":"http:\/\/ksiegarnia-akademicka.pl\/index.php\/wp-json\/wp\/v2\/media?parent=98"}],"wp:term":[{"taxonomy":"product_brand","embeddable":true,"href":"http:\/\/ksiegarnia-akademicka.pl\/index.php\/wp-json\/wp\/v2\/product_brand?post=98"},{"taxonomy":"product_cat","embeddable":true,"href":"http:\/\/ksiegarnia-akademicka.pl\/index.php\/wp-json\/wp\/v2\/product_cat?post=98"},{"taxonomy":"product_tag","embeddable":true,"href":"http:\/\/ksiegarnia-akademicka.pl\/index.php\/wp-json\/wp\/v2\/product_tag?post=98"}],"curies":[{"name":"wp","href":"https:\/\/api.w.org\/{rel}","templated":true}]}}