{"id":9784,"date":"2018-12-17T12:25:57","date_gmt":"2018-12-17T11:25:57","guid":{"rendered":"http:\/\/ksiegarnia-akademicka.pl\/?post_type=product&#038;p=9784"},"modified":"2026-01-12T12:11:26","modified_gmt":"2026-01-12T11:11:26","slug":"ilustrowane-prawo-autorskie","status":"publish","type":"product","link":"http:\/\/ksiegarnia-akademicka.pl\/index.php\/product\/ilustrowane-prawo-autorskie\/","title":{"rendered":"Ilustrowane prawo autorskie"},"content":{"rendered":"<p>Autor:<br \/>\nRyszard Markiewicz<br \/>\nWydawca: Wolters Kluwer<br \/>\nOprawa: Twarda<br \/>\nFormat: 17.0&#215;24.5cm<br \/>\nLiczba stron: 616<br \/>\nWydanie: 1<br \/>\nRok wydania: 2018<\/p>\n<p>Ilustrowane prawo autorskie to przewodnik po wsp\u00f3\u0142czesnym polskim i europejskim prawie autorskim. Nowatorsko\u015b\u0107 tej ksi\u0105\u017cki polega na wykorzystaniu obszernego materia\u0142u ilustracyjnego, kt\u00f3ry u\u0142atwia zrozumienie problem\u00f3w prawa autorskiego oraz \u015bledzenie rozumowa\u0144 z orzecze\u0144 s\u0105dowych. Nowym podej\u015bciem jest tak\u017ce wyodr\u0119bnienie tzw. zagadnie\u0144 spornych \u2013 zamieszczanych obok cz\u0119\u015bci podstawowych. Dzi\u0119ki temu ksi\u0105\u017cka jest przeznaczona zar\u00f3wno dla student\u00f3w, wydawc\u00f3w, dziennikarzy, tw\u00f3rc\u00f3w reklam, producent\u00f3w filmowych i telewizyjnych, jak i dla os\u00f3b zawodowo zajmuj\u0105cych si\u0119 prawem autorskim.<\/p>\n","protected":false},"excerpt":{"rendered":"<p>Autor: Ryszard Markiewicz Wydawca: Wolters Kluwer Oprawa: Twarda Format: 17.0&#215;24.5cm [&hellip;]<\/p>\n","protected":false},"featured_media":9785,"template":"","meta":[],"product_brand":[],"product_cat":[7491,7495,18],"product_tag":[1016,5807],"class_list":{"0":"post-9784","1":"product","2":"type-product","3":"status-publish","4":"has-post-thumbnail","6":"product_cat-cywilne","7":"product_cat-gospodarcze-i-handlowe","8":"product_cat-prawo","9":"product_tag-prawo-autorskie","10":"product_tag-prawo-patentowe","12":"first","13":"outofstock","14":"sale","15":"shipping-taxable","16":"purchasable","17":"product-type-simple"},"_links":{"self":[{"href":"http:\/\/ksiegarnia-akademicka.pl\/index.php\/wp-json\/wp\/v2\/product\/9784","targetHints":{"allow":["GET"]}}],"collection":[{"href":"http:\/\/ksiegarnia-akademicka.pl\/index.php\/wp-json\/wp\/v2\/product"}],"about":[{"href":"http:\/\/ksiegarnia-akademicka.pl\/index.php\/wp-json\/wp\/v2\/types\/product"}],"wp:featuredmedia":[{"embeddable":true,"href":"http:\/\/ksiegarnia-akademicka.pl\/index.php\/wp-json\/wp\/v2\/media\/9785"}],"wp:attachment":[{"href":"http:\/\/ksiegarnia-akademicka.pl\/index.php\/wp-json\/wp\/v2\/media?parent=9784"}],"wp:term":[{"taxonomy":"product_brand","embeddable":true,"href":"http:\/\/ksiegarnia-akademicka.pl\/index.php\/wp-json\/wp\/v2\/product_brand?post=9784"},{"taxonomy":"product_cat","embeddable":true,"href":"http:\/\/ksiegarnia-akademicka.pl\/index.php\/wp-json\/wp\/v2\/product_cat?post=9784"},{"taxonomy":"product_tag","embeddable":true,"href":"http:\/\/ksiegarnia-akademicka.pl\/index.php\/wp-json\/wp\/v2\/product_tag?post=9784"}],"curies":[{"name":"wp","href":"https:\/\/api.w.org\/{rel}","templated":true}]}}