{"id":9782,"date":"2018-12-17T12:23:34","date_gmt":"2018-12-17T11:23:34","guid":{"rendered":"http:\/\/ksiegarnia-akademicka.pl\/?post_type=product&#038;p=9782"},"modified":"2018-12-17T12:23:35","modified_gmt":"2018-12-17T11:23:35","slug":"prawo-autorskie-wzory-umow-z-komentarzem","status":"publish","type":"product","link":"http:\/\/ksiegarnia-akademicka.pl\/index.php\/product\/prawo-autorskie-wzory-umow-z-komentarzem\/","title":{"rendered":"Prawo autorskie Wzory um\u00f3w z komentarzem"},"content":{"rendered":"<p>Autor:<br \/>\nPiotr \u015al\u0119zak<br \/>\nWydawca: Wolters Kluwer<br \/>\nOprawa: Twarda<br \/>\nFormat: 17.1&#215;24.6<br \/>\nLiczba stron: 568<br \/>\nRok wydania: 2018<\/p>\n<p>Publikacja przedstawia wzory um\u00f3w z zakresu prawa autorskiego z komentarzami oraz og\u00f3lne zasady ich zawierania.<br \/>\nJej trzecie wydanie zosta\u0142o rozszerzone o dwa nowe rozdzia\u0142y obejmuj\u0105ce umowy w zakresie sztuk scenicznych oraz architektury, a tak\u017ce nowe umowy:<br \/>\n&#8211; wydawnicz\u0105 dotycz\u0105c\u0105 e-book\u00f3w,<br \/>\n&#8211; o konwersj\u0119 zawarto\u015bci w formacie cyfrowym,<br \/>\n&#8211; merchandisingu.<br \/>\nW opracowaniu znajduj\u0105 si\u0119 r\u00f3wnie\u017c wzory um\u00f3w:<br \/>\n&#8211; o stworzenie utworu muzycznego,<br \/>\n&#8211; o wykonanie koncertu,<br \/>\n&#8211; o sfilmowanie utworu literackiego,<br \/>\n&#8211; mi\u0119dzy producentem a autorem scenariusza,<br \/>\n&#8211; z ilustratorem,<br \/>\n&#8211; z t\u0142umaczem,<br \/>\n&#8211; o rejestracj\u0119 i utrzymanie domeny internetowej,<br \/>\n&#8211; o wystawienie dramatu.<\/p>\n","protected":false},"excerpt":{"rendered":"<p>Autor: Piotr \u015al\u0119zak Wydawca: Wolters Kluwer Oprawa: Twarda Format: 17.1&#215;24.6 [&hellip;]<\/p>\n","protected":false},"featured_media":9783,"template":"","meta":[],"product_brand":[],"product_cat":[7491,7495,18],"product_tag":[1016,5341],"class_list":{"0":"post-9782","1":"product","2":"type-product","3":"status-publish","4":"has-post-thumbnail","6":"product_cat-cywilne","7":"product_cat-gospodarcze-i-handlowe","8":"product_cat-prawo","9":"product_tag-prawo-autorskie","10":"product_tag-seria-wzory-pism","12":"first","13":"instock","14":"sale","15":"shipping-taxable","16":"purchasable","17":"product-type-simple"},"_links":{"self":[{"href":"http:\/\/ksiegarnia-akademicka.pl\/index.php\/wp-json\/wp\/v2\/product\/9782","targetHints":{"allow":["GET"]}}],"collection":[{"href":"http:\/\/ksiegarnia-akademicka.pl\/index.php\/wp-json\/wp\/v2\/product"}],"about":[{"href":"http:\/\/ksiegarnia-akademicka.pl\/index.php\/wp-json\/wp\/v2\/types\/product"}],"wp:featuredmedia":[{"embeddable":true,"href":"http:\/\/ksiegarnia-akademicka.pl\/index.php\/wp-json\/wp\/v2\/media\/9783"}],"wp:attachment":[{"href":"http:\/\/ksiegarnia-akademicka.pl\/index.php\/wp-json\/wp\/v2\/media?parent=9782"}],"wp:term":[{"taxonomy":"product_brand","embeddable":true,"href":"http:\/\/ksiegarnia-akademicka.pl\/index.php\/wp-json\/wp\/v2\/product_brand?post=9782"},{"taxonomy":"product_cat","embeddable":true,"href":"http:\/\/ksiegarnia-akademicka.pl\/index.php\/wp-json\/wp\/v2\/product_cat?post=9782"},{"taxonomy":"product_tag","embeddable":true,"href":"http:\/\/ksiegarnia-akademicka.pl\/index.php\/wp-json\/wp\/v2\/product_tag?post=9782"}],"curies":[{"name":"wp","href":"https:\/\/api.w.org\/{rel}","templated":true}]}}