{"id":9684,"date":"2018-12-15T08:54:10","date_gmt":"2018-12-15T07:54:10","guid":{"rendered":"http:\/\/ksiegarnia-akademicka.pl\/?post_type=product&#038;p=9684"},"modified":"2018-12-15T08:54:10","modified_gmt":"2018-12-15T07:54:10","slug":"italia-do-zjedzenia","status":"publish","type":"product","link":"http:\/\/ksiegarnia-akademicka.pl\/index.php\/product\/italia-do-zjedzenia\/","title":{"rendered":"Italia do zjedzenia"},"content":{"rendered":"<p>Autor:<br \/>\nBartek Kie\u017cun<br \/>\nWydawca: Buchmann<br \/>\nOprawa: Twarda<br \/>\nFormat: 21.5&#215;27.5cm<br \/>\nLiczba stron: 304<br \/>\nRok wydania: 2018<\/p>\n<p>Nowe, rozszerzone wydanie bestsellerowej ksi\u0105\u017cki Bartka Kie\u017cuna, znanego w blogosferze jako Krakowski Makaroniarz. Italia do zjedzenia zosta\u0142a nagrodzona Nagrod\u0105 Magellana 2018, za najlepszy przewodnik kulinarny roku.<\/p>\n<p>Italia do zjedzenia jest to wyj\u0105tkowym po\u0142\u0105czeniem ksi\u0105\u017cki kulinarnej i subiektywnego przewodnika po W\u0142oszech. W \u015brodku znajdziemy histori\u0119 kuchni i sztuki opatrzon\u0105 zdj\u0119ciami z licznych podr\u00f3\u017cy autora do Italii.<\/p>\n<p>\u201eMoja ksi\u0105\u017cka jest efektem wielu lat podr\u00f3\u017cy do W\u0142och i zdobywania wiedzy o kulinariach i w\u0142oskiej sztuce, kt\u00f3r\u0105 uwielbiam tak samo jak w\u0142oskie jedzenie. Mo\u017ce by\u0107 po prostu ksi\u0105\u017ck\u0105 kucharsk\u0105, ale mo\u017ce te\u017c by\u0107 przewodnikiem po r\u00f3\u017cnych zak\u0105tkach Italii. Mo\u017cna w niej znale\u017a\u0107 nieco anegdot o w\u0142oskiej historii, o tym jakie dzieje maj\u0105 za sob\u0105 s\u0142ynne dania kuchni w\u0142oskiej. Wszystko po to, by zrozumie\u0107 jak z wielkim, nie tylko kulinarnym dziedzictwem, mamy do czynienia na p\u00f3\u0142wyspie Apeni\u0144skim.\u201c<\/p>\n<p>Bartek Kie\u017cun<\/p>\n","protected":false},"excerpt":{"rendered":"<p>Autor: Bartek Kie\u017cun Wydawca: Buchmann Oprawa: Twarda Format: 21.5&#215;27.5cm Liczba [&hellip;]<\/p>\n","protected":false},"featured_media":9685,"template":"","meta":[],"product_brand":[],"product_cat":[7707],"product_tag":[7732,7733],"class_list":{"0":"post-9684","1":"product","2":"type-product","3":"status-publish","4":"has-post-thumbnail","6":"product_cat-literatura","7":"product_tag-kuchnia-regionalna","8":"product_tag-wlochy","10":"first","11":"instock","12":"sale","13":"shipping-taxable","14":"purchasable","15":"product-type-simple"},"_links":{"self":[{"href":"http:\/\/ksiegarnia-akademicka.pl\/index.php\/wp-json\/wp\/v2\/product\/9684","targetHints":{"allow":["GET"]}}],"collection":[{"href":"http:\/\/ksiegarnia-akademicka.pl\/index.php\/wp-json\/wp\/v2\/product"}],"about":[{"href":"http:\/\/ksiegarnia-akademicka.pl\/index.php\/wp-json\/wp\/v2\/types\/product"}],"wp:featuredmedia":[{"embeddable":true,"href":"http:\/\/ksiegarnia-akademicka.pl\/index.php\/wp-json\/wp\/v2\/media\/9685"}],"wp:attachment":[{"href":"http:\/\/ksiegarnia-akademicka.pl\/index.php\/wp-json\/wp\/v2\/media?parent=9684"}],"wp:term":[{"taxonomy":"product_brand","embeddable":true,"href":"http:\/\/ksiegarnia-akademicka.pl\/index.php\/wp-json\/wp\/v2\/product_brand?post=9684"},{"taxonomy":"product_cat","embeddable":true,"href":"http:\/\/ksiegarnia-akademicka.pl\/index.php\/wp-json\/wp\/v2\/product_cat?post=9684"},{"taxonomy":"product_tag","embeddable":true,"href":"http:\/\/ksiegarnia-akademicka.pl\/index.php\/wp-json\/wp\/v2\/product_tag?post=9684"}],"curies":[{"name":"wp","href":"https:\/\/api.w.org\/{rel}","templated":true}]}}