{"id":9622,"date":"2018-12-14T11:48:01","date_gmt":"2018-12-14T10:48:01","guid":{"rendered":"http:\/\/ksiegarnia-akademicka.pl\/?post_type=product&#038;p=9622"},"modified":"2018-12-14T11:48:01","modified_gmt":"2018-12-14T10:48:01","slug":"traktat-o-unii-europejskiej-traktat-o-funkcjonowaniu-unii-europejskiej","status":"publish","type":"product","link":"http:\/\/ksiegarnia-akademicka.pl\/index.php\/product\/traktat-o-unii-europejskiej-traktat-o-funkcjonowaniu-unii-europejskiej\/","title":{"rendered":"Traktat o Unii Europejskiej Traktat o funkcjonowaniu Unii Europejskiej"},"content":{"rendered":"<p>Wydawca: Wolters Kluwer<br \/>\nOprawa: Mi\u0119kka<br \/>\nFormat: 12.0&#215;16.5cm<br \/>\nLiczba stron: 452<br \/>\nWydanie: 4<br \/>\nRok wydania: 2018<\/p>\n<p>Publikacja zawiera przepisy Traktatu o Unii Europejskiej i Traktatu o funkcjonowaniu Unii Europejskiej, wraz ze wszystkimi protoko\u0142ami, za\u0142\u0105cznikami i deklaracjami oraz tabelami ekwiwalencyjnymi, a tak\u017ce tekst Karty praw podstawowych Unii Europejskiej.<br \/>\nW zbiorze uwzgl\u0119dniono w szczeg\u00f3lno\u015bci ostatnie zmieniaj\u0105ce traktaty rozporz\u0105dzenia Parlamentu Europejskiego i Rady (UE, Euratom):<br \/>\n\u2013 2015\/2422 z 16 grudnia 2015 r. zmieniaj\u0105ce Protok\u00f3\u0142 nr 3 w sprawie Statutu Trybuna\u0142u Sprawiedliwo\u015bci Unii Europejskiej,<br \/>\n\u2013 2016\/1192 z 6 lipca 2016 r. w sprawie przekazania S\u0105dowi w\u0142a\u015bciwo\u015bci do rozpoznawania w pierwszej instancji spor\u00f3w mi\u0119dzy Uni\u0105 Europejsk\u0105 a jej pracownikami.<br \/>\nKsi\u0105\u017cka jest skierowana do prawnik\u00f3w praktyk\u00f3w, jak r\u00f3wnie\u017c do os\u00f3b przygotowuj\u0105cych si\u0119 do wszelkiego rodzaju egzamin\u00f3w prawniczych.<\/p>\n","protected":false},"excerpt":{"rendered":"<p>Wydawca: Wolters Kluwer Oprawa: Mi\u0119kka Format: 12.0&#215;16.5cm Liczba stron: 452 [&hellip;]<\/p>\n","protected":false},"featured_media":9623,"template":"","meta":[],"product_brand":[],"product_cat":[25],"product_tag":[1100,6257,250],"class_list":{"0":"post-9622","1":"product","2":"type-product","3":"status-publish","4":"has-post-thumbnail","6":"product_cat-unia-europejska","7":"product_tag-prawo-unii-europejskiej","8":"product_tag-traktat-o-unii-europejskiej","9":"product_tag-unia-europejska","11":"first","12":"instock","13":"sale","14":"shipping-taxable","15":"purchasable","16":"product-type-simple"},"_links":{"self":[{"href":"http:\/\/ksiegarnia-akademicka.pl\/index.php\/wp-json\/wp\/v2\/product\/9622","targetHints":{"allow":["GET"]}}],"collection":[{"href":"http:\/\/ksiegarnia-akademicka.pl\/index.php\/wp-json\/wp\/v2\/product"}],"about":[{"href":"http:\/\/ksiegarnia-akademicka.pl\/index.php\/wp-json\/wp\/v2\/types\/product"}],"wp:featuredmedia":[{"embeddable":true,"href":"http:\/\/ksiegarnia-akademicka.pl\/index.php\/wp-json\/wp\/v2\/media\/9623"}],"wp:attachment":[{"href":"http:\/\/ksiegarnia-akademicka.pl\/index.php\/wp-json\/wp\/v2\/media?parent=9622"}],"wp:term":[{"taxonomy":"product_brand","embeddable":true,"href":"http:\/\/ksiegarnia-akademicka.pl\/index.php\/wp-json\/wp\/v2\/product_brand?post=9622"},{"taxonomy":"product_cat","embeddable":true,"href":"http:\/\/ksiegarnia-akademicka.pl\/index.php\/wp-json\/wp\/v2\/product_cat?post=9622"},{"taxonomy":"product_tag","embeddable":true,"href":"http:\/\/ksiegarnia-akademicka.pl\/index.php\/wp-json\/wp\/v2\/product_tag?post=9622"}],"curies":[{"name":"wp","href":"https:\/\/api.w.org\/{rel}","templated":true}]}}