{"id":9585,"date":"2018-12-13T14:52:40","date_gmt":"2018-12-13T13:52:40","guid":{"rendered":"http:\/\/ksiegarnia-akademicka.pl\/?post_type=product&#038;p=9585"},"modified":"2018-12-13T14:52:40","modified_gmt":"2018-12-13T13:52:40","slug":"jak-polska-zbawiala-swiat-mesjasze-i-prorocy","status":"publish","type":"product","link":"http:\/\/ksiegarnia-akademicka.pl\/index.php\/product\/jak-polska-zbawiala-swiat-mesjasze-i-prorocy\/","title":{"rendered":"Jak Polska zbawia\u0142a \u015bwiat Mesjasze i Prorocy"},"content":{"rendered":"<p>Autor:<br \/>\nJerzy Besala<br \/>\nWydawca: Bellona<br \/>\nOprawa: Twarda<br \/>\nFormat: 17.0&#215;24.0cm<br \/>\nLiczba stron: 408<br \/>\nRok wydania: 2018<br \/>\nISBN:\t978-83-11-15543-5<\/p>\n<p>Pa\u0144stwa, narody czy plemiona tworz\u0105 mity i legendy, kt\u00f3re uzasadniaj\u0105 ich istnienie i przydaj\u0105 im nadprzyrodzonego wymiaru. Nie inaczej jest z nami, Polakami. Nasi przodkowie przed wiekami wierzyli, \u017ce polskie dzieje nie zacz\u0119\u0142y si\u0119 od Mieszka I, lecz od od biblijnego Noego i jego syn\u00f3w. Dowodzili tego liczni kronikarze, a szlachta przyjmowa\u0142a ich wywody przekonana, \u017ce jest \u201enarodem wybranym\u201d ? potomkami legendarnych Sarmat\u00f3w. Polacy mieli te\u017c by\u0107 wybra\u0144cami Boga i w roli przedmurza broni\u0107 katolicyzmu przed islamem. Ten sam B\u00f3g doprowadzi\u0142 do upadku Rzeczypospolitej, aby dzi\u0119ki polskiej ofierze, odkupieniu na wz\u00f3r Chrystusowego, odrodzi\u0142 si\u0119 nowy, lepszy \u015bwiat ? pisali w XIX wieku na emigracji romantyczni poeci<br \/>\nz Mickiewiczem na czele.<\/p>\n","protected":false},"excerpt":{"rendered":"<p>Autor: Jerzy Besala Wydawca: Bellona Oprawa: Twarda Format: 17.0&#215;24.0cm Liczba [&hellip;]<\/p>\n","protected":false},"featured_media":9586,"template":"","meta":[],"product_brand":[],"product_cat":[38],"product_tag":[67],"class_list":{"0":"post-9585","1":"product","2":"type-product","3":"status-publish","4":"has-post-thumbnail","6":"product_cat-historia","7":"product_tag-historia-polski","9":"first","10":"instock","11":"sale","12":"shipping-taxable","13":"purchasable","14":"product-type-simple"},"_links":{"self":[{"href":"http:\/\/ksiegarnia-akademicka.pl\/index.php\/wp-json\/wp\/v2\/product\/9585","targetHints":{"allow":["GET"]}}],"collection":[{"href":"http:\/\/ksiegarnia-akademicka.pl\/index.php\/wp-json\/wp\/v2\/product"}],"about":[{"href":"http:\/\/ksiegarnia-akademicka.pl\/index.php\/wp-json\/wp\/v2\/types\/product"}],"wp:featuredmedia":[{"embeddable":true,"href":"http:\/\/ksiegarnia-akademicka.pl\/index.php\/wp-json\/wp\/v2\/media\/9586"}],"wp:attachment":[{"href":"http:\/\/ksiegarnia-akademicka.pl\/index.php\/wp-json\/wp\/v2\/media?parent=9585"}],"wp:term":[{"taxonomy":"product_brand","embeddable":true,"href":"http:\/\/ksiegarnia-akademicka.pl\/index.php\/wp-json\/wp\/v2\/product_brand?post=9585"},{"taxonomy":"product_cat","embeddable":true,"href":"http:\/\/ksiegarnia-akademicka.pl\/index.php\/wp-json\/wp\/v2\/product_cat?post=9585"},{"taxonomy":"product_tag","embeddable":true,"href":"http:\/\/ksiegarnia-akademicka.pl\/index.php\/wp-json\/wp\/v2\/product_tag?post=9585"}],"curies":[{"name":"wp","href":"https:\/\/api.w.org\/{rel}","templated":true}]}}