{"id":9308,"date":"2018-12-10T10:39:47","date_gmt":"2018-12-10T09:39:47","guid":{"rendered":"http:\/\/ksiegarnia-akademicka.pl\/?post_type=product&#038;p=9308"},"modified":"2019-02-22T19:06:40","modified_gmt":"2019-02-22T18:06:40","slug":"prawo-restrukturyzacyjne-komentarz-do-ustawy","status":"publish","type":"product","link":"http:\/\/ksiegarnia-akademicka.pl\/index.php\/product\/prawo-restrukturyzacyjne-komentarz-do-ustawy\/","title":{"rendered":"Prawo restrukturyzacyjne Komentarz do ustawy"},"content":{"rendered":"<p>Autor:<br \/>\nZimmerman P.<br \/>\nWydawca: Infor Biznes<br \/>\nOprawa: Mi\u0119kka<br \/>\nFormat: 14.5&#215;21.0cm<br \/>\nLiczba stron: 640<br \/>\nRok wydania: 2017<\/p>\n<p>Praktyczny komentarz stanowi przewodnik po ustawie Prawo restrukturyzacyjne i wyja\u015bnia jak przy wykorzystaniu nowych procedur s\u0105dowych odd\u0142u\u017cy\u0107 przedsi\u0119biorstwo.<br \/>\n1 stycznia 2016 roku wesz\u0142a w \u017cycie nowa ustawa &#8222;Prawo restrukturyzacyjne&#8221;, kt\u00f3ra w spos\u00f3b rewolucyjny zmienia podej\u015bcie do podmiot\u00f3w maj\u0105cych problemy finansowe, wprowadzaj\u0105c zasad\u0119 pierwsze\u0144stwa naprawy przedsi\u0119biorstwa przed jego likwidacj\u0105.<\/p>\n<p>Zapisane zosta\u0142y w niej cztery \u015bcie\u017cki zawierania uk\u0142adu z wierzycielami: post\u0119powanie o zatwierdzenie uk\u0142adu, przyspieszone post\u0119powanie uk\u0142adowe, post\u0119powanie uk\u0142adowe i post\u0119powanie sanacyjne.<br \/>\nW zale\u017cno\u015bci od skali problemu z niewyp\u0142acalno\u015bci\u0105 wdro\u017ceniu podlega jedna z tych czterech procedur. Niniejszy komentarz stanowi przewodnik po nowej ustawie Prawo restrukturyzacyjne, ma wyja\u015bni\u0107 jak przy wykorzystaniu procedur s\u0105dowych odd\u0142u\u017cy\u0107 przedsi\u0119biorstwo.<\/p>\n<p>Publikacja zawiera tre\u015b\u0107 nowej ustawy z komentarzem do przepis\u00f3w. Porusza zagadnienia dotycz\u0105ce:<br \/>\nprzepis\u00f3w og\u00f3lnych i szczeg\u00f3lnych o post\u0119powaniach restrukturyzacyjnych i ich skutkach,<br \/>\nprzepis\u00f3w z zakresu mi\u0119dzynarodowego post\u0119powania restrukturyzacyjnego,<br \/>\nodr\u0119bnego post\u0119powania restrukturyzacyjnego,<br \/>\nprzepis\u00f3w karnych.<\/p>\n<p>&#8222;Prawo restrukturyzacyjne. Praktyczny komentarz&#8221; dedykowany jest przede wszystkim przedsi\u0119biorcom, kt\u00f3rzy dzi\u0119ki zapoznaniu si\u0119 z jego tre\u015bci\u0105 b\u0119d\u0105 mogli stwierdzi\u0107, kt\u00f3ra z procedur restrukturyzacyjnych jest najbardziej optymalna dla naprawy ich biznesu.<br \/>\nKsi\u0105\u017cka polecana jest r\u00f3wnie\u017c praktykom restrukturyzacji, takim jak adwokaci, radcowie prawni, doradcy restrukturyzacyjny, ale tak\u017ce inwestorzy czy instytucje udzielaj\u0105ce finansowania.<br \/>\nLektura tego komentarza sprawi, \u017ce jeszcze efektywniej b\u0119d\u0105 mogli wspiera\u0107 swoich klient\u00f3w w naprawie i odd\u0142u\u017caniu ich firm. Jego autorzy to praktycy restrukturyzacji i wsp\u00f3\u0142tw\u00f3rcy nowego Prawa Restrukturyzacyjnego, osoby kt\u00f3re na co dzie\u0144 zajmuj\u0105 si\u0119 ratowaniem upadaj\u0105cych firm i os\u00f3b fizycznych. To licencjonowani doradcy restrukturyzacyjni, kt\u00f3rzy pe\u0142nili w swojej karierze funkcje m.in.: zarz\u0105dc\u00f3w, nadzor\u00f3w, syndyk\u00f3w, a tak\u017ce s\u0119dzi\u00f3w.<br \/>\nSwoim do\u015bwiadczeniem i wiedz\u0105 dziel\u0105 si\u0119 na konferencjach i kongresach o tematyce restrukturyzacyjnej w Polsce i za granic\u0105. Prowadz\u0105 szkolenia dla przedsi\u0119biorc\u00f3w i instytucji finansowych, wyk\u0142adaj\u0105 prawo na uczelniach wy\u017cszych, ich artyku\u0142y i publikacje ukazuj\u0105 si\u0119 w prasie bran\u017cowej.<\/p>\n","protected":false},"excerpt":{"rendered":"<p>Autor: Zimmerman P. Wydawca: Infor Biznes Oprawa: Mi\u0119kka Format: 14.5&#215;21.0cm [&hellip;]<\/p>\n","protected":false},"featured_media":9309,"template":"","meta":[],"product_brand":[],"product_cat":[7495,18],"product_tag":[1497,7712],"class_list":{"0":"post-9308","1":"product","2":"type-product","3":"status-publish","4":"has-post-thumbnail","6":"product_cat-gospodarcze-i-handlowe","7":"product_cat-prawo","8":"product_tag-komentarz","9":"product_tag-prawo-restrukturyzacyjne","11":"first","12":"instock","13":"sale","14":"shipping-taxable","15":"purchasable","16":"product-type-simple"},"_links":{"self":[{"href":"http:\/\/ksiegarnia-akademicka.pl\/index.php\/wp-json\/wp\/v2\/product\/9308","targetHints":{"allow":["GET"]}}],"collection":[{"href":"http:\/\/ksiegarnia-akademicka.pl\/index.php\/wp-json\/wp\/v2\/product"}],"about":[{"href":"http:\/\/ksiegarnia-akademicka.pl\/index.php\/wp-json\/wp\/v2\/types\/product"}],"wp:featuredmedia":[{"embeddable":true,"href":"http:\/\/ksiegarnia-akademicka.pl\/index.php\/wp-json\/wp\/v2\/media\/9309"}],"wp:attachment":[{"href":"http:\/\/ksiegarnia-akademicka.pl\/index.php\/wp-json\/wp\/v2\/media?parent=9308"}],"wp:term":[{"taxonomy":"product_brand","embeddable":true,"href":"http:\/\/ksiegarnia-akademicka.pl\/index.php\/wp-json\/wp\/v2\/product_brand?post=9308"},{"taxonomy":"product_cat","embeddable":true,"href":"http:\/\/ksiegarnia-akademicka.pl\/index.php\/wp-json\/wp\/v2\/product_cat?post=9308"},{"taxonomy":"product_tag","embeddable":true,"href":"http:\/\/ksiegarnia-akademicka.pl\/index.php\/wp-json\/wp\/v2\/product_tag?post=9308"}],"curies":[{"name":"wp","href":"https:\/\/api.w.org\/{rel}","templated":true}]}}