{"id":93,"date":"2018-05-22T12:40:46","date_gmt":"2018-05-22T10:40:46","guid":{"rendered":"http:\/\/ksiegarnia-akademicka.pl\/index.php\/product\/poglady-filozoficzne-wladyslawa-kozlowskiego\/"},"modified":"2024-04-09T09:06:15","modified_gmt":"2024-04-09T07:06:15","slug":"poglady-filozoficzne-wladyslawa-kozlowskiego","status":"publish","type":"product","link":"http:\/\/ksiegarnia-akademicka.pl\/index.php\/product\/poglady-filozoficzne-wladyslawa-kozlowskiego\/","title":{"rendered":"Pogl\u0105dy filozoficzne W\u0142adys\u0142awa Koz\u0142owskiego"},"content":{"rendered":"<p>Muszy\u0144ska Barbara Wydawnictwo Politechniki Radomskiej 2003 wyd. 1 <\/br><\/br><\/p>\n<p>&nbsp;<\/p>\n<p><\/br><\/br>pozycja dost\u0119pna<\/p>\n","protected":false},"excerpt":{"rendered":"<p>Muszy\u0144ska Barbara Wydawnictwo Politechniki Radomskiej 2003 wyd. 1 &nbsp; pozycja [&hellip;]<\/p>\n","protected":false},"featured_media":0,"template":"","meta":[],"product_brand":[],"product_cat":[7529,43],"product_tag":[230,231,232],"class_list":{"0":"post-93","1":"product","2":"type-product","3":"status-publish","5":"product_cat-inne","6":"product_cat-wydawnictwo-uth","7":"product_tag-filozofia-realistyczna","8":"product_tag-teoria-uczuc","9":"product_tag-wladyslaw-kozlowski","11":"first","12":"instock","13":"shipping-taxable","14":"purchasable","15":"product-type-simple"},"_links":{"self":[{"href":"http:\/\/ksiegarnia-akademicka.pl\/index.php\/wp-json\/wp\/v2\/product\/93","targetHints":{"allow":["GET"]}}],"collection":[{"href":"http:\/\/ksiegarnia-akademicka.pl\/index.php\/wp-json\/wp\/v2\/product"}],"about":[{"href":"http:\/\/ksiegarnia-akademicka.pl\/index.php\/wp-json\/wp\/v2\/types\/product"}],"wp:attachment":[{"href":"http:\/\/ksiegarnia-akademicka.pl\/index.php\/wp-json\/wp\/v2\/media?parent=93"}],"wp:term":[{"taxonomy":"product_brand","embeddable":true,"href":"http:\/\/ksiegarnia-akademicka.pl\/index.php\/wp-json\/wp\/v2\/product_brand?post=93"},{"taxonomy":"product_cat","embeddable":true,"href":"http:\/\/ksiegarnia-akademicka.pl\/index.php\/wp-json\/wp\/v2\/product_cat?post=93"},{"taxonomy":"product_tag","embeddable":true,"href":"http:\/\/ksiegarnia-akademicka.pl\/index.php\/wp-json\/wp\/v2\/product_tag?post=93"}],"curies":[{"name":"wp","href":"https:\/\/api.w.org\/{rel}","templated":true}]}}