{"id":9292,"date":"2018-12-08T10:32:48","date_gmt":"2018-12-08T09:32:48","guid":{"rendered":"http:\/\/ksiegarnia-akademicka.pl\/?post_type=product&#038;p=9292"},"modified":"2018-12-08T10:32:49","modified_gmt":"2018-12-08T09:32:49","slug":"mechanika-plynow-dwufazowych","status":"publish","type":"product","link":"http:\/\/ksiegarnia-akademicka.pl\/index.php\/product\/mechanika-plynow-dwufazowych\/","title":{"rendered":"Mechanika p\u0142yn\u00f3w dwufazowych"},"content":{"rendered":"<p>Autor:<br \/>\nJerzy Prywer<br \/>\nMarek Dziubi\u0144ski<br \/>\nWydawca: Wydawnictwo Naukowe PWN<br \/>\nOprawa: Mi\u0119kka<br \/>\nFormat: 16.0&#215;23.0cm<br \/>\nLiczba stron: 686<br \/>\nWydanie: 1<br \/>\nRok wydania: 2018<\/p>\n<p>Przep\u0142ywy wielofazowe s\u0105 obecnie najbardziej dynamicznie rozwijaj\u0105cym si\u0119 dzia\u0142em mechaniki p\u0142yn\u00f3w. Wzbudzaj\u0105 one coraz wi\u0119ksze zainteresowanie ze wzgl\u0119du na ich stale rosn\u0105ce znaczenie praktyczne, m.in. W przemy\u015ble chemicznym, rolno-spo\u017cywczym, energetyce, transporcie i ochronie \u015brodowiska. W ostatnich latach najwi\u0119cej bada\u0144 dotyczy przep\u0142yw\u00f3w dwufazowych, wyst\u0119puj\u0105cych w procesach napowietrzania \u015bciek\u00f3w, uzdatniania wody oraz transportu st\u0119\u017conych zawiesin za pomoc\u0105 spr\u0119\u017conego powietrza.<br \/>\nWiedza na temat przep\u0142yw\u00f3w wielofazowych jest prezentow3ana w wielu publikacjach naukowych polskich i zagranicznych. Niniejsza ksi\u0105\u017cka jest jednak pierwszym w polskiej literaturze kompleksowym opracowaniem systematyzuj\u0105cym te zagadnienia, wprowadzaj\u0105cym podstawowe poj\u0119cia oraz przedstawiaj\u0105cym aspekty praktyczne w codziennej pracy in\u017cyniera obs\u0142uguj\u0105cego procesy technologiczne.<\/p>\n","protected":false},"excerpt":{"rendered":"<p>Autor: Jerzy Prywer Marek Dziubi\u0144ski Wydawca: Wydawnictwo Naukowe PWN Oprawa: [&hellip;]<\/p>\n","protected":false},"featured_media":9293,"template":"","meta":[],"product_brand":[],"product_cat":[7709,41],"product_tag":[1871,5016],"class_list":{"0":"post-9292","1":"product","2":"type-product","3":"status-publish","4":"has-post-thumbnail","6":"product_cat-mechanika","7":"product_cat-nauki-techniczne","8":"product_tag-mechanika","9":"product_tag-mechanika-plynow","11":"first","12":"instock","13":"sale","14":"shipping-taxable","15":"purchasable","16":"product-type-simple"},"_links":{"self":[{"href":"http:\/\/ksiegarnia-akademicka.pl\/index.php\/wp-json\/wp\/v2\/product\/9292","targetHints":{"allow":["GET"]}}],"collection":[{"href":"http:\/\/ksiegarnia-akademicka.pl\/index.php\/wp-json\/wp\/v2\/product"}],"about":[{"href":"http:\/\/ksiegarnia-akademicka.pl\/index.php\/wp-json\/wp\/v2\/types\/product"}],"wp:featuredmedia":[{"embeddable":true,"href":"http:\/\/ksiegarnia-akademicka.pl\/index.php\/wp-json\/wp\/v2\/media\/9293"}],"wp:attachment":[{"href":"http:\/\/ksiegarnia-akademicka.pl\/index.php\/wp-json\/wp\/v2\/media?parent=9292"}],"wp:term":[{"taxonomy":"product_brand","embeddable":true,"href":"http:\/\/ksiegarnia-akademicka.pl\/index.php\/wp-json\/wp\/v2\/product_brand?post=9292"},{"taxonomy":"product_cat","embeddable":true,"href":"http:\/\/ksiegarnia-akademicka.pl\/index.php\/wp-json\/wp\/v2\/product_cat?post=9292"},{"taxonomy":"product_tag","embeddable":true,"href":"http:\/\/ksiegarnia-akademicka.pl\/index.php\/wp-json\/wp\/v2\/product_tag?post=9292"}],"curies":[{"name":"wp","href":"https:\/\/api.w.org\/{rel}","templated":true}]}}