{"id":9290,"date":"2018-12-08T10:31:07","date_gmt":"2018-12-08T09:31:07","guid":{"rendered":"http:\/\/ksiegarnia-akademicka.pl\/?post_type=product&#038;p=9290"},"modified":"2018-12-08T10:31:07","modified_gmt":"2018-12-08T09:31:07","slug":"mechanika-teoretyczna","status":"publish","type":"product","link":"http:\/\/ksiegarnia-akademicka.pl\/index.php\/product\/mechanika-teoretyczna\/","title":{"rendered":"Mechanika teoretyczna"},"content":{"rendered":"<p>Autor:<br \/>\nW. Rubinowicz<br \/>\nWydawca: Wydawnictwo Naukowe PWN<br \/>\nOprawa: Mi\u0119kka<br \/>\nFormat: 14.0&#215;20.5cm<br \/>\nLiczba stron: 462<br \/>\nWydanie: 9<br \/>\nRok wydania: 2018<\/p>\n<p>Mechanika teoretyczna Rubinowicza \u2013 klasyka gatunku!<br \/>\nKolejne wznowienie klasycznego podr\u0119cznika mechaniki teoretycznej, stanowi\u0105cej cz\u0119\u015b\u0107 fizyki teoretycznej. Ksi\u0105\u017cka zawiera mi\u0119dzy innymi wyk\u0142ad mechaniki punkt\u00f3w materialnych, uk\u0142ad\u00f3w punkt\u00f3w materialnych oraz cia\u0142 sztywnych, czy opis teorii Hamiltona (r\u00f3wnania Hamiltona i przekszta\u0142cenia kanoniczne).<\/p>\n<p>Na ko\u0144cu ksi\u0105\u017cki znajduj\u0105 si\u0119 zadania ilustruj\u0105ce oraz uzupe\u0142niaj\u0105ce materia\u0142 zawarty w poszczeg\u00f3lnych paragrafach oraz przypisy stanowi\u0105ce rozszerzenie materia\u0142u (przekszta\u0142cenie Lorentza i relatywistyczne r\u00f3wnania Newtona, zasada Schwingera i prawa zachowania, niezmienniki ca\u0142kowe, ruchy wielokrotnie periodyczne).<br \/>\nObecne wydanie zosta\u0142o wzbogacone o przypis na temat chaosu deterministycznego na przyk\u0142adzie ruchu wahad\u0142a t\u0142umionego autorstwa Zygmunta Ajduka.<\/p>\n<p>Ksi\u0105\u017cka jest adresowana do student\u00f3w fizyki i kierunk\u00f3w pokrewnych na uniwersytetach i politechnikach.<\/p>\n","protected":false},"excerpt":{"rendered":"<p>Autor: W. Rubinowicz Wydawca: Wydawnictwo Naukowe PWN Oprawa: Mi\u0119kka Format: [&hellip;]<\/p>\n","protected":false},"featured_media":9291,"template":"","meta":[],"product_brand":[],"product_cat":[7709,41],"product_tag":[1871,269],"class_list":{"0":"post-9290","1":"product","2":"type-product","3":"status-publish","4":"has-post-thumbnail","6":"product_cat-mechanika","7":"product_cat-nauki-techniczne","8":"product_tag-mechanika","9":"product_tag-podrecznik-akademicki","11":"first","12":"instock","13":"sale","14":"shipping-taxable","15":"purchasable","16":"product-type-simple"},"_links":{"self":[{"href":"http:\/\/ksiegarnia-akademicka.pl\/index.php\/wp-json\/wp\/v2\/product\/9290","targetHints":{"allow":["GET"]}}],"collection":[{"href":"http:\/\/ksiegarnia-akademicka.pl\/index.php\/wp-json\/wp\/v2\/product"}],"about":[{"href":"http:\/\/ksiegarnia-akademicka.pl\/index.php\/wp-json\/wp\/v2\/types\/product"}],"wp:featuredmedia":[{"embeddable":true,"href":"http:\/\/ksiegarnia-akademicka.pl\/index.php\/wp-json\/wp\/v2\/media\/9291"}],"wp:attachment":[{"href":"http:\/\/ksiegarnia-akademicka.pl\/index.php\/wp-json\/wp\/v2\/media?parent=9290"}],"wp:term":[{"taxonomy":"product_brand","embeddable":true,"href":"http:\/\/ksiegarnia-akademicka.pl\/index.php\/wp-json\/wp\/v2\/product_brand?post=9290"},{"taxonomy":"product_cat","embeddable":true,"href":"http:\/\/ksiegarnia-akademicka.pl\/index.php\/wp-json\/wp\/v2\/product_cat?post=9290"},{"taxonomy":"product_tag","embeddable":true,"href":"http:\/\/ksiegarnia-akademicka.pl\/index.php\/wp-json\/wp\/v2\/product_tag?post=9290"}],"curies":[{"name":"wp","href":"https:\/\/api.w.org\/{rel}","templated":true}]}}