{"id":9262,"date":"2018-12-08T09:45:21","date_gmt":"2018-12-08T08:45:21","guid":{"rendered":"http:\/\/ksiegarnia-akademicka.pl\/?post_type=product&#038;p=9262"},"modified":"2024-12-04T14:00:17","modified_gmt":"2024-12-04T13:00:17","slug":"gorecki-geniusz-i-upor","status":"publish","type":"product","link":"http:\/\/ksiegarnia-akademicka.pl\/index.php\/product\/gorecki-geniusz-i-upor\/","title":{"rendered":"G\u00f3recki Geniusz i up\u00f3r"},"content":{"rendered":"<p>Autor:<br \/>\nMaria Wilczek-Krupa<br \/>\nWydawca: Znak<br \/>\nOprawa: Twarda<br \/>\nFormat: 17.0&#215;24.5cm<br \/>\nLiczba stron: 414<br \/>\nWydanie: 1<br \/>\nRok wydania: 2018<\/p>\n<p>Pierwsza biografia jednego z najwi\u0119kszych kompozytor\u00f3w epoki<br \/>\nSam siebie okre\u015bla\u0142 trzema s\u0142owami: choleryk, choleryk, choleryk! M\u00f3wi\u0142, \u017ce w \u017cyciu ogl\u0105da si\u0119 wstecz jedynie w gara\u017cu, a \u017ca\u0142uje tylko jednego: \u201e\u017ce nie temperowa\u0142 j\u0119zora\u201d.<br \/>\nMia\u0142 by\u0107 kolejarzem albo g\u00f3rnikiem, ewentualnie ksi\u0119dzem. Zosta\u0142 kompozytorem. Przeby\u0142 jedn\u0105 z najtrudniejszych dr\u00f3g do s\u0142awy w artystycznym \u015bwiecie. Wczesna strata matki, wojna, ch\u0142odny i wymagaj\u0105cy dom, dzieci\u0144stwo naznaczone chorobami. Par\u0142 do celu z determinacj\u0105 i uporem na przek\u00f3r wszystkim.<br \/>\nTrzeci\u0105 Symfoni\u0105 pie\u015bni \u017ca\u0142osnych op. 36 podbi\u0142 ca\u0142y \u015bwiat. Wielki utw\u00f3r, nazywany dowodem na istnienie Boga, trafi\u0142 na szczyt ameryka\u0144skich list przeboj\u00f3w, wyprzedzaj\u0105c Stinga i Nirvan\u0119. \u015awiatowej s\u0142awy re\u017cyserzy nie zdo\u0142ali nam\u00f3wi\u0107 go do pisania muzyki filmowej. Odm\u00f3wi\u0142 nawet skomponowania \u015bcie\u017cki d\u017awi\u0119kowej do Pasji.<br \/>\nBiografia Henryka Miko\u0142aja G\u00f3reckiego jest opowie\u015bci\u0105 o \u017cyciu pod pr\u0105d. O uporze, walce o niezale\u017cno\u015b\u0107 i niepoddawaniu si\u0119 presji. Autorka rysuje z\u0142o\u017cony portret cz\u0142owieka, kt\u00f3rego dominuj\u0105c\u0105 cech\u0105 by\u0142a szczero\u015b\u0107. Taka jest te\u017c jej opowie\u015b\u0107 \u2013 prawdziwa i odarta z blichtru, ods\u0142aniaj\u0105ca dobro i jednocze\u015bnie nie ukrywaj\u0105ca z\u0142a.<\/p>\n<p>Maria Wilczek-Krupa \u2013 dziennikarka prasowa i radiowa, zwi\u0105zana m.in. z \u201eDziennikiem Polskim\u201d, \u201eKinem\u201d, \u201eRMF Classic\u201d. Uko\u0144czy\u0142a teori\u0119 muzyki w krakowskiej Akademii Muzycznej. Autorka \u015bwietnie przyj\u0119tej biografii Wojciecha Kilara.<\/p>\n","protected":false},"excerpt":{"rendered":"<p>Autor: Maria Wilczek-Krupa Wydawca: Znak Oprawa: Twarda Format: 17.0&#215;24.5cm Liczba [&hellip;]<\/p>\n","protected":false},"featured_media":9263,"template":"","meta":[],"product_brand":[],"product_cat":[7707],"product_tag":[2322,7708],"class_list":{"0":"post-9262","1":"product","2":"type-product","3":"status-publish","4":"has-post-thumbnail","6":"product_cat-literatura","7":"product_tag-biografie","8":"product_tag-muzyka-polska","10":"first","11":"instock","12":"sale","13":"shipping-taxable","14":"purchasable","15":"product-type-simple"},"_links":{"self":[{"href":"http:\/\/ksiegarnia-akademicka.pl\/index.php\/wp-json\/wp\/v2\/product\/9262","targetHints":{"allow":["GET"]}}],"collection":[{"href":"http:\/\/ksiegarnia-akademicka.pl\/index.php\/wp-json\/wp\/v2\/product"}],"about":[{"href":"http:\/\/ksiegarnia-akademicka.pl\/index.php\/wp-json\/wp\/v2\/types\/product"}],"wp:featuredmedia":[{"embeddable":true,"href":"http:\/\/ksiegarnia-akademicka.pl\/index.php\/wp-json\/wp\/v2\/media\/9263"}],"wp:attachment":[{"href":"http:\/\/ksiegarnia-akademicka.pl\/index.php\/wp-json\/wp\/v2\/media?parent=9262"}],"wp:term":[{"taxonomy":"product_brand","embeddable":true,"href":"http:\/\/ksiegarnia-akademicka.pl\/index.php\/wp-json\/wp\/v2\/product_brand?post=9262"},{"taxonomy":"product_cat","embeddable":true,"href":"http:\/\/ksiegarnia-akademicka.pl\/index.php\/wp-json\/wp\/v2\/product_cat?post=9262"},{"taxonomy":"product_tag","embeddable":true,"href":"http:\/\/ksiegarnia-akademicka.pl\/index.php\/wp-json\/wp\/v2\/product_tag?post=9262"}],"curies":[{"name":"wp","href":"https:\/\/api.w.org\/{rel}","templated":true}]}}