{"id":9239,"date":"2018-12-07T10:57:45","date_gmt":"2018-12-07T09:57:45","guid":{"rendered":"http:\/\/ksiegarnia-akademicka.pl\/?post_type=product&#038;p=9239"},"modified":"2024-08-27T11:19:22","modified_gmt":"2024-08-27T09:19:22","slug":"modelowanie-3d-w-programie-autocad-z-plyta-cd","status":"publish","type":"product","link":"http:\/\/ksiegarnia-akademicka.pl\/index.php\/product\/modelowanie-3d-w-programie-autocad-z-plyta-cd\/","title":{"rendered":"Modelowanie 3D w programie autoCad z p\u0142yt\u0105 CD"},"content":{"rendered":"<p>Autor:<br \/>\nZbigniew Krzysiak<br \/>\nWydawca: Nauka i Technika<br \/>\nOprawa: Mi\u0119kka<br \/>\nFormat: 16.5&#215;23.5cm<br \/>\nLiczba stron: 192<br \/>\nWydanie: 1<br \/>\nRok wydania: 2015<\/p>\n<p>Ksi\u0105\u017cka zawiera niezb\u0119dne informacje do nauki projektowania 3D w programie AutoCAD oraz procedury wykonywania przyk\u0142adowych modeli przestrzennych, a tak\u017ce \u0107wiczenia do samodzielnego wykonania.<\/p>\n<p>Materia\u0142 w niej zawarty mo\u017cna podzieli\u0107 na cz\u0119\u015bci:<\/p>\n<p>Podstawowe informacje o programie &#8211; obejmuje skr\u00f3ty polece\u0144 i om\u00f3wienie interfejsu programu AutoCAD oraz zasady wykorzystania tego narz\u0119dzia do wykonywania modeli 3D.<br \/>\nModelowanie kraw\u0119dziowe, powierzchniowe i bry\u0142owe oraz modyfikacje modeli &#8211; zawiera opisy polece\u0144 i procedury realizacji konkretnych przyk\u0142ad\u00f3w lub ich modyfikacji. Przyk\u0142ady, zobrazowano licznymi rysunkami i opatrzono komentarzami.<br \/>\nPrzyk\u0142ady projektowania modeli 3D &#8211; zawiera dok\u0142adne opisy procedur projektowania z rysunkami przedstawiaj\u0105cymi model na ka\u017cdym jego etapie.<br \/>\nTworzenie dokumentacji 2D na podstawie modelu 3D &#8211; przyk\u0142ady generowania dokumentacji p\u0142askiej na podstawie modelu bry\u0142owego, \u0142\u0105cznie z konfiguracj\u0105 i przygotowaniem rysunku do wydruku.<br \/>\nPobranie darmowego programu AutoCAD &#8211; przedstawiono krok po kroku, w jaki spos\u00f3b uzyska\u0107 legaln\u0105, pe\u0142n\u0105 wersj\u0119 programu AutoCAD.<\/p>\n<p>Du\u017c\u0105 zalet\u0105 ksi\u0105\u017cki jest do\u0142\u0105czona p\u0142yta CD, na kt\u00f3rej zawarto pliki .dwg programu AutoCAD. W plikach znajduj\u0105 si\u0119 cz\u0119\u015bciowo przygotowane rysunki, kt\u00f3re wymagaj\u0105 samodzielnego doko\u0144czenia zgodnie z opisem i procedurami zawartymi w przyk\u0142adach podanych w tre\u015bci ksi\u0105\u017cki. \u0106wiczenia zamieszczone na p\u0142ycie CD znacznie u\u0142atwiaj\u0105 utrwalanie wiadomo\u015bci dotycz\u0105cych projektowania 3D.<\/p>\n<p>Ksi\u0105\u017cka mo\u017ce by\u0107 pomoc\u0105 dydaktyczn\u0105 do prowadzenia zaj\u0119\u0107 z wykorzystaniem programu AutoCAD w zakresie 3D. Mo\u017ce r\u00f3wnie\u017c by\u0107 podr\u0119cznikiem do samodzielnej nauki i studiowania dla uczni\u00f3w, student\u00f3w, kadry in\u017cynierskiej i nauczycieli.<\/p>\n","protected":false},"excerpt":{"rendered":"<p>Autor: Zbigniew Krzysiak Wydawca: Nauka i Technika Oprawa: Mi\u0119kka Format: [&hellip;]<\/p>\n","protected":false},"featured_media":9240,"template":"","meta":[],"product_brand":[],"product_cat":[41],"product_tag":[196,198,179],"class_list":{"0":"post-9239","1":"product","2":"type-product","3":"status-publish","4":"has-post-thumbnail","6":"product_cat-nauki-techniczne","7":"product_tag-autocad","8":"product_tag-grafika-komputerowa","9":"product_tag-projektowanie","11":"first","12":"outofstock","13":"sale","14":"shipping-taxable","15":"purchasable","16":"product-type-simple"},"_links":{"self":[{"href":"http:\/\/ksiegarnia-akademicka.pl\/index.php\/wp-json\/wp\/v2\/product\/9239","targetHints":{"allow":["GET"]}}],"collection":[{"href":"http:\/\/ksiegarnia-akademicka.pl\/index.php\/wp-json\/wp\/v2\/product"}],"about":[{"href":"http:\/\/ksiegarnia-akademicka.pl\/index.php\/wp-json\/wp\/v2\/types\/product"}],"wp:featuredmedia":[{"embeddable":true,"href":"http:\/\/ksiegarnia-akademicka.pl\/index.php\/wp-json\/wp\/v2\/media\/9240"}],"wp:attachment":[{"href":"http:\/\/ksiegarnia-akademicka.pl\/index.php\/wp-json\/wp\/v2\/media?parent=9239"}],"wp:term":[{"taxonomy":"product_brand","embeddable":true,"href":"http:\/\/ksiegarnia-akademicka.pl\/index.php\/wp-json\/wp\/v2\/product_brand?post=9239"},{"taxonomy":"product_cat","embeddable":true,"href":"http:\/\/ksiegarnia-akademicka.pl\/index.php\/wp-json\/wp\/v2\/product_cat?post=9239"},{"taxonomy":"product_tag","embeddable":true,"href":"http:\/\/ksiegarnia-akademicka.pl\/index.php\/wp-json\/wp\/v2\/product_tag?post=9239"}],"curies":[{"name":"wp","href":"https:\/\/api.w.org\/{rel}","templated":true}]}}