{"id":9233,"date":"2018-12-07T10:47:30","date_gmt":"2018-12-07T09:47:30","guid":{"rendered":"http:\/\/ksiegarnia-akademicka.pl\/?post_type=product&#038;p=9233"},"modified":"2018-12-07T10:47:30","modified_gmt":"2018-12-07T09:47:30","slug":"autocad-2019-pl-pierwsze-kroki","status":"publish","type":"product","link":"http:\/\/ksiegarnia-akademicka.pl\/index.php\/product\/autocad-2019-pl-pierwsze-kroki\/","title":{"rendered":"AutoCAD 2019 PL Pierwsze kroki"},"content":{"rendered":"<p>Autor:<br \/>\nAndrzej Piko\u0144<br \/>\nWydawca: Helion<br \/>\nOprawa: Mi\u0119kka<br \/>\nFormat: 17.1&#215;23.8<br \/>\nLiczba stron: 240<br \/>\nRok wydania: 2018<\/p>\n<p>Nie tra\u0107 czasu &#8211; zacznij projektowa\u0107!<br \/>\nProste operacje rysunkowe i podstawowe narz\u0119dzia<br \/>\nModyfikowanie projekt\u00f3w, korzystanie z szyk\u00f3w i kreskowa\u0144<br \/>\nWymiarowanie rysunk\u00f3w i ich parametryzacja<br \/>\nAutoCAD od lat niepodzielnie kr\u00f3luje w biurach projektowych i jest narz\u0119dziem wykorzystywanym przez rzesze architekt\u00f3w, budowniczych, mechanik\u00f3w oraz konstruktor\u00f3w. T\u0119 aplikacj\u0119 zna &#8211; lub powinien zna\u0107 &#8211; ka\u017cdy, kogo praca ma jakikolwiek zwi\u0105zek z tworzeniem rysunk\u00f3w technicznych, opracowywaniem koncepcji wykonawczych czy przygotowywaniem cz\u0119\u015bci do produkcji. AutoCAD jest te\u017c jednym z podstawowych narz\u0119dzi wykorzystywanych w \u015brodowisku akademickim i trudno dzi\u015b zako\u0144czy\u0107 studia na uczelni technicznej, nie opanowawszy tego programu w stopniu przynajmniej podstawowym, poniewa\u017c to za jego pomoc\u0105 prowadzone s\u0105 zaj\u0119cia i to w nim opracowuje si\u0119 projekty zaliczeniowe.<\/p>\n<p>Co jednak zrobi\u0107, gdy nie ma si\u0119 o nim poj\u0119cia? Si\u0119gn\u0105\u0107 po najlepsz\u0105 na rynku ksi\u0105\u017ck\u0119, kt\u00f3ra pozwoli szybko i sprawnie rozpocz\u0105\u0107 prac\u0119 z programem AutoCAD 2019. Znajdziesz tu wszystkie niezb\u0119dne informacje na temat narz\u0119dzi rysunkowych i sposob\u00f3w ich u\u017cywania, a tak\u017ce dowiesz si\u0119, jak modyfikowa\u0107 obiekty, dobiera\u0107 grubo\u015b\u0107 linii i rodzaj kreskowania, u\u017cywa\u0107 uchwyt\u00f3w obiekt\u00f3w oraz dok\u0142adnie dopasowywa\u0107 do siebie poszczeg\u00f3lne elementy. Nauczysz si\u0119 stosowa\u0107 szyk ko\u0142owy i prostok\u0105tny, automatycznie nadawa\u0107 i zmienia\u0107 precyzyjne wymiary oraz oblicza\u0107 r\u00f3\u017cne potrzebne Ci wielko\u015bci.<\/p>\n<p>Odkryjesz, jak wygodne jest stosowanie blok\u00f3w, a tak\u017ce do czego s\u0142u\u017c\u0105 warstwy. Poznasz te\u017c sposoby przegl\u0105dania i drukowania dokumentacji w nowym AutoCAD-zie. Nie ma na co czeka\u0107, czas rozpocz\u0105\u0107 nauk\u0119!<\/p>\n<p>Pierwszy rysunek, obiekty i wsp\u00f3\u0142rz\u0119dne punkt\u00f3w<br \/>\nOgl\u0105danie rysunku, rysowanie precyzyjne i modyfikacje obiekt\u00f3w<br \/>\nSzeroko\u015b\u0107 linii i praca z liniami przerywanymi<br \/>\nSzyk ko\u0142owy i prostok\u0105tny, uchwyty obiekt\u00f3w<br \/>\nInformacje o rysunku i mened\u017cer w\u0142a\u015bciwo\u015bci<br \/>\nKreskowanie, w\u0142a\u015bciwo\u015bci i napisy<br \/>\nWymiary i rysunek parametryczny<br \/>\nBloki, warstwy i wydruk<br \/>\nProjektuj jak zawodowiec &#8211; naucz si\u0119 AutoCAD-a od podstaw!<\/p>\n","protected":false},"excerpt":{"rendered":"<p>Autor: Andrzej Piko\u0144 Wydawca: Helion Oprawa: Mi\u0119kka Format: 17.1&#215;23.8 Liczba [&hellip;]<\/p>\n","protected":false},"featured_media":9234,"template":"","meta":[],"product_brand":[],"product_cat":[41],"product_tag":[196,350,179],"class_list":{"0":"post-9233","1":"product","2":"type-product","3":"status-publish","4":"has-post-thumbnail","6":"product_cat-nauki-techniczne","7":"product_tag-autocad","8":"product_tag-cwiczenia-i-zadania","9":"product_tag-projektowanie","11":"first","12":"instock","13":"sale","14":"shipping-taxable","15":"purchasable","16":"product-type-simple"},"_links":{"self":[{"href":"http:\/\/ksiegarnia-akademicka.pl\/index.php\/wp-json\/wp\/v2\/product\/9233","targetHints":{"allow":["GET"]}}],"collection":[{"href":"http:\/\/ksiegarnia-akademicka.pl\/index.php\/wp-json\/wp\/v2\/product"}],"about":[{"href":"http:\/\/ksiegarnia-akademicka.pl\/index.php\/wp-json\/wp\/v2\/types\/product"}],"wp:featuredmedia":[{"embeddable":true,"href":"http:\/\/ksiegarnia-akademicka.pl\/index.php\/wp-json\/wp\/v2\/media\/9234"}],"wp:attachment":[{"href":"http:\/\/ksiegarnia-akademicka.pl\/index.php\/wp-json\/wp\/v2\/media?parent=9233"}],"wp:term":[{"taxonomy":"product_brand","embeddable":true,"href":"http:\/\/ksiegarnia-akademicka.pl\/index.php\/wp-json\/wp\/v2\/product_brand?post=9233"},{"taxonomy":"product_cat","embeddable":true,"href":"http:\/\/ksiegarnia-akademicka.pl\/index.php\/wp-json\/wp\/v2\/product_cat?post=9233"},{"taxonomy":"product_tag","embeddable":true,"href":"http:\/\/ksiegarnia-akademicka.pl\/index.php\/wp-json\/wp\/v2\/product_tag?post=9233"}],"curies":[{"name":"wp","href":"https:\/\/api.w.org\/{rel}","templated":true}]}}