{"id":902,"date":"2018-05-22T12:42:24","date_gmt":"2018-05-22T10:42:24","guid":{"rendered":"http:\/\/ksiegarnia-akademicka.pl\/index.php\/product\/mechanika-ogolna-2\/"},"modified":"2018-12-08T10:14:34","modified_gmt":"2018-12-08T09:14:34","slug":"mechanika-ogolna-2","status":"publish","type":"product","link":"http:\/\/ksiegarnia-akademicka.pl\/index.php\/product\/mechanika-ogolna-2\/","title":{"rendered":"Mechanika og\u00f3lna w uj\u0119ciu wektorowym i tensorowym Statyka Przyk\u0142ady i zadania"},"content":{"rendered":"<p>Autor:<br \/>\nRyszard Buczkowski<br \/>\nAndrzej Banaszek<br \/>\nWydawca: Wydawnictwo Naukowe PWN<br \/>\nOprawa: Mi\u0119kka<br \/>\nFormat: 16.5&#215;23.5cm<br \/>\nLiczba stron: 410<br \/>\nWydanie: 1<br \/>\nRok wydania: 2018<\/p>\n<p>Podr\u0119cznik jest pomy\u015blany jako metodyczny zbi\u00f3r rozwi\u0105zanych zada\u0144 z mechaniki og\u00f3lnej z wykorzystaniem rachunku wektorowego i tensorowego. Ka\u017cdy rozdzia\u0142 jest poprzedzony wyk\u0142adem teoretycznym, przy czym szczeg\u00f3lnie obszernie om\u00f3wiono rachunek wektorowy i tensorowy. Zadania do samodzielnego rozwi\u0105zania wraz z odpowiedziami s\u0105 zamieszczone na ko\u0144cu ksi\u0105\u017cki, by nie sugerowa\u0107 czytelnikowi sposobu i metodyki rozwi\u0105zania.<\/p>\n","protected":false},"excerpt":{"rendered":"<p>Autor: Ryszard Buczkowski Andrzej Banaszek Wydawca: Wydawnictwo Naukowe PWN Oprawa: [&hellip;]<\/p>\n","protected":false},"featured_media":9282,"template":"","meta":[],"product_brand":[],"product_cat":[7709,41],"product_tag":[1871,1612],"class_list":{"0":"post-902","1":"product","2":"type-product","3":"status-publish","4":"has-post-thumbnail","6":"product_cat-mechanika","7":"product_cat-nauki-techniczne","8":"product_tag-mechanika","9":"product_tag-statystyka","11":"first","12":"instock","13":"sale","14":"shipping-taxable","15":"purchasable","16":"product-type-simple"},"_links":{"self":[{"href":"http:\/\/ksiegarnia-akademicka.pl\/index.php\/wp-json\/wp\/v2\/product\/902","targetHints":{"allow":["GET"]}}],"collection":[{"href":"http:\/\/ksiegarnia-akademicka.pl\/index.php\/wp-json\/wp\/v2\/product"}],"about":[{"href":"http:\/\/ksiegarnia-akademicka.pl\/index.php\/wp-json\/wp\/v2\/types\/product"}],"wp:featuredmedia":[{"embeddable":true,"href":"http:\/\/ksiegarnia-akademicka.pl\/index.php\/wp-json\/wp\/v2\/media\/9282"}],"wp:attachment":[{"href":"http:\/\/ksiegarnia-akademicka.pl\/index.php\/wp-json\/wp\/v2\/media?parent=902"}],"wp:term":[{"taxonomy":"product_brand","embeddable":true,"href":"http:\/\/ksiegarnia-akademicka.pl\/index.php\/wp-json\/wp\/v2\/product_brand?post=902"},{"taxonomy":"product_cat","embeddable":true,"href":"http:\/\/ksiegarnia-akademicka.pl\/index.php\/wp-json\/wp\/v2\/product_cat?post=902"},{"taxonomy":"product_tag","embeddable":true,"href":"http:\/\/ksiegarnia-akademicka.pl\/index.php\/wp-json\/wp\/v2\/product_tag?post=902"}],"curies":[{"name":"wp","href":"https:\/\/api.w.org\/{rel}","templated":true}]}}