{"id":901,"date":"2018-05-22T12:42:24","date_gmt":"2018-05-22T10:42:24","guid":{"rendered":"http:\/\/ksiegarnia-akademicka.pl\/index.php\/product\/mechanika-ogolna\/"},"modified":"2022-03-23T12:20:04","modified_gmt":"2022-03-23T11:20:04","slug":"mechanika-ogolna","status":"publish","type":"product","link":"http:\/\/ksiegarnia-akademicka.pl\/index.php\/product\/mechanika-ogolna\/","title":{"rendered":"Mechanika og\u00f3lna"},"content":{"rendered":"<p>Autor:<br \/>\nTadeusz Niezgodzi\u0144ski<br \/>\nWydawca: Wydawnictwo Naukowe PWN<br \/>\nOprawa: Mi\u0119kka<br \/>\nFormat: 17.0&#215;24.0cm<br \/>\nLiczba stron: 264<br \/>\nWydanie: 1<br \/>\nRok wydania: 2022<\/p>\n<p>Podr\u0119cznik dostosowany do programu wyk\u0142ad\u00f3w z mechaniki og\u00f3lnej na wydzia\u0142ach mechanicznych i pokrewnych wy\u017cszych uczelni technicznych. Przedstawiono w nim &#8211; w spos\u00f3b jasny i przyst\u0119pny &#8211; teoretyczne problemy statyki, kinematyki i dynamiki. Liczne, rozwi\u0105zane przyk\u0142adowe zadania wskazuj\u0105 na mo\u017cliwo\u015b\u0107 wykorzystania wprowadzonych wzor\u00f3w w praktyce in\u017cynierskiej.<\/p>\n<p>Ksi\u0105\u017cka zawiera wiele rysunk\u00f3w, kt\u00f3re s\u0105 doskona\u0142ym uzupe\u0142nieniem tekstu i przyczyniaj\u0105 si\u0119 do rozwijania wyobra\u017ani czytelnika. Du\u017c\u0105 zalet\u0105 podr\u0119cznika jest r\u00f3wnie\u017c nieskomplikowany aparat matematyczny.<\/p>\n","protected":false},"excerpt":{"rendered":"<p>Autor: Tadeusz Niezgodzi\u0144ski Wydawca: Wydawnictwo Naukowe PWN Oprawa: Mi\u0119kka Format: [&hellip;]<\/p>\n","protected":false},"featured_media":9275,"template":"","meta":[],"product_brand":[],"product_cat":[7709,41],"product_tag":[274,2431,1871,2430,2429],"class_list":{"0":"post-901","1":"product","2":"type-product","3":"status-publish","4":"has-post-thumbnail","6":"product_cat-mechanika","7":"product_cat-nauki-techniczne","8":"product_tag-dynamika","9":"product_tag-dynamika-ruchu","10":"product_tag-mechanika","11":"product_tag-ped-i-moment-pedu","12":"product_tag-praca-sil-i-energia-kinetyczna","14":"first","15":"instock","16":"sale","17":"shipping-taxable","18":"purchasable","19":"product-type-simple"},"_links":{"self":[{"href":"http:\/\/ksiegarnia-akademicka.pl\/index.php\/wp-json\/wp\/v2\/product\/901","targetHints":{"allow":["GET"]}}],"collection":[{"href":"http:\/\/ksiegarnia-akademicka.pl\/index.php\/wp-json\/wp\/v2\/product"}],"about":[{"href":"http:\/\/ksiegarnia-akademicka.pl\/index.php\/wp-json\/wp\/v2\/types\/product"}],"wp:featuredmedia":[{"embeddable":true,"href":"http:\/\/ksiegarnia-akademicka.pl\/index.php\/wp-json\/wp\/v2\/media\/9275"}],"wp:attachment":[{"href":"http:\/\/ksiegarnia-akademicka.pl\/index.php\/wp-json\/wp\/v2\/media?parent=901"}],"wp:term":[{"taxonomy":"product_brand","embeddable":true,"href":"http:\/\/ksiegarnia-akademicka.pl\/index.php\/wp-json\/wp\/v2\/product_brand?post=901"},{"taxonomy":"product_cat","embeddable":true,"href":"http:\/\/ksiegarnia-akademicka.pl\/index.php\/wp-json\/wp\/v2\/product_cat?post=901"},{"taxonomy":"product_tag","embeddable":true,"href":"http:\/\/ksiegarnia-akademicka.pl\/index.php\/wp-json\/wp\/v2\/product_tag?post=901"}],"curies":[{"name":"wp","href":"https:\/\/api.w.org\/{rel}","templated":true}]}}