{"id":8979,"date":"2018-12-04T15:47:10","date_gmt":"2018-12-04T14:47:10","guid":{"rendered":"http:\/\/ksiegarnia-akademicka.pl\/?post_type=product&#038;p=8979"},"modified":"2018-12-04T15:47:11","modified_gmt":"2018-12-04T14:47:11","slug":"regulacja-systemu-elektroenergetycznego","status":"publish","type":"product","link":"http:\/\/ksiegarnia-akademicka.pl\/index.php\/product\/regulacja-systemu-elektroenergetycznego\/","title":{"rendered":"Regulacja systemu elektroenergetycznego"},"content":{"rendered":"<p>J. Machowski<br \/>\nWydawnictwo: OWPW<br \/>\nZagadnienia dotycz\u0105ce regulacji i stabilno\u015bci system\u00f3w elektroenergetycznych s\u0105 ze sob\u0105 mocno powi\u0105zane. Trudno m\u00f3wi\u0107 o stabilno\u015bci z pomini\u0119ciem regulacji lub m\u00f3wi\u0107 o regulacji w oderwaniu od stabilno\u015bci. W skrypcie om\u00f3wiono nowoczesne urz\u0105dzenia s\u0142u\u017c\u0105ce do regulacji napi\u0119\u0107 i cz\u0119stotliwo\u015bci oraz przep\u0142yw\u00f3w mocy w systemie elektroenergetycznym. G\u0142\u00f3wny nacisk po\u0142o\u017cono na om\u00f3wienie zjawisk fizycznych istotnych dla zrozumienia stan\u00f3w przej\u015bciowych zachodz\u0105cych w systemie elektroenergetycznym pod wp\u0142ywem dzia\u0142ania zak\u0142\u00f3ce\u0144 i wywo\u0142ywanych przez nie proces\u00f3w regulacyjnych.<br \/>\nWydanie: 2, 2017<br \/>\nStron: 284<br \/>\nISBN: 978-83-7814-672-8<\/p>\n","protected":false},"excerpt":{"rendered":"<p>J. Machowski Wydawnictwo: OWPW Zagadnienia dotycz\u0105ce regulacji i stabilno\u015bci system\u00f3w [&hellip;]<\/p>\n","protected":false},"featured_media":8980,"template":"","meta":[],"product_brand":[],"product_cat":[41],"product_tag":[4289,4247,7694],"class_list":{"0":"post-8979","1":"product","2":"type-product","3":"status-publish","4":"has-post-thumbnail","6":"product_cat-nauki-techniczne","7":"product_tag-elektroenergetyka","8":"product_tag-energetyka","9":"product_tag-skrypty-politechniki-warszawskiej","11":"first","12":"instock","13":"sale","14":"shipping-taxable","15":"purchasable","16":"product-type-simple"},"_links":{"self":[{"href":"http:\/\/ksiegarnia-akademicka.pl\/index.php\/wp-json\/wp\/v2\/product\/8979","targetHints":{"allow":["GET"]}}],"collection":[{"href":"http:\/\/ksiegarnia-akademicka.pl\/index.php\/wp-json\/wp\/v2\/product"}],"about":[{"href":"http:\/\/ksiegarnia-akademicka.pl\/index.php\/wp-json\/wp\/v2\/types\/product"}],"wp:featuredmedia":[{"embeddable":true,"href":"http:\/\/ksiegarnia-akademicka.pl\/index.php\/wp-json\/wp\/v2\/media\/8980"}],"wp:attachment":[{"href":"http:\/\/ksiegarnia-akademicka.pl\/index.php\/wp-json\/wp\/v2\/media?parent=8979"}],"wp:term":[{"taxonomy":"product_brand","embeddable":true,"href":"http:\/\/ksiegarnia-akademicka.pl\/index.php\/wp-json\/wp\/v2\/product_brand?post=8979"},{"taxonomy":"product_cat","embeddable":true,"href":"http:\/\/ksiegarnia-akademicka.pl\/index.php\/wp-json\/wp\/v2\/product_cat?post=8979"},{"taxonomy":"product_tag","embeddable":true,"href":"http:\/\/ksiegarnia-akademicka.pl\/index.php\/wp-json\/wp\/v2\/product_tag?post=8979"}],"curies":[{"name":"wp","href":"https:\/\/api.w.org\/{rel}","templated":true}]}}