{"id":8925,"date":"2018-12-04T12:29:08","date_gmt":"2018-12-04T11:29:08","guid":{"rendered":"http:\/\/ksiegarnia-akademicka.pl\/?post_type=product&#038;p=8925"},"modified":"2018-12-04T12:29:08","modified_gmt":"2018-12-04T11:29:08","slug":"automatyka-technika-regulacji-2","status":"publish","type":"product","link":"http:\/\/ksiegarnia-akademicka.pl\/index.php\/product\/automatyka-technika-regulacji-2\/","title":{"rendered":"Automatyka Technika regulacji"},"content":{"rendered":"<p>Autor:<br \/>\nAndrzej D\u0119bowski<br \/>\nWydawca: Wydawnictwo Naukowe PWN<br \/>\nOprawa: Mi\u0119kka<br \/>\nFormat: 16.5&#215;23.5cm<br \/>\nLiczba stron: 186<br \/>\nWydanie: 1<br \/>\nRok wydania: 2018<\/p>\n<p>Ksi\u0105\u017cka jest po\u015bwi\u0119cona zagadnieniom projektowania jednoobwodowych uk\u0142ad\u00f3w automatycznej regulacji, stanowi\u0105cych podstawowy element wielu bardziej z\u0142o\u017conych system\u00f3w automatyki. Wprowadza czytelnik\u00f3w posiadaj\u0105cych ju\u017c teoretyczn\u0105 wiedz\u0119 z podstaw automatyki oraz tych, kt\u00f3rzy maj\u0105 problemy z bie\u017c\u0105c\u0105 eksploatacj\u0105 system\u00f3w automatyki, w zagadnienia dotycz\u0105ce uk\u0142ad\u00f3w regulacji. Zawiera cenne wskaz\u00f3wki i opisy rozwi\u0105za\u0144 nadaj\u0105cych si\u0119 do bezpo\u015bredniego zastosowania.<\/p>\n","protected":false},"excerpt":{"rendered":"<p>Autor: Andrzej D\u0119bowski Wydawca: Wydawnictwo Naukowe PWN Oprawa: Mi\u0119kka Format: [&hellip;]<\/p>\n","protected":false},"featured_media":8926,"template":"","meta":[],"product_brand":[],"product_cat":[41],"product_tag":[121,3653,6255],"class_list":{"0":"post-8925","1":"product","2":"type-product","3":"status-publish","4":"has-post-thumbnail","6":"product_cat-nauki-techniczne","7":"product_tag-automatyka","8":"product_tag-maszyny-i-urzadzenia","9":"product_tag-mechatronika","11":"first","12":"instock","13":"sale","14":"shipping-taxable","15":"purchasable","16":"product-type-simple"},"_links":{"self":[{"href":"http:\/\/ksiegarnia-akademicka.pl\/index.php\/wp-json\/wp\/v2\/product\/8925","targetHints":{"allow":["GET"]}}],"collection":[{"href":"http:\/\/ksiegarnia-akademicka.pl\/index.php\/wp-json\/wp\/v2\/product"}],"about":[{"href":"http:\/\/ksiegarnia-akademicka.pl\/index.php\/wp-json\/wp\/v2\/types\/product"}],"wp:featuredmedia":[{"embeddable":true,"href":"http:\/\/ksiegarnia-akademicka.pl\/index.php\/wp-json\/wp\/v2\/media\/8926"}],"wp:attachment":[{"href":"http:\/\/ksiegarnia-akademicka.pl\/index.php\/wp-json\/wp\/v2\/media?parent=8925"}],"wp:term":[{"taxonomy":"product_brand","embeddable":true,"href":"http:\/\/ksiegarnia-akademicka.pl\/index.php\/wp-json\/wp\/v2\/product_brand?post=8925"},{"taxonomy":"product_cat","embeddable":true,"href":"http:\/\/ksiegarnia-akademicka.pl\/index.php\/wp-json\/wp\/v2\/product_cat?post=8925"},{"taxonomy":"product_tag","embeddable":true,"href":"http:\/\/ksiegarnia-akademicka.pl\/index.php\/wp-json\/wp\/v2\/product_tag?post=8925"}],"curies":[{"name":"wp","href":"https:\/\/api.w.org\/{rel}","templated":true}]}}