{"id":8864,"date":"2018-11-30T13:30:41","date_gmt":"2018-11-30T12:30:41","guid":{"rendered":"http:\/\/ksiegarnia-akademicka.pl\/?post_type=product&#038;p=8864"},"modified":"2025-09-26T09:22:46","modified_gmt":"2025-09-26T07:22:46","slug":"prawo-rzeczowe-pytania-kazusy-tablice-testy-2","status":"publish","type":"product","link":"http:\/\/ksiegarnia-akademicka.pl\/index.php\/product\/prawo-rzeczowe-pytania-kazusy-tablice-testy-2\/","title":{"rendered":"Prawo rzeczowe Pytania Kazusy Tablice Testy"},"content":{"rendered":"<div class=\"grupa seria\"><span class=\"meta-head-blue\">Nale\u017cy do serii: <\/span>REPETYTORIA BECKA<\/div>\n<div class=\"grupa wydawca\"><span class=\"meta-head\">Wydawca:<\/span>\u00a0C.H. Beck<\/div>\n<div class=\"grupa dane\">\n<div>Oprawa:\u00a0<span class=\"meta-value-bold\">Mi\u0119kka<\/span><\/div>\n<div>Format:\u00a0<span class=\"meta-value-bold\">16.5&#215;23.8cm<\/span><\/div>\n<div>Liczba stron:\u00a0<span class=\"meta-value-bold\">370<\/span><\/div>\n<div>Wydanie:\u00a0<span class=\"meta-value-bold\">10<\/span><\/div>\n<div>Rok wydania:\u00a0<span class=\"meta-value-bold\">2025<\/span><\/div>\n<div>J\u0119zyk wydania:\u00a0<span class=\"meta-value-bold\">polski<\/span><\/div>\n<\/div>\n<div><\/div>\n<div>Repetytorium prezentuje i porz\u0105dkuje najwa\u017cniejsze zagadnienia z zakresu prawa rzeczowego.<\/p>\n<p>Dzi\u0119ki publikacji sprawnie przyswoisz wiedz\u0119, poznasz podstawy najwa\u017cniejszych zagadnie\u0144, a na koniec sprawdzisz i uzupe\u0142nisz ewentualne braki w przygotowaniu do egzaminu. Zagadnienia zosta\u0142y opracowane przez specjalist\u00f3w i s\u0105 oparte o aktualny stan prawny.<\/p>\n<p>Repetytorium sk\u0142ada si\u0119 z czterech cz\u0119\u015bci:<\/p>\n<p>PYTANIA Z ODPOWIEDZIAMI \u2013 zawieraj\u0105ce niezb\u0119dne informacje z danej dziedziny prawa oraz odpowiedzi z w\u0142a\u015bciw\u0105 podstaw\u0105 prawn\u0105 oraz odes\u0142aniem do konkretnego artyku\u0142u.<br \/>\nKAZUSY Z ROZWI\u0104ZANIAMI \u2013 oparte na aktualnym stanie prawnym i przyk\u0142adowym orzecznictwie, ucz\u0105ce prawniczego my\u015blenia.<br \/>\nTABLICE \u2013 czytelnie prezentuj\u0105ce zagadnienia i u\u0142atwiaj\u0105ce wzrokowe zapami\u0119tanie hase\u0142 i definicji.<br \/>\nTESTY ONLINE \u2013 sprawdzaj\u0105ce poziom przygotowania z danej tematyki.<br \/>\nZagadnienia zawarte w ksi\u0105\u017cce dotycz\u0105 m.in.:<\/p>\n<p>Og\u00f3lnych wiadomo\u015bci o prawie rzeczowym,<br \/>\nModeli w\u0142asno\u015bci,<br \/>\nNabycia i utraty prawa w\u0142asno\u015bci,<br \/>\nOchrony w\u0142asno\u015bci,<br \/>\nU\u017cytkowania wieczystego,<br \/>\nS\u0142u\u017cebno\u015bci,<br \/>\nHipoteki,<br \/>\nKsi\u0105g wieczystych.<br \/>\nKsi\u0105\u017cka zawiera:<\/p>\n<p>Praktyczne pomoce w formie pyta\u0144 i kazus\u00f3w.<br \/>\nPrzejrzyst\u0105 prezentacj\u0119 tre\u015bci w formie tablic i schemat\u00f3w.<br \/>\nRoczny dost\u0119p do test\u00f3w online.<br \/>\nSzybko i skutecznie przygotuj si\u0119 do egzaminu!<\/p><\/div>\n","protected":false},"excerpt":{"rendered":"<p>Nale\u017cy do serii: REPETYTORIA BECKA Wydawca:\u00a0C.H. Beck Oprawa:\u00a0Mi\u0119kka Format:\u00a016.5&#215;23.8cm Liczba [&hellip;]<\/p>\n","protected":false},"featured_media":21221,"template":"","meta":[],"product_brand":[],"product_cat":[7491,7530,18],"product_tag":[2630,6590],"class_list":{"0":"post-8864","1":"product","2":"type-product","3":"status-publish","4":"has-post-thumbnail","6":"product_cat-cywilne","7":"product_cat-nowosci","8":"product_cat-prawo","9":"product_tag-prawo-rzeczowe","10":"product_tag-seria-repetytoria-becka","12":"first","13":"instock","14":"sale","15":"shipping-taxable","16":"purchasable","17":"product-type-simple"},"_links":{"self":[{"href":"http:\/\/ksiegarnia-akademicka.pl\/index.php\/wp-json\/wp\/v2\/product\/8864","targetHints":{"allow":["GET"]}}],"collection":[{"href":"http:\/\/ksiegarnia-akademicka.pl\/index.php\/wp-json\/wp\/v2\/product"}],"about":[{"href":"http:\/\/ksiegarnia-akademicka.pl\/index.php\/wp-json\/wp\/v2\/types\/product"}],"wp:featuredmedia":[{"embeddable":true,"href":"http:\/\/ksiegarnia-akademicka.pl\/index.php\/wp-json\/wp\/v2\/media\/21221"}],"wp:attachment":[{"href":"http:\/\/ksiegarnia-akademicka.pl\/index.php\/wp-json\/wp\/v2\/media?parent=8864"}],"wp:term":[{"taxonomy":"product_brand","embeddable":true,"href":"http:\/\/ksiegarnia-akademicka.pl\/index.php\/wp-json\/wp\/v2\/product_brand?post=8864"},{"taxonomy":"product_cat","embeddable":true,"href":"http:\/\/ksiegarnia-akademicka.pl\/index.php\/wp-json\/wp\/v2\/product_cat?post=8864"},{"taxonomy":"product_tag","embeddable":true,"href":"http:\/\/ksiegarnia-akademicka.pl\/index.php\/wp-json\/wp\/v2\/product_tag?post=8864"}],"curies":[{"name":"wp","href":"https:\/\/api.w.org\/{rel}","templated":true}]}}