{"id":8705,"date":"2018-10-18T16:15:46","date_gmt":"2018-10-18T14:15:46","guid":{"rendered":"http:\/\/ksiegarnia-akademicka.pl\/?post_type=product&#038;p=8705"},"modified":"2025-12-15T09:54:35","modified_gmt":"2025-12-15T08:54:35","slug":"ekg-latwo-zrozumiec-ecgs-made-easy","status":"publish","type":"product","link":"http:\/\/ksiegarnia-akademicka.pl\/index.php\/product\/ekg-latwo-zrozumiec-ecgs-made-easy\/","title":{"rendered":"EKG \u0142atwo zrozumie\u0107 ECGs made easy"},"content":{"rendered":"<p>Barbara Aehlert<br \/>\nT\u0142umacze: Gajek Jacek, Salomon Piotr, Zy\u015bko Dorota<br \/>\nWydawca: Edra Urban &amp; Partner<br \/>\nOprawa: Mi\u0119kka<br \/>\nFormat: 21.0&#215;27.0cm<br \/>\nLiczba stron: 336<br \/>\nRok wydania: 2012<br \/>\nJ\u0119zyk wydania: polski<\/p>\n<p>Publikacja skierowana do student\u00f3w piel\u0119gniarstwa, medycyny, ratownik\u00f3w medycznych, technik\u00f3w EKG, piel\u0119gniarek i pracownik\u00f3w s\u0142u\u017cby zdrowia, kt\u00f3rzy chcieliby opanowa\u0107 umiej\u0119tno\u015b\u0107 podstawowego rozpoznawania zapisu EKG. Informacje zawarte w tym podr\u0119czniku koncentruj\u0105 si\u0119 na podstawach niezb\u0119dnych do interpretacji EKG i zrozumienia jego znaczenia. ka\u017cdy rytm serca w zapisie EKG jest opisany i opatrzony przyk\u0142adowym elektrokardiogramem. Om\u00f3wione s\u0105 r\u00f3wnie\u017c symboliczne symptomy i oznaki wyst\u0119puj\u0105ce u pacjenta, a zwi\u0105zane z danym rytmem serca, a tak\u017ce zalecane leczenie. Na ko\u0144cu ka\u017cdego rozdzia\u0142u do\u0142\u0105czono dodatkowe przyk\u0142ady elektrokardiogram\u00f3w do samodzielnej nauki. W ksi\u0105\u017cce znalaz\u0142y si\u0119 r\u00f3wnie\u017c rozdzia\u0142y dotycz\u0105ce niezb\u0119dnych podstaw elektrofizjologii i stymulacji serca.<\/p>\n","protected":false},"excerpt":{"rendered":"<p>Barbara Aehlert T\u0142umacze: Gajek Jacek, Salomon Piotr, Zy\u015bko Dorota Wydawca: [&hellip;]<\/p>\n","protected":false},"featured_media":8706,"template":"","meta":[],"product_brand":[],"product_cat":[7991,7493,7965],"product_tag":[85,6545,7057],"class_list":{"0":"post-8705","1":"product","2":"type-product","3":"status-publish","4":"has-post-thumbnail","6":"product_cat-kardiologia","7":"product_cat-medycyna","8":"product_cat-pielegniarstwo","9":"product_tag-diagnostyka","10":"product_tag-ekg","11":"product_tag-kardiologia","13":"first","14":"instock","15":"sale","16":"shipping-taxable","17":"purchasable","18":"product-type-simple"},"_links":{"self":[{"href":"http:\/\/ksiegarnia-akademicka.pl\/index.php\/wp-json\/wp\/v2\/product\/8705","targetHints":{"allow":["GET"]}}],"collection":[{"href":"http:\/\/ksiegarnia-akademicka.pl\/index.php\/wp-json\/wp\/v2\/product"}],"about":[{"href":"http:\/\/ksiegarnia-akademicka.pl\/index.php\/wp-json\/wp\/v2\/types\/product"}],"wp:featuredmedia":[{"embeddable":true,"href":"http:\/\/ksiegarnia-akademicka.pl\/index.php\/wp-json\/wp\/v2\/media\/8706"}],"wp:attachment":[{"href":"http:\/\/ksiegarnia-akademicka.pl\/index.php\/wp-json\/wp\/v2\/media?parent=8705"}],"wp:term":[{"taxonomy":"product_brand","embeddable":true,"href":"http:\/\/ksiegarnia-akademicka.pl\/index.php\/wp-json\/wp\/v2\/product_brand?post=8705"},{"taxonomy":"product_cat","embeddable":true,"href":"http:\/\/ksiegarnia-akademicka.pl\/index.php\/wp-json\/wp\/v2\/product_cat?post=8705"},{"taxonomy":"product_tag","embeddable":true,"href":"http:\/\/ksiegarnia-akademicka.pl\/index.php\/wp-json\/wp\/v2\/product_tag?post=8705"}],"curies":[{"name":"wp","href":"https:\/\/api.w.org\/{rel}","templated":true}]}}