{"id":8687,"date":"2018-10-08T09:42:41","date_gmt":"2018-10-08T07:42:41","guid":{"rendered":"http:\/\/ksiegarnia-akademicka.pl\/?post_type=product&#038;p=8687"},"modified":"2024-12-04T13:44:14","modified_gmt":"2024-12-04T12:44:14","slug":"specustawa-mieszkaniowa-nowe-zasady-realizacji-inwestycji-ksiazka-z-plyta-cd","status":"publish","type":"product","link":"http:\/\/ksiegarnia-akademicka.pl\/index.php\/product\/specustawa-mieszkaniowa-nowe-zasady-realizacji-inwestycji-ksiazka-z-plyta-cd\/","title":{"rendered":"Specustawa mieszkaniowa Nowe zasady realizacji inwestycji. Ksi\u0105\u017cka z p\u0142yt\u0105 CD"},"content":{"rendered":"<p>Nale\u017cy do serii:<br \/>\nSEKTOR PUBLICZNY W PRAKTYCE<br \/>\nAutor:<br \/>\nDagmara Kafar<br \/>\nWydawca: C.H. Beck<br \/>\nOprawa: Mi\u0119kka ze skrzyde\u0142kami<br \/>\nFormat: 16.5&#215;24.0cm<br \/>\nLiczba stron: 144<br \/>\nRok wydania: 2018<\/p>\n<p>Ustawa o u\u0142atwieniach w przygotowaniu i realizacji inwestycji mieszkaniowych oraz inwestycji towarzysz\u0105cych (tzw. specustawa mieszkaniowa) przyj\u0119ta przez Sejm 5.7.2018r. wesz\u0142a w \u017cycie ju\u017c 22.8.2018 r. Na jej podstawie przygotowali\u015bmy publikacje, kt\u00f3ra w spos\u00f3b kompleksowy opisuje poszczeg\u00f3lne etapy realizacji inwestycji mieszkaniowych i towarzysz\u0105cych z uwzgl\u0119dnieniem ostatnich zmian w Kodeksie post\u0119powania administracyjnego oraz przepis\u00f3w ustawy o rewitalizacji.<\/p>\n<p>Celem publikacji jest przede wszystkim uj\u0119cie powy\u017cszej problematyki z perspektywy praktycznej. Czytelnik uzyskuje kompleksow\u0105 wiedz\u0119, jak powinno zosta\u0107 prawid\u0142owo i skutecznie przeprowadzone post\u0119powanie maj\u0105ce na celu:<br \/>\npodj\u0119cie uchwa\u0142y w sprawie lokalizacji inwestycji mieszkaniowych oraz towarzysz\u0105cych,<br \/>\nwydanie decyzji administracyjnych, niezb\u0119dnych w procesie przygotowania inwestycji z uwzgl\u0119dnieniem modyfikacji tryb\u00f3w dzia\u0142ania w sytuacji wykorzystywania specustawy mieszkaniowej lub ustawy o rewitalizacji.<\/p>\n<p>W publikacji zosta\u0142y przedstawione wszystkie etapy rozpatrzenia wniosku o ustalenie lokalizacji inwestycji mieszkaniowej oraz towarzysz\u0105cej oraz uzyskania zgody budowlanej i innych decyzji administracyjnych (\u015brodowiskowych, zarz\u0105dc\u00f3w dr\u00f3g publicznych, s\u0142u\u017cb konserwatorskich i zg\u00f3w wodno prawnych) z uwzgl\u0119dnieniem ponaglenia oraz mediacji (nowych instytucji prawnych wprowadzonych nowelizacj\u0105 KPA), a tak\u017ce etapu post\u0119powania odwo\u0142awczego, jego specyfiki oraz skutk\u00f3w prawnych (po\u015brednich i bezpo\u015brednich) wydania rozstrzygni\u0119\u0107 przez ka\u017cdy z organ\u00f3w.<\/p>\n<p>Punktem wyj\u015bcia jest analiza por\u00f3wnawcza wszystkich mo\u017cliwych tryb\u00f3w realizacji inwestycji mieszkaniowych i towarzysz\u0105cych przedstawiona w formie tabeli oraz zgeneralizowanych opis\u00f3w poszczeg\u00f3lnych schemat\u00f3w dzia\u0142ania w zale\u017cno\u015bci od wybranego trybu dzia\u0142ania. Wiedz\u0119 t\u0119 mog\u0105 zastosowa\u0107 w praktyce urz\u0119dnicy organ\u00f3w administracji publicznej, prowadz\u0105cych post\u0119powania administracyjne, czy uczestnicz\u0105cych w procesie przygotowania uchwa\u0142 w sprawie lokalizacji inwestycji mieszkaniowej, ale r\u00f3wnie\u017c przez szeroki kr\u0105g podmiot\u00f3w realizuj\u0105cych inwestycje mieszkaniowe w celu wdro\u017cenia najbardziej racjonalnego trybu post\u0119powania.<\/p>\n","protected":false},"excerpt":{"rendered":"<p>Nale\u017cy do serii: SEKTOR PUBLICZNY W PRAKTYCE Autor: Dagmara Kafar [&hellip;]<\/p>\n","protected":false},"featured_media":8688,"template":"","meta":[],"product_brand":[],"product_cat":[34],"product_tag":[705,5172,5656,6841],"class_list":{"0":"post-8687","1":"product","2":"type-product","3":"status-publish","4":"has-post-thumbnail","6":"product_cat-nieruchomosci","7":"product_tag-nieruchomosci","8":"product_tag-prawo-mieszkaniowe","9":"product_tag-prawo-nieruchomosci","10":"product_tag-seria-sektor-publiczny-w-praktyce","12":"first","13":"instock","14":"sale","15":"shipping-taxable","16":"purchasable","17":"product-type-simple"},"_links":{"self":[{"href":"http:\/\/ksiegarnia-akademicka.pl\/index.php\/wp-json\/wp\/v2\/product\/8687","targetHints":{"allow":["GET"]}}],"collection":[{"href":"http:\/\/ksiegarnia-akademicka.pl\/index.php\/wp-json\/wp\/v2\/product"}],"about":[{"href":"http:\/\/ksiegarnia-akademicka.pl\/index.php\/wp-json\/wp\/v2\/types\/product"}],"wp:featuredmedia":[{"embeddable":true,"href":"http:\/\/ksiegarnia-akademicka.pl\/index.php\/wp-json\/wp\/v2\/media\/8688"}],"wp:attachment":[{"href":"http:\/\/ksiegarnia-akademicka.pl\/index.php\/wp-json\/wp\/v2\/media?parent=8687"}],"wp:term":[{"taxonomy":"product_brand","embeddable":true,"href":"http:\/\/ksiegarnia-akademicka.pl\/index.php\/wp-json\/wp\/v2\/product_brand?post=8687"},{"taxonomy":"product_cat","embeddable":true,"href":"http:\/\/ksiegarnia-akademicka.pl\/index.php\/wp-json\/wp\/v2\/product_cat?post=8687"},{"taxonomy":"product_tag","embeddable":true,"href":"http:\/\/ksiegarnia-akademicka.pl\/index.php\/wp-json\/wp\/v2\/product_tag?post=8687"}],"curies":[{"name":"wp","href":"https:\/\/api.w.org\/{rel}","templated":true}]}}