{"id":8583,"date":"2018-09-07T11:08:02","date_gmt":"2018-09-07T09:08:02","guid":{"rendered":"http:\/\/ksiegarnia-akademicka.pl\/?post_type=product&#038;p=8583"},"modified":"2018-09-07T11:08:02","modified_gmt":"2018-09-07T09:08:02","slug":"last-minute-aplikacje","status":"publish","type":"product","link":"http:\/\/ksiegarnia-akademicka.pl\/index.php\/product\/last-minute-aplikacje\/","title":{"rendered":"Last Minute Aplikacje"},"content":{"rendered":"<p>Wydawca: Od.Nowa<br \/>\nOprawa: Mi\u0119kka<br \/>\nFormat: 21.0&#215;26.0cm<br \/>\nLiczba stron: 647<br \/>\nRok wydania: 2018<\/p>\n<p>Zbi\u00f3r u\u0142atwiaj\u0105cy przygotowania do egzaminu testowego na aplikacj\u0119 radcowsk\u0105 i adwokack\u0105. Obejmuje streszczenia wszystkich ustaw obowi\u0105zuj\u0105cych na egzaminie wst\u0119pnym w 2018 r., przedstawione w klarownej i czytelnej formie. Pomaga w uporz\u0105dkowaniu i utrwaleniu wiedzy wymaganej podczas egzaminu. S\u0142u\u017cy temu ju\u017c sama konstrukcja ksi\u0105\u017cki, opieraj\u0105ca si\u0119 na schemacie pyta\u0144 zadawanych na egzaminach testowych w latach 2008\/2017.<\/p>\n<p>\u2022 Skuteczna powt\u00f3rka przed egzaminem<\/p>\n<p>\u2022 Nowatorska koncepcja: skondensowanie tre\u015bci ustaw oraz uwypuklenie element\u00f3w, z kt\u00f3rych s\u0105 \u2013 lub mog\u0105 by\u0107 \u2013 formu\u0142owane pytania egzaminacyjne<\/p>\n<p>\u2022 Streszczenia wszystkich ustaw obowi\u0105zuj\u0105cych na egzaminie wst\u0119pnym w 2018 r., w tym znowelizowanych ustaw s\u0105dowych (Prawo o ustroju s\u0105d\u00f3w powszechnych, ustawa o S\u0105dzie Najwy\u017cszym, ustawa o Krajowej Radzie S\u0105downictwa) oraz ustaw dotycz\u0105cych przedsi\u0119biorc\u00f3w (Prawo przedsi\u0119biorc\u00f3w, ustawa o CEDIG)<\/p>\n<p>\u2022 Najbardziej szczeg\u00f3\u0142owe przedstawienie tych cz\u0119\u015bci ustaw, kt\u00f3rych dotyczy\u0142y do tej pory pytania testowe<\/p>\n<p>\u2022 Informacja co do liczby pyta\u0144 zwi\u0105zanych z danym fragmentem ustawy, kt\u00f3re pojawi\u0142y si\u0119 na egzaminach w ostatnich latach<\/p>\n<p>\u2022 Przejrzyste rozwi\u0105zania graficzne<\/p>\n<p>Stan prawny 15.05.2018<\/p>\n","protected":false},"excerpt":{"rendered":"<p>Wydawca: Od.Nowa Oprawa: Mi\u0119kka Format: 21.0&#215;26.0cm Liczba stron: 647 Rok [&hellip;]<\/p>\n","protected":false},"featured_media":8584,"template":"","meta":[],"product_brand":[],"product_cat":[7497,18],"product_tag":[4542,306,7350],"class_list":{"0":"post-8583","1":"product","2":"type-product","3":"status-publish","4":"has-post-thumbnail","6":"product_cat-ogolne-zagadnienia-prawa","7":"product_cat-prawo","8":"product_tag-aplikacje-prawnicze","9":"product_tag-repetytoria","10":"product_tag-seria-last-minute","12":"first","13":"instock","14":"sale","15":"shipping-taxable","16":"purchasable","17":"product-type-simple"},"_links":{"self":[{"href":"http:\/\/ksiegarnia-akademicka.pl\/index.php\/wp-json\/wp\/v2\/product\/8583","targetHints":{"allow":["GET"]}}],"collection":[{"href":"http:\/\/ksiegarnia-akademicka.pl\/index.php\/wp-json\/wp\/v2\/product"}],"about":[{"href":"http:\/\/ksiegarnia-akademicka.pl\/index.php\/wp-json\/wp\/v2\/types\/product"}],"wp:featuredmedia":[{"embeddable":true,"href":"http:\/\/ksiegarnia-akademicka.pl\/index.php\/wp-json\/wp\/v2\/media\/8584"}],"wp:attachment":[{"href":"http:\/\/ksiegarnia-akademicka.pl\/index.php\/wp-json\/wp\/v2\/media?parent=8583"}],"wp:term":[{"taxonomy":"product_brand","embeddable":true,"href":"http:\/\/ksiegarnia-akademicka.pl\/index.php\/wp-json\/wp\/v2\/product_brand?post=8583"},{"taxonomy":"product_cat","embeddable":true,"href":"http:\/\/ksiegarnia-akademicka.pl\/index.php\/wp-json\/wp\/v2\/product_cat?post=8583"},{"taxonomy":"product_tag","embeddable":true,"href":"http:\/\/ksiegarnia-akademicka.pl\/index.php\/wp-json\/wp\/v2\/product_tag?post=8583"}],"curies":[{"name":"wp","href":"https:\/\/api.w.org\/{rel}","templated":true}]}}