{"id":8536,"date":"2018-09-07T09:09:10","date_gmt":"2018-09-07T07:09:10","guid":{"rendered":"http:\/\/ksiegarnia-akademicka.pl\/?post_type=product&#038;p=8536"},"modified":"2024-12-04T13:45:18","modified_gmt":"2024-12-04T12:45:18","slug":"ucieczka-przed-podatkami-i-kontrola-podatkowa","status":"publish","type":"product","link":"http:\/\/ksiegarnia-akademicka.pl\/index.php\/product\/ucieczka-przed-podatkami-i-kontrola-podatkowa\/","title":{"rendered":"Ucieczka przed podatkami i kontrola podatkowa"},"content":{"rendered":"<p>Redakcja: Kuzi\u0144ska Hanna<br \/>\nWydawca: Poltext<br \/>\nOprawa: Mi\u0119kka ze skrzyde\u0142kami<br \/>\nFormat: 16.5&#215;23.5cm<br \/>\nLiczba stron: 320<br \/>\nWydanie: 1<br \/>\nRok wydania: 2018<\/p>\n<p>Unikanie podatk\u00f3w, luka podatkowa w VAT, ceny transferowe, oszustwa akcyzowe czy pozorne transakcje \u2013 to gor\u0105ce tematy z pierwszych stron gazet. Zarazem ucieczka przed podatkami w Polsce nie wynika z akceptacji dla oszustw podatkowych, co potwierdzaj\u0105 badania CBOS-u. Spore jest natomiast przyzwolenie dla tzw. optymalizacji podatkowych, poniewa\u017c kojarz\u0105 si\u0119 one ze sprawnym poruszaniem si\u0119 w \u015brodowisku gospodarczym. Jednak podatnicy nie zawsze zdaj\u0105 sobie spraw\u0119 z ryzyka p\u0142yn\u0105cego z zastosowania tego rodzaju metod unikania opodatkowania. Dzieje si\u0119 tak g\u0142\u00f3wnie z powodu braku precyzji przepis\u00f3w prawa.<br \/>\nAutorzy ksi\u0105\u017cki podejmuj\u0105 pr\u00f3b\u0119 zdefiniowania tych dzia\u0142a\u0144, kt\u00f3re nale\u017ca\u0142oby uzna\u0107 za ucieczk\u0119 przed podatkami, wi\u0105\u017c\u0105c jednocze\u015bnie owo post\u0119powanie z kategori\u0105 nieprecyzyjnie opisywanej luki podatkowej. W szczeg\u00f3lno\u015bci autorzy analizuj\u0105 podatek VAT, r\u00f3\u017cne formy akcyzy i podatki bezpo\u015brednie, poszukuj\u0105c odpowiedzi na pytanie, jak koncepcja i konstrukcja danego podatku mo\u017ce wp\u0142ywa\u0107 na ucieczk\u0119 przed podatkami. Formu\u0142uj\u0105 konkretne wnioski dla administracji skarbowej, kt\u00f3rej sprawno\u015b\u0107 ma bezpo\u015bredni wp\u0142yw na kszta\u0142towanie si\u0119 wp\u0142yw\u00f3w podatkowych.<br \/>\nJedna z konkluzji autor\u00f3w dotyczy niezwlekania z obni\u017caniem stawki podstawowej VAT w Polsce, by ogranicza\u0107 pokus\u0119 ucieczki przed tym podatkiem. Zdaniem autor\u00f3w nale\u017ca\u0142oby opracowa\u0107 harmonogram stopniowego, roz\u0142o\u017conego na 10 lat, obni\u017cania stawki podstawowej do minimalnej 15% i jednoczesnego podwy\u017cszania stawek preferencyjnych.<br \/>\n***<br \/>\nHanna Kuzi\u0144ska \u2013 profesor Akademii Leona Ko\u017ami\u0144skiego, uczy finans\u00f3w publicznych, w tym system\u00f3w podatkowych, autorka ksi\u0105\u017cki \u201eRola podatk\u00f3w po\u015brednich w Polsce\u201d oraz licznych artyku\u0142\u00f3w o tematyce ekonomicznej i finansowej. Marek Be\u0142dzikowski \u2013 doktor nauk prawnych w obszarze proceder\u00f3w unikania opodatkowania, radca prawny, doradca podatkowy. Ma\u0142gorzata Hasny-\u0141o\u0144 \u2013 wieloletni praktyk prawa podatkowego, w szczeg\u00f3lno\u015bci podatku od towar\u00f3w i us\u0142ug, pracownik administracji publicznej. Grzegorz Kujawski \u2013 doktor nauk ekonomicznych w obszarze kontroli skarbowej, doradca podatkowy, partner w kancelarii KNDP, specjalizuje si\u0119 w zakresie podatk\u00f3w dochodowych, fuzji i przej\u0119\u0107 oraz restrukturyzacji, autor m. in. komentarza do generalnej klauzuli unikania opodatkowania obowi\u0105zuj\u0105cej w Polsce. Rados\u0142aw Piekarz \u2013 doradca podatkowy, zajmuje si\u0119 g\u0142\u00f3wnie tematyk\u0105 cen transferowych i podatk\u00f3w mi\u0119dzynarodowych, autor trzech ksi\u0105\u017cek po\u015bwi\u0119conych cenom transferowym.<\/p>\n","protected":false},"excerpt":{"rendered":"<p>Redakcja: Kuzi\u0144ska Hanna Wydawca: Poltext Oprawa: Mi\u0119kka ze skrzyde\u0142kami Format: [&hellip;]<\/p>\n","protected":false},"featured_media":8537,"template":"","meta":[],"product_brand":[],"product_cat":[22],"product_tag":[2593,7664,1055],"class_list":{"0":"post-8536","1":"product","2":"type-product","3":"status-publish","4":"has-post-thumbnail","6":"product_cat-podatki-i-prawo-podatkowe","7":"product_tag-kontrola-podatkowa","8":"product_tag-optymalizacja-podatkowa","9":"product_tag-prawo-podatkowe","11":"first","12":"instock","13":"sale","14":"shipping-taxable","15":"purchasable","16":"product-type-simple"},"_links":{"self":[{"href":"http:\/\/ksiegarnia-akademicka.pl\/index.php\/wp-json\/wp\/v2\/product\/8536","targetHints":{"allow":["GET"]}}],"collection":[{"href":"http:\/\/ksiegarnia-akademicka.pl\/index.php\/wp-json\/wp\/v2\/product"}],"about":[{"href":"http:\/\/ksiegarnia-akademicka.pl\/index.php\/wp-json\/wp\/v2\/types\/product"}],"wp:featuredmedia":[{"embeddable":true,"href":"http:\/\/ksiegarnia-akademicka.pl\/index.php\/wp-json\/wp\/v2\/media\/8537"}],"wp:attachment":[{"href":"http:\/\/ksiegarnia-akademicka.pl\/index.php\/wp-json\/wp\/v2\/media?parent=8536"}],"wp:term":[{"taxonomy":"product_brand","embeddable":true,"href":"http:\/\/ksiegarnia-akademicka.pl\/index.php\/wp-json\/wp\/v2\/product_brand?post=8536"},{"taxonomy":"product_cat","embeddable":true,"href":"http:\/\/ksiegarnia-akademicka.pl\/index.php\/wp-json\/wp\/v2\/product_cat?post=8536"},{"taxonomy":"product_tag","embeddable":true,"href":"http:\/\/ksiegarnia-akademicka.pl\/index.php\/wp-json\/wp\/v2\/product_tag?post=8536"}],"curies":[{"name":"wp","href":"https:\/\/api.w.org\/{rel}","templated":true}]}}