{"id":8528,"date":"2018-09-06T09:34:43","date_gmt":"2018-09-06T07:34:43","guid":{"rendered":"http:\/\/ksiegarnia-akademicka.pl\/?post_type=product&#038;p=8528"},"modified":"2024-12-04T13:45:31","modified_gmt":"2024-12-04T12:45:31","slug":"rzeznicy-i-lekarze-makabryczny-swiat-medycyny-i-rewolucja-josepha-listera","status":"publish","type":"product","link":"http:\/\/ksiegarnia-akademicka.pl\/index.php\/product\/rzeznicy-i-lekarze-makabryczny-swiat-medycyny-i-rewolucja-josepha-listera\/","title":{"rendered":"Rze\u017anicy i lekarze Makabryczny \u015bwiat medycyny i rewolucja Josepha Listera"},"content":{"rendered":"<p>Lindsey Fitzharris<br \/>\nWydawca: Znak<br \/>\nOprawa: Mi\u0119kka<br \/>\nFormat: 14.7&#215;18.5<br \/>\nLiczba stron: 320<br \/>\nWydanie: 1<br \/>\nRok wydania: 2018<\/p>\n<p>Wizyta w szpitalu by\u0142a kiedy\u015b najprostszym sposobem, by sko\u0144czy\u0107 w grobie. XIX-wieczni chirurdzy, cz\u0119sto niewykszta\u0142ceni, nawet niepi\u015bmienni, kroili swoich pacjent\u00f3w, nie my\u015bl\u0105c o odka\u017caniu narz\u0119dzi. Amputacja by\u0142a ich ulubion\u0105 metod\u0105 kuracji, a gangrena nie by\u0142a niczym niepokoj\u0105cym. Pacjent\u00f3w cz\u0119sto trzeba by\u0142o goni\u0107 po sali i wi\u0105za\u0107, by poddali si\u0119 \u201eleczeniu\u201d.<br \/>\nChirurg James Y. Simpson jeszcze w 1869 roku uwa\u017ca\u0142, \u017ce \u201e\u017co\u0142nierz na polu bitwy pod Waterloo ma wi\u0119ksze szanse na prze\u017cycie ni\u017c cz\u0142owiek, kt\u00f3ry idzie do szpitala\u201d.<br \/>\nDopiero Joseph Lister odkry\u0142, \u017ce infekcje powoduj\u0105 zarazki, kt\u00f3re mo\u017cna pokona\u0107 \u015brodkami antyseptycznymi. By\u0142 za swoje teorie wy\u015bmiewany, ale ostatecznie to jemu nauka przyzna\u0142a racj\u0119. Poznajcie niewiarygodne realia, w jakich leczeni byli pacjenci, i dramatyczn\u0105 walk\u0119 Listera o to, by zmieni\u0107 rze\u017anik\u00f3w w lekarzy. <\/p>\n<p>Lindsey Fitzharris \u2013 doktor historii nauki i medycyny, absolwentka Oxfordu. Prowadzi popularn\u0105 stron\u0119 internetow\u0105 \u201eThe Chirurgeon\u2019s Apprentice\u201d i w\u0142asny kana\u0142 na YouTubie \u201eUnder the Knife\u201d. Jej styl to po\u0142\u0105czenie erudycji godnej J\u00fcrgena Thorwalda z b\u0142yskotliwym dowcipem Mary Roach. Rze\u017anicy i lekarze zyskali entuzjastyczne recenzje w niemal wszystkich czasopismach, m.in. \u201eGuardianie\u201d, \u201ePublishers Weekly\u201d, \u201eKirkus Review\u201d, i zostali nagrodzeni presti\u017cow\u0105 PEN\/E.O. Wilson Prize for Literary Science Writing 2018.<\/p>\n","protected":false},"excerpt":{"rendered":"<p>Lindsey Fitzharris Wydawca: Znak Oprawa: Mi\u0119kka Format: 14.7&#215;18.5 Liczba stron: [&hellip;]<\/p>\n","protected":false},"featured_media":8529,"template":"","meta":[],"product_brand":[],"product_cat":[7493,44],"product_tag":[6569],"class_list":{"0":"post-8528","1":"product","2":"type-product","3":"status-publish","4":"has-post-thumbnail","6":"product_cat-medycyna","7":"product_cat-nauki-medyczne","8":"product_tag-historia-medycyny","10":"first","11":"instock","12":"sale","13":"shipping-taxable","14":"purchasable","15":"product-type-simple"},"_links":{"self":[{"href":"http:\/\/ksiegarnia-akademicka.pl\/index.php\/wp-json\/wp\/v2\/product\/8528","targetHints":{"allow":["GET"]}}],"collection":[{"href":"http:\/\/ksiegarnia-akademicka.pl\/index.php\/wp-json\/wp\/v2\/product"}],"about":[{"href":"http:\/\/ksiegarnia-akademicka.pl\/index.php\/wp-json\/wp\/v2\/types\/product"}],"wp:featuredmedia":[{"embeddable":true,"href":"http:\/\/ksiegarnia-akademicka.pl\/index.php\/wp-json\/wp\/v2\/media\/8529"}],"wp:attachment":[{"href":"http:\/\/ksiegarnia-akademicka.pl\/index.php\/wp-json\/wp\/v2\/media?parent=8528"}],"wp:term":[{"taxonomy":"product_brand","embeddable":true,"href":"http:\/\/ksiegarnia-akademicka.pl\/index.php\/wp-json\/wp\/v2\/product_brand?post=8528"},{"taxonomy":"product_cat","embeddable":true,"href":"http:\/\/ksiegarnia-akademicka.pl\/index.php\/wp-json\/wp\/v2\/product_cat?post=8528"},{"taxonomy":"product_tag","embeddable":true,"href":"http:\/\/ksiegarnia-akademicka.pl\/index.php\/wp-json\/wp\/v2\/product_tag?post=8528"}],"curies":[{"name":"wp","href":"https:\/\/api.w.org\/{rel}","templated":true}]}}