{"id":8506,"date":"2018-09-05T14:26:17","date_gmt":"2018-09-05T12:26:17","guid":{"rendered":"http:\/\/ksiegarnia-akademicka.pl\/?post_type=product&#038;p=8506"},"modified":"2018-09-05T14:26:17","modified_gmt":"2018-09-05T12:26:17","slug":"prawo-o-ustroju-sadow-powszechnych","status":"publish","type":"product","link":"http:\/\/ksiegarnia-akademicka.pl\/index.php\/product\/prawo-o-ustroju-sadow-powszechnych\/","title":{"rendered":"Prawo o Ustroju S\u0105d\u00f3w Powszechnych"},"content":{"rendered":"<p>Prus Anna<br \/>\nWydawca: Od.Nowa<br \/>\nOprawa: Mi\u0119kka<br \/>\nFormat: 19.1&#215;10.5<br \/>\nLiczba stron: 264<br \/>\nWydanie: 5<br \/>\nRok wydania: 2018<\/p>\n<p>Stan prawny 10 sierpnia 2018 r.<br \/>\nPublikacja zawiera aktualne, z uwzgl\u0119dnieniem gruntownych zmian, teksty ustaw:<\/p>\n<p>&#8211; Prawo o ustroju s\u0105d\u00f3w powszechnych;<\/p>\n<p>&#8211; ustaw\u0119 o Krajowej Radzie S\u0105downictwa oraz<\/p>\n<p>&#8211; ustaw\u0119 o S\u0105dzie Najwy\u017cszym, kt\u00f3ra wejdzie w \u017cycie w dniu 3 kwietnia 2018 r.<\/p>\n<p>W publikacji zamieszczono r\u00f3wnie\u017c przepisy zmieniaj\u0105ce ww. ustawy, co pozwoli na \u015bledzenie zmian, kt\u00f3re aktualnie zachodz\u0105.<\/p>\n<p>Poprzez system przypis\u00f3w publikacja umo\u017cliwia studentom i praktykom \u0142atwe \u015bledzenie zmian prawnych. Zalet\u0105 ksi\u0105\u017cki jest jej praktyczny, por\u0119czny format, przejrzysty uk\u0142ad graficzny i niska cena. Przepisy wchodz\u0105ce w \u017cycie p\u00f3\u017aniej ni\u017c podany stan prawny aktu prawnego ale ju\u017c og\u0142oszone w Dzienniku Ustaw podajemy w ramkach z zachowaniem przepisu w dotychczas obowi\u0105zuj\u0105cym brzmieniu.<\/p>\n<p>Szczeg\u00f3lnie pomocna dla:<\/p>\n<p>\u2013 student\u00f3w i wyk\u0142adowc\u00f3w<\/p>\n<p>\u2013 os\u00f3b przygotowuj\u0105cych si\u0119 do egzamin\u00f3w<\/p>\n<p>\u2013 aplikant\u00f3w<\/p>\n<p>\u2013 os\u00f3b ceni\u0105cych sobie por\u0119czny format, niewielkie gabaryty ksi\u0105\u017cki oraz przyst\u0119pn\u0105 cen\u0119<\/p>\n","protected":false},"excerpt":{"rendered":"<p>Prus Anna Wydawca: Od.Nowa Oprawa: Mi\u0119kka Format: 19.1&#215;10.5 Liczba stron: [&hellip;]<\/p>\n","protected":false},"featured_media":8507,"template":"","meta":[],"product_brand":[],"product_cat":[7492,7496,18],"product_tag":[4859,2596,7660],"class_list":{"0":"post-8506","1":"product","2":"type-product","3":"status-publish","4":"has-post-thumbnail","6":"product_cat-administracyjne","7":"product_cat-konstytucyjne","8":"product_cat-prawo","9":"product_tag-sadownictwo","10":"product_tag-teksty-ustaw","11":"product_tag-ustroj-sadow-powszechnych","13":"first","14":"instock","15":"sale","16":"shipping-taxable","17":"purchasable","18":"product-type-simple"},"_links":{"self":[{"href":"http:\/\/ksiegarnia-akademicka.pl\/index.php\/wp-json\/wp\/v2\/product\/8506","targetHints":{"allow":["GET"]}}],"collection":[{"href":"http:\/\/ksiegarnia-akademicka.pl\/index.php\/wp-json\/wp\/v2\/product"}],"about":[{"href":"http:\/\/ksiegarnia-akademicka.pl\/index.php\/wp-json\/wp\/v2\/types\/product"}],"wp:featuredmedia":[{"embeddable":true,"href":"http:\/\/ksiegarnia-akademicka.pl\/index.php\/wp-json\/wp\/v2\/media\/8507"}],"wp:attachment":[{"href":"http:\/\/ksiegarnia-akademicka.pl\/index.php\/wp-json\/wp\/v2\/media?parent=8506"}],"wp:term":[{"taxonomy":"product_brand","embeddable":true,"href":"http:\/\/ksiegarnia-akademicka.pl\/index.php\/wp-json\/wp\/v2\/product_brand?post=8506"},{"taxonomy":"product_cat","embeddable":true,"href":"http:\/\/ksiegarnia-akademicka.pl\/index.php\/wp-json\/wp\/v2\/product_cat?post=8506"},{"taxonomy":"product_tag","embeddable":true,"href":"http:\/\/ksiegarnia-akademicka.pl\/index.php\/wp-json\/wp\/v2\/product_tag?post=8506"}],"curies":[{"name":"wp","href":"https:\/\/api.w.org\/{rel}","templated":true}]}}