{"id":8449,"date":"2018-09-05T11:53:05","date_gmt":"2018-09-05T09:53:05","guid":{"rendered":"http:\/\/ksiegarnia-akademicka.pl\/?post_type=product&#038;p=8449"},"modified":"2018-09-05T11:53:06","modified_gmt":"2018-09-05T09:53:06","slug":"ochrona-danych-osobowych-medycznych","status":"publish","type":"product","link":"http:\/\/ksiegarnia-akademicka.pl\/index.php\/product\/ochrona-danych-osobowych-medycznych\/","title":{"rendered":"Ochrona danych osobowych medycznych"},"content":{"rendered":"<p>Klara Andres, Edyta Bielak-Jomaa, Mariusz Jagielski, Piotr Kawczy\u0144ski inni<br \/>\nWydawca: C.H. Beck<br \/>\nOprawa: Mi\u0119kka<br \/>\nFormat: 17.3&#215;20.8<br \/>\nLiczba stron: 250<br \/>\nRok wydania: 2018<\/p>\n<p>Najwa\u017cniejsze atuty publikacji to:<br \/>\nliczne przyk\u0142ady zwi\u0105zane z prawid\u0142owym przetwarzaniem szczeg\u00f3lnej kategorii medycznych danych osobowych;<br \/>\nwzory dokument\u00f3w i rozwi\u0105za\u0144 do zastosowania w jednostkach przetwarzaj\u0105cych dane osobowe medyczne;<br \/>\nom\u00f3wienie og\u00f3lnego rozporz\u0105dzenia unijnego o ochronie danych osobowych w kontek\u015bcie danych osobowych medycznych, kt\u00f3re zacznie obowi\u0105zuje od 25 maja 2018 r.;<br \/>\nuwzgl\u0119dnienie przepis\u00f3w ustawy z 10 maja 2018 r. o ochronie danych osobowych;<br \/>\ndoskona\u0142y zesp\u00f3\u0142 Autor\u00f3w,kt\u00f3ry tworz\u0105 osoby z wieloletni\u0105 praktyk\u0105 w ochronie danych osobowych, a tak\u017ce blisko wsp\u00f3\u0142pracuj\u0105cy z podmiotami leczniczymi.<br \/>\nPrawid\u0142owe stosowanie przepis\u00f3w o ochronie danych osobowych jest szczeg\u00f3lnie istotne w jednostkach, kt\u00f3re przetwarzaj\u0105 dane wra\u017cliwe, jakimi s\u0105 dane medyczne. Trzeba pami\u0119ta\u0107 \u017ce przetwarzanie takich danych zasadniczo jest zakazane. Jedynym wyj\u0105tkiem jest przetwarzanie ich w celu ochrony zdrowia, \u015bwiadczenia us\u0142ug medycznych lub leczenia przez osoby zawodowo zajmuj\u0105cych si\u0119 leczeniem. W efekcie zbiory i systemy informatyczne zawieraj\u0105ce dane wra\u017cliwe s\u0105 traktowane inaczej ni\u017c wszystkie pozosta\u0142e \u2013 administrator takich zbior\u00f3w i system\u00f3w ma dodatkowe obowi\u0105zki zwi\u0105zane z ich prowadzeniem, w szczeg\u00f3lno\u015bci musi je w specjalny spos\u00f3b zabezpieczy\u0107, zapewni\u0107 pe\u0142n\u0105 gwarancje ich zabezpieczenia i nie mo\u017ce ich swobodnie udost\u0119pnia\u0107.<br \/>\nDzi\u0119ki tej publikacji Czytelnik dowie si\u0119 m.in.:<br \/>\nJakie przes\u0142anki musz\u0105 by\u0107 spe\u0142nione, aby dopuszczalne by\u0142o przetwarzanie danych wra\u017cliwych?<br \/>\nCzy rodzina zmar\u0142ego pacjenta mo\u017ce wyst\u0105pi\u0107 z wnioskiem o odszkodowanie za naruszenie przepis\u00f3w o ochronie danych osobowych poprzez udost\u0119pnienie dokumentacji medycznej osobom nieuprawnionym?<br \/>\nJak jest uregulowana kwstia przechowywania dokumentacji medycznej prowadzonej w formie papierowej po zako\u0144czeniu dzia\u0142alno\u015bci przez lekarza, piel\u0119gniark\u0119m lub po\u0142o\u017cn\u0105?<br \/>\nNa czym polega warstwowe spe\u0142nianie obowi\u0105zku informacyjnego wobec pacjenta?<br \/>\nCzym r\u00f3\u017cni si\u0119 obowi\u0105zek administratora zapewnienia dost\u0119pu do dokumentacji medycznej od zapewnienia dost\u0119pu do kopii danych?<br \/>\nJak prawid\u0142owo zabezpieczy\u0107 dane osobowe zgromadzone w dokumentacji medycznej?<br \/>\nOd spe\u0142nienia jakich warunk\u00f3w uzale\u017cniona jest mo\u017cliwo\u015b\u0107 zawarcia umowy prztwarzania danych medycznych?<br \/>\nJakie s\u0105 mo\u017cliwe do zastosowania \u015brodki ochrony fizycznej w zakresie bezpiecze\u0144stwa danych osobowych?<br \/>\nJak zorganizowa\u0107 systemow\u0105 ochron\u0119 danych osobowych przed nieuprawnionym dost\u0119pem do nich oraz nieuprawnion\u0105 zmian\u0105 ich tre\u015bci?<br \/>\nJakie zasady ochrony danych osobowych obowi\u0105zuj\u0105 w transplantologii?<br \/>\nCzy dane biometryczne stanowi\u0105 dane osobowe i jakie s\u0105 podstawy ich przetwarzania zgodnie z obecnie obowi\u0105zuj\u0105cymi przepisami?<br \/>\nKiedy przetwarzanie danych osobowych jest niedopuszczalne?<br \/>\nZa jakie zachowania zwi\u0105zane z przetwarzaniem danych osobowych grozi obecnie odpowiedzialno\u015b\u0107 karna?<\/p>\n","protected":false},"excerpt":{"rendered":"<p>Klara Andres, Edyta Bielak-Jomaa, Mariusz Jagielski, Piotr Kawczy\u0144ski inni Wydawca: [&hellip;]<\/p>\n","protected":false},"featured_media":8450,"template":"","meta":[],"product_brand":[],"product_cat":[7492,7493,18],"product_tag":[3994,3092,5064,5844],"class_list":{"0":"post-8449","1":"product","2":"type-product","3":"status-publish","4":"has-post-thumbnail","6":"product_cat-administracyjne","7":"product_cat-medycyna","8":"product_cat-prawo","9":"product_tag-medycyna","10":"product_tag-ochrona-danych-osobowych","11":"product_tag-opracowania-prawne","12":"product_tag-prawo-o-dostepie-do-informacji","14":"first","15":"instock","16":"sale","17":"shipping-taxable","18":"purchasable","19":"product-type-simple"},"_links":{"self":[{"href":"http:\/\/ksiegarnia-akademicka.pl\/index.php\/wp-json\/wp\/v2\/product\/8449","targetHints":{"allow":["GET"]}}],"collection":[{"href":"http:\/\/ksiegarnia-akademicka.pl\/index.php\/wp-json\/wp\/v2\/product"}],"about":[{"href":"http:\/\/ksiegarnia-akademicka.pl\/index.php\/wp-json\/wp\/v2\/types\/product"}],"wp:featuredmedia":[{"embeddable":true,"href":"http:\/\/ksiegarnia-akademicka.pl\/index.php\/wp-json\/wp\/v2\/media\/8450"}],"wp:attachment":[{"href":"http:\/\/ksiegarnia-akademicka.pl\/index.php\/wp-json\/wp\/v2\/media?parent=8449"}],"wp:term":[{"taxonomy":"product_brand","embeddable":true,"href":"http:\/\/ksiegarnia-akademicka.pl\/index.php\/wp-json\/wp\/v2\/product_brand?post=8449"},{"taxonomy":"product_cat","embeddable":true,"href":"http:\/\/ksiegarnia-akademicka.pl\/index.php\/wp-json\/wp\/v2\/product_cat?post=8449"},{"taxonomy":"product_tag","embeddable":true,"href":"http:\/\/ksiegarnia-akademicka.pl\/index.php\/wp-json\/wp\/v2\/product_tag?post=8449"}],"curies":[{"name":"wp","href":"https:\/\/api.w.org\/{rel}","templated":true}]}}