{"id":8439,"date":"2018-09-05T11:28:39","date_gmt":"2018-09-05T09:28:39","guid":{"rendered":"http:\/\/ksiegarnia-akademicka.pl\/?post_type=product&#038;p=8439"},"modified":"2018-09-05T11:28:39","modified_gmt":"2018-09-05T09:28:39","slug":"umowa-przewozu-osob","status":"publish","type":"product","link":"http:\/\/ksiegarnia-akademicka.pl\/index.php\/product\/umowa-przewozu-osob\/","title":{"rendered":"Umowa przewozu os\u00f3b"},"content":{"rendered":"<p>Ambo\u017cuk Dorota, D\u0105browski Daniel, Weso\u0142owski Krzysztof<br \/>\nWydawca: edu-Libri<br \/>\nOprawa: Mi\u0119kka<br \/>\nFormat: 16.5&#215;23.5cm<br \/>\nLiczba stron: 170<br \/>\nWydanie: 1<br \/>\nRok wydania: 2018<\/p>\n<p>Przew\u00f3z os\u00f3b jest regulowany wieloma aktami prawnymi \u2013 przepisami krajowymi, umowami mi\u0119dzynarodowymi (konwencjami ratyfikowanymi przez Rzeczpospolit\u0105 Polsk\u0105) oraz rozporz\u0105dzeniami wydanymi przez uprawnione organy Unii Europejskiej. Przepisy te maj\u0105 charakter ga\u0142\u0119ziowy (odr\u0119bne akty w odniesieniu do poszczeg\u00f3lnych ga\u0142\u0119zi transportu). Celem monografii jest naukowe om\u00f3wienie przepis\u00f3w prawa reguluj\u0105cych umow\u0119 przewozu os\u00f3b w poszczeg\u00f3lnych ga\u0142\u0119ziach transportu, pochodz\u0105cych od r\u00f3\u017cnych prawodawc\u00f3w i tworzonych w r\u00f3\u017cnym czasie. Chodzi przede wszystkim o ukazanie w usystematyzowany spos\u00f3b obowi\u0105zuj\u0105cej regulacji oraz om\u00f3wienie wybranych szczeg\u00f3\u0142owych problem\u00f3w, wynikaj\u0105cych ze stosowania przepis\u00f3w, kt\u00f3re nie zawsze s\u0105 ze sob\u0105 sp\u00f3jne. Monografia zawiera te\u017c pr\u00f3b\u0119 okre\u015blenia kierunk\u00f3w postulowanych zmian regulacji umowy przewozu w prawie wewn\u0119trznym.<\/p>\n","protected":false},"excerpt":{"rendered":"<p>Ambo\u017cuk Dorota, D\u0105browski Daniel, Weso\u0142owski Krzysztof Wydawca: edu-Libri Oprawa: Mi\u0119kka [&hellip;]<\/p>\n","protected":false},"featured_media":8440,"template":"","meta":[],"product_brand":[],"product_cat":[7491,18,7535],"product_tag":[615,7646,642],"class_list":{"0":"post-8439","1":"product","2":"type-product","3":"status-publish","4":"has-post-thumbnail","6":"product_cat-cywilne","7":"product_cat-prawo","8":"product_cat-transport-2","9":"product_tag-prawo-cywilne","10":"product_tag-przewoz-osob","11":"product_tag-transport","13":"first","14":"instock","15":"sale","16":"shipping-taxable","17":"purchasable","18":"product-type-simple"},"_links":{"self":[{"href":"http:\/\/ksiegarnia-akademicka.pl\/index.php\/wp-json\/wp\/v2\/product\/8439","targetHints":{"allow":["GET"]}}],"collection":[{"href":"http:\/\/ksiegarnia-akademicka.pl\/index.php\/wp-json\/wp\/v2\/product"}],"about":[{"href":"http:\/\/ksiegarnia-akademicka.pl\/index.php\/wp-json\/wp\/v2\/types\/product"}],"wp:featuredmedia":[{"embeddable":true,"href":"http:\/\/ksiegarnia-akademicka.pl\/index.php\/wp-json\/wp\/v2\/media\/8440"}],"wp:attachment":[{"href":"http:\/\/ksiegarnia-akademicka.pl\/index.php\/wp-json\/wp\/v2\/media?parent=8439"}],"wp:term":[{"taxonomy":"product_brand","embeddable":true,"href":"http:\/\/ksiegarnia-akademicka.pl\/index.php\/wp-json\/wp\/v2\/product_brand?post=8439"},{"taxonomy":"product_cat","embeddable":true,"href":"http:\/\/ksiegarnia-akademicka.pl\/index.php\/wp-json\/wp\/v2\/product_cat?post=8439"},{"taxonomy":"product_tag","embeddable":true,"href":"http:\/\/ksiegarnia-akademicka.pl\/index.php\/wp-json\/wp\/v2\/product_tag?post=8439"}],"curies":[{"name":"wp","href":"https:\/\/api.w.org\/{rel}","templated":true}]}}