{"id":8359,"date":"2018-07-27T10:14:07","date_gmt":"2018-07-27T08:14:07","guid":{"rendered":"http:\/\/ksiegarnia-akademicka.pl\/?post_type=product&#038;p=8359"},"modified":"2024-04-02T09:59:24","modified_gmt":"2024-04-02T07:59:24","slug":"wiadomosci-literackie-1924-1939-wybor","status":"publish","type":"product","link":"http:\/\/ksiegarnia-akademicka.pl\/index.php\/product\/wiadomosci-literackie-1924-1939-wybor\/","title":{"rendered":"Wiadomo\u015bci literackie (1924-1939) Wyb\u00f3r"},"content":{"rendered":"<p>Autor:<br \/>\nAgata Zawwiszewska<br \/>\nWydawca: Instytut Bada\u0144 Literackich PAN<br \/>\nOprawa: Twarda<br \/>\nFormat: 17.0&#215;24.5cm<br \/>\nLiczba stron: 698<br \/>\nRok wydania: 2015<\/p>\n<p>\u201eWIADOMO\u015aCI LITERACKIE &#8211; warszawski tygodnik spo\u0142eczno &#8211; kulturalny o profilu liberalnym ukazuj\u0105cy si\u0119 w latach 1924-1939 pod redakcj\u0105 Mieczys\u0142awa Grydzewskiego. Czytali go ludzie wykszta\u0142ceni zainteresowani naukami humanistycznymi, przedstawiciele wolnych zawod\u00f3w, prawnicy lekarze, nauczyciele, arty\u015bci i pisarze, a tak\u017ce przedstawiciele elity administracyjnej i politycznej.<br \/>\nPopularyzowanie literatury wsp\u00f3\u0142czesnej, podkre\u015blanie wi\u0119zi kultury polskiej z kultur\u0105 europejsk\u0105 a tak\u017ce publikowanie tekst\u00f3w niemal wszystkich wybitniejszych pisarzy dwudziestolecia mi\u0119dzywojennego przyczyni\u0142y si\u0119 da sukcesu \u201eWiadomo\u015bci Literackich\u201d. W latach dwudziestych pismo wyra\u017ca\u0142o rado\u015b\u0107 \u017cycia w odrodzonym pa\u0144stwie. odpowiada\u0142o modzie kr\u00f3tkich sp\u00f3dniczek i fryzur, shimmy, dancing\u00f3w, tenisa i samochod\u00f3w, zaspokaja\u0142o potrzeb\u0119 poczucia \u0142\u0105czno\u015bci wsp\u00f3\u0142czesno\u015bci z tradycj\u0105 narodow\u0105 i \u015bwiatow\u0105. W latach trzydziestych z kolei wyra\u017ca\u0142o niepok\u00f3j o przysz\u0142o\u015b\u0107 demokracji parlamentarnej w Polsce i Europie. Zarazem ich dotychczasowy program optymistyczny i afirmuj\u0105cy rzeczywisto\u015b\u0107, spotka\u0142 si z krytyk\u0105 nowych tygodnik\u00f3w, takich jak sanacyjny \u201ePion\u201d czy nacjonalistyczne \u201eProsto z mostu.<br \/>\nW przededniu drugiej wojny \u015bwiatowej Kazimierz Wyka podsumowa\u0142 dzia\u0142alno\u015b\u0107 tygodnika s\u0142owami: \u201eNad \u00abWiadomo\u015bciami Literackimi\u00bb przetoczy\u0142y si\u0119 liczne burze i polemiki, lecz lepszego pisma dot\u0105d nie stworzono\u201d.<br \/>\n(Czasopisma literackie, w Rocznik Literacki za rok 1938, red. Z. Szmydtowa, Warszawa 1939, s. 263).<\/p>\n","protected":false},"excerpt":{"rendered":"<p>Autor: Agata Zawwiszewska Wydawca: Instytut Bada\u0144 Literackich PAN Oprawa: Twarda [&hellip;]<\/p>\n","protected":false},"featured_media":8360,"template":"","meta":[],"product_brand":[],"product_cat":[7629,7627],"product_tag":[4770],"class_list":{"0":"post-8359","1":"product","2":"type-product","3":"status-publish","4":"has-post-thumbnail","6":"product_cat-filologia-polska","7":"product_cat-historia-literatury","8":"product_tag-historia-literatury-polskiej","10":"first","11":"outofstock","12":"sale","13":"shipping-taxable","14":"purchasable","15":"product-type-simple"},"_links":{"self":[{"href":"http:\/\/ksiegarnia-akademicka.pl\/index.php\/wp-json\/wp\/v2\/product\/8359","targetHints":{"allow":["GET"]}}],"collection":[{"href":"http:\/\/ksiegarnia-akademicka.pl\/index.php\/wp-json\/wp\/v2\/product"}],"about":[{"href":"http:\/\/ksiegarnia-akademicka.pl\/index.php\/wp-json\/wp\/v2\/types\/product"}],"wp:featuredmedia":[{"embeddable":true,"href":"http:\/\/ksiegarnia-akademicka.pl\/index.php\/wp-json\/wp\/v2\/media\/8360"}],"wp:attachment":[{"href":"http:\/\/ksiegarnia-akademicka.pl\/index.php\/wp-json\/wp\/v2\/media?parent=8359"}],"wp:term":[{"taxonomy":"product_brand","embeddable":true,"href":"http:\/\/ksiegarnia-akademicka.pl\/index.php\/wp-json\/wp\/v2\/product_brand?post=8359"},{"taxonomy":"product_cat","embeddable":true,"href":"http:\/\/ksiegarnia-akademicka.pl\/index.php\/wp-json\/wp\/v2\/product_cat?post=8359"},{"taxonomy":"product_tag","embeddable":true,"href":"http:\/\/ksiegarnia-akademicka.pl\/index.php\/wp-json\/wp\/v2\/product_tag?post=8359"}],"curies":[{"name":"wp","href":"https:\/\/api.w.org\/{rel}","templated":true}]}}