{"id":8357,"date":"2018-07-27T10:11:52","date_gmt":"2018-07-27T08:11:52","guid":{"rendered":"http:\/\/ksiegarnia-akademicka.pl\/?post_type=product&#038;p=8357"},"modified":"2018-07-27T10:11:52","modified_gmt":"2018-07-27T08:11:52","slug":"sztuka-mowienia-bez-belkotania-i-faflunienia","status":"publish","type":"product","link":"http:\/\/ksiegarnia-akademicka.pl\/index.php\/product\/sztuka-mowienia-bez-belkotania-i-faflunienia\/","title":{"rendered":"Sztuka m\u00f3wienia bez be\u0142kotania i faflunienia"},"content":{"rendered":"<p>Autor:<br \/>\nMiros\u0142aw Oczko\u015b<br \/>\nWydawca: RM<br \/>\nOprawa: Mi\u0119kka<br \/>\nFormat: 16.5&#215;23.5cm<br \/>\nLiczba stron: 240<br \/>\nWydanie: 2<br \/>\nRok wydania: 2015<\/p>\n<p>Ka\u017cdy powinien zdawa\u0107 sobie spraw\u0119 z tego, jak wa\u017cna jest poprawna dykcja. Ksi\u0105\u017cka przeznaczona jest zar\u00f3wno dla wszystkich, kt\u00f3rzy pracuj\u0105 g\u0142osem na co dzie\u0144 \u2013 dziennikarzy, aktor\u00f3w, prezenter\u00f3w, nauczycieli \u2013 jak i dla wszystkich, kt\u00f3rzy chcieliby usprawni\u0107 swoj\u0105 wymow\u0119, od ludzi biznesu po student\u00f3w przygotowuj\u0105cych si\u0119 do egzaminu.<br \/>\nMiros\u0142aw Oczko\u015b jest trenerem biznesu, aktorem, specjalist\u0105 od emisji g\u0142osu. W ksi\u0105\u017cce pokazuje, w jaki spos\u00f3b doskonali\u0107 dykcj\u0119 i pracowa\u0107 nad g\u0142osem. \u0106wiczenia g\u0142osowe poprzedzone s\u0105 szeregiem \u0107wicze\u0144 rozlu\u017aniaj\u0105cych i oddechowych. Je\u015bli chcesz dobrze i przekonywaj\u0105co m\u00f3wi\u0107, przemawia\u0107, rozmawia\u0107, dyskutowa\u0107, prezentowa\u0107, s\u0142owem wywiera\u0107 wp\u0142yw zawodowo i \u2026 prywatnie, musisz mie\u0107 t\u0119 ksi\u0105\u017ck\u0119. I wtedy nawet \u201erozdefragmentowany defragmentator dysk\u00f3w, kt\u00f3ry zdefragmentowa\u0142 niezdefragmentowane dyski\u201d nie jest nam straszny.<br \/>\nDo ksi\u0105\u017cki do\u0142\u0105czona jest p\u0142yta CD. Publikacji towarzysz\u0105 r\u00f3wnie\u017c filmy edukacyjne z autorem w roli g\u0142\u00f3wnej &#8211; zapraszamy na www.sztukamowienia.pl<\/p>\n<p>Jest to ksi\u0105\u017cka nie tylko dla zawodowc\u00f3w. Chocia\u017c ci\u0119\u017cko wzdycham z \u017calu, \u017ce nie mia\u0142em jej w 1980 roku, kiedy to 7 razy obla\u0142em egzamin na kart\u0119 mikrofonow\u0105 w Polskim Radiu, no ale wtedy nikt nie pisa\u0142 takich podr\u0119cznik\u00f3w. Czytaj\u0105c j\u0105 nawet niezawodowcy si\u0119 u\u015bmiechn\u0105. &#8211; Grzegorz Miecugow (TVN 24, Szk\u0142o kontaktowe)<br \/>\nTa ksi\u0105\u017cka powinna by\u0107 obowi\u0105zkow\u0105 lektur\u0105 dla wszystkich bez wyj\u0105tku!!! \u0106wiczenia fantastyczne, czasami trudne do powt\u00f3rzenia za pierwszym razem, czasami bardzo zabawne, a ja ju\u017c widz\u0119 u siebie du\u017cy post\u0119p i ciesz\u0119 si\u0119 jak dziecko! &#8211; Urszula Dudziak<br \/>\nOd pierwszych stron ksi\u0105\u017cki adept sztuki poprawnej wymowy jest prowadzony w ten spos\u00f3b, by przechodz\u0105c kolejne etapy nauki, m\u00f3g\u0142 utrwala\u0107 i pog\u0142\u0119bia\u0107 to, co ju\u017c osi\u0105gn\u0105\u0142. Wszystko s\u0142u\u017cy temu, by ten, kto zacznie przygod\u0119 ze sztuk\u0105 retoryki, odkry\u0142 w sobie m\u00f3wc\u0119 i doskonale si\u0119 w tej roli poczu\u0142.- Dr hab. Katarzyna K\u0142osi\u0144ska (Instytut J\u0119zyka Polskiego Uniwersytetu Warszawskiego)<br \/>\nNiezadowalaj\u0105cy stan wsp\u00f3\u0142czesnego polskiego \u201epejza\u017cu fonetycznego\u201d z wielk\u0105 rado\u015bci\u0105 ka\u017ce powita\u0107 ka\u017cd\u0105 pr\u00f3b\u0119 jego polepszenia. Praca Miros\u0142awa Oczkosia to spo\u0142eczne zapotrzebowanie wype\u0142nia z nawi\u0105zk\u0105. Niech zatem s\u0142u\u017cy wszystkim tym, kt\u00f3rzy na polu retorycznym ju\u017c dzia\u0142aj\u0105, i tym, kt\u00f3rzy si\u0119 do tej roli dopiero przygotowuj\u0105. &#8211; Prof. dr hab. Jan Miodek<br \/>\nDla polityka prawid\u0142owa wymowa jest absolutn\u0105 konieczno\u015bci\u0105, biznesmeni powinni z niej korzysta\u0107 jak z dodatkowego argumentu w negocjacjach, a zwykli ludzie mog\u0105 si\u0119 cieszy\u0107 z tego, \u017ce m\u00f3wi\u0105 \u0142adnie i s\u0105 ch\u0119tnie s\u0142uchani. &#8211; Zbigniew Niemczycki (Curtis Group)<\/p>\n","protected":false},"excerpt":{"rendered":"<p>Autor: Miros\u0142aw Oczko\u015b Wydawca: RM Oprawa: Mi\u0119kka Format: 16.5&#215;23.5cm Liczba [&hellip;]<\/p>\n","protected":false},"featured_media":8358,"template":"","meta":[],"product_brand":[],"product_cat":[7629],"product_tag":[5400,1257,5402],"class_list":{"0":"post-8357","1":"product","2":"type-product","3":"status-publish","4":"has-post-thumbnail","6":"product_cat-filologia-polska","7":"product_tag-fonetyka","8":"product_tag-poradniki","9":"product_tag-wymowa","11":"first","12":"instock","13":"sale","14":"shipping-taxable","15":"purchasable","16":"product-type-simple"},"_links":{"self":[{"href":"http:\/\/ksiegarnia-akademicka.pl\/index.php\/wp-json\/wp\/v2\/product\/8357","targetHints":{"allow":["GET"]}}],"collection":[{"href":"http:\/\/ksiegarnia-akademicka.pl\/index.php\/wp-json\/wp\/v2\/product"}],"about":[{"href":"http:\/\/ksiegarnia-akademicka.pl\/index.php\/wp-json\/wp\/v2\/types\/product"}],"wp:featuredmedia":[{"embeddable":true,"href":"http:\/\/ksiegarnia-akademicka.pl\/index.php\/wp-json\/wp\/v2\/media\/8358"}],"wp:attachment":[{"href":"http:\/\/ksiegarnia-akademicka.pl\/index.php\/wp-json\/wp\/v2\/media?parent=8357"}],"wp:term":[{"taxonomy":"product_brand","embeddable":true,"href":"http:\/\/ksiegarnia-akademicka.pl\/index.php\/wp-json\/wp\/v2\/product_brand?post=8357"},{"taxonomy":"product_cat","embeddable":true,"href":"http:\/\/ksiegarnia-akademicka.pl\/index.php\/wp-json\/wp\/v2\/product_cat?post=8357"},{"taxonomy":"product_tag","embeddable":true,"href":"http:\/\/ksiegarnia-akademicka.pl\/index.php\/wp-json\/wp\/v2\/product_tag?post=8357"}],"curies":[{"name":"wp","href":"https:\/\/api.w.org\/{rel}","templated":true}]}}