{"id":8350,"date":"2018-07-27T09:58:26","date_gmt":"2018-07-27T07:58:26","guid":{"rendered":"http:\/\/ksiegarnia-akademicka.pl\/?post_type=product&#038;p=8350"},"modified":"2018-07-27T09:58:26","modified_gmt":"2018-07-27T07:58:26","slug":"igraszki-literackie-polonistow-antologia","status":"publish","type":"product","link":"http:\/\/ksiegarnia-akademicka.pl\/index.php\/product\/igraszki-literackie-polonistow-antologia\/","title":{"rendered":"Igraszki literackie polonist\u00f3w Antologia"},"content":{"rendered":"<p>Redakcja: Markiewicz Henryk, Rusinek Micha\u0142<br \/>\nWydawca: Universitas<br \/>\nOprawa: Mi\u0119kka ze skrzyde\u0142kami<br \/>\nFormat: 15.0&#215;23.5cm<br \/>\nLiczba stron: 262<br \/>\nRok wydania: 2012<\/p>\n<p>Oto wyb\u00f3r tekst\u00f3w autorstwa polonist\u00f3w zwi\u0105zanych z siedmioma o\u015brodkami naukowymi: w Krakowie, Warszawie, Wroc\u0142awiu, Gda\u0144sku, Szczecinie, Katowicach i Poznaniu. Znajduje si\u0119 tu szeroki wachlarz gatunk\u00f3w: od retorycznych laudacji, toast\u00f3w i wyk\u0142ad\u00f3w (a w\u0142a\u015bciwie ich parodii), przez literackie pastisze, fraszki, limeryki, epitafia, bajki, a\u017c po formy nowoczesne, jak moskaliki czy esemesy. Mog\u0105 one zainteresowa\u0107 nie tylko student\u00f3w polonistyki, zg\u0142\u0119biaj\u0105cych \u201einn\u0105\u201d tw\u00f3rczo\u015b\u0107 swoich powa\u017cnych profesor\u00f3w oraz \u015brodowiskowe poczucie humoru, ale i tzw. szerszego odbiorc\u0119. Nale\u017c\u0105 one bowiem do zapomnianego, ale wracaj\u0105cego powoli do \u0142ask rodzimych Czytelnik\u00f3w, niepowa\u017cnego nurtu literatury.<\/p>\n","protected":false},"excerpt":{"rendered":"<p>Redakcja: Markiewicz Henryk, Rusinek Micha\u0142 Wydawca: Universitas Oprawa: Mi\u0119kka ze [&hellip;]<\/p>\n","protected":false},"featured_media":8351,"template":"","meta":[],"product_brand":[],"product_cat":[7629],"product_tag":[7631,6300,6834,6231],"class_list":{"0":"post-8350","1":"product","2":"type-product","3":"status-publish","4":"has-post-thumbnail","6":"product_cat-filologia-polska","7":"product_tag-aforyzmy","8":"product_tag-literatura-polska","9":"product_tag-opowiadania","10":"product_tag-poezja","12":"first","13":"instock","14":"sale","15":"shipping-taxable","16":"purchasable","17":"product-type-simple"},"_links":{"self":[{"href":"http:\/\/ksiegarnia-akademicka.pl\/index.php\/wp-json\/wp\/v2\/product\/8350","targetHints":{"allow":["GET"]}}],"collection":[{"href":"http:\/\/ksiegarnia-akademicka.pl\/index.php\/wp-json\/wp\/v2\/product"}],"about":[{"href":"http:\/\/ksiegarnia-akademicka.pl\/index.php\/wp-json\/wp\/v2\/types\/product"}],"wp:featuredmedia":[{"embeddable":true,"href":"http:\/\/ksiegarnia-akademicka.pl\/index.php\/wp-json\/wp\/v2\/media\/8351"}],"wp:attachment":[{"href":"http:\/\/ksiegarnia-akademicka.pl\/index.php\/wp-json\/wp\/v2\/media?parent=8350"}],"wp:term":[{"taxonomy":"product_brand","embeddable":true,"href":"http:\/\/ksiegarnia-akademicka.pl\/index.php\/wp-json\/wp\/v2\/product_brand?post=8350"},{"taxonomy":"product_cat","embeddable":true,"href":"http:\/\/ksiegarnia-akademicka.pl\/index.php\/wp-json\/wp\/v2\/product_cat?post=8350"},{"taxonomy":"product_tag","embeddable":true,"href":"http:\/\/ksiegarnia-akademicka.pl\/index.php\/wp-json\/wp\/v2\/product_tag?post=8350"}],"curies":[{"name":"wp","href":"https:\/\/api.w.org\/{rel}","templated":true}]}}