{"id":8332,"date":"2018-07-26T13:14:13","date_gmt":"2018-07-26T11:14:13","guid":{"rendered":"http:\/\/ksiegarnia-akademicka.pl\/?post_type=product&#038;p=8332"},"modified":"2024-12-04T13:48:13","modified_gmt":"2024-12-04T12:48:13","slug":"prawo-wodne-praktyczny-przewodnik","status":"publish","type":"product","link":"http:\/\/ksiegarnia-akademicka.pl\/index.php\/product\/prawo-wodne-praktyczny-przewodnik\/","title":{"rendered":"Prawo wodne Praktyczny przewodnik"},"content":{"rendered":"<p>Autor:<br \/>\nBartosz Rakoczy<br \/>\nWydawca: Wolters Kluwer<br \/>\nOprawa: Mi\u0119kka<br \/>\nFormat: 16.8&#215;18.5<br \/>\nLiczba stron: 272<br \/>\nWydanie: 1<br \/>\nRok wydania: 2018<\/p>\n<p>Celem opracowania jest usystematyzowanie problematyki Prawa wodnego z uwzgl\u0119dnieniem praktycznego stosowania jego przepis\u00f3w. Autor szczeg\u00f3\u0142owo omawia te instytucje, kt\u00f3re maj\u0105 zasadnicze, kluczowe znaczenie dla stosowania ustawy. Porz\u0105dkuje materi\u0119 Prawa wodnego, w kt\u00f3rej istotne regulacje gin\u0105 w g\u0105szczu przepis\u00f3w technicznych odsy\u0142aj\u0105cych, stanowi\u0105cych upowa\u017cnienie do wydawania rozporz\u0105dze\u0144.<br \/>\nW publikacji zosta\u0142y om\u00f3wione zagadnienia dotycz\u0105ce m.in:<br \/>\n&#8211; nowych op\u0142at za korzystanie z w\u00f3d i us\u0142ug wodnych,<br \/>\n&#8211; wprowadzenia op\u0142aty sta\u0142ej w celu racjonalnego wykorzystania zasob\u00f3w wodnych,<br \/>\n&#8211; wprowadzenia obowi\u0105zku u\u017cywania narz\u0119dzi pomiarowych maj\u0105cych certyfikat,<br \/>\n&#8211; problematyki powodzi i suszy,<br \/>\n&#8211; problematyki budownictwa wodnego,<br \/>\n&#8211; powo\u0142ania nowego urz\u0119du \u2013 Pa\u0144stwowego Gospodarstwa Wodnego \u201eWody Polskie\u201d.<br \/>\nPonadto przedstawiono problematyk\u0119 zupe\u0142nie nowej instytucji Prawa wodnego \u2013 zgody wodnoprawnej ze szczeg\u00f3lnym om\u00f3wieniem pozwolenia wodnoprawnego i oceny wodnoprawnej.<\/p>\n","protected":false},"excerpt":{"rendered":"<p>Autor: Bartosz Rakoczy Wydawca: Wolters Kluwer Oprawa: Mi\u0119kka Format: 16.8&#215;18.5 [&hellip;]<\/p>\n","protected":false},"featured_media":8333,"template":"","meta":[],"product_brand":[],"product_cat":[7492,18],"product_tag":[7623,2654,2655],"class_list":{"0":"post-8332","1":"product","2":"type-product","3":"status-publish","4":"has-post-thumbnail","6":"product_cat-administracyjne","7":"product_cat-prawo","8":"product_tag-praktyczny-przewodnik","9":"product_tag-prawo-ochrony-srodowiska","10":"product_tag-prawo-wodne","12":"first","13":"instock","14":"sale","15":"shipping-taxable","16":"purchasable","17":"product-type-simple"},"_links":{"self":[{"href":"http:\/\/ksiegarnia-akademicka.pl\/index.php\/wp-json\/wp\/v2\/product\/8332","targetHints":{"allow":["GET"]}}],"collection":[{"href":"http:\/\/ksiegarnia-akademicka.pl\/index.php\/wp-json\/wp\/v2\/product"}],"about":[{"href":"http:\/\/ksiegarnia-akademicka.pl\/index.php\/wp-json\/wp\/v2\/types\/product"}],"wp:featuredmedia":[{"embeddable":true,"href":"http:\/\/ksiegarnia-akademicka.pl\/index.php\/wp-json\/wp\/v2\/media\/8333"}],"wp:attachment":[{"href":"http:\/\/ksiegarnia-akademicka.pl\/index.php\/wp-json\/wp\/v2\/media?parent=8332"}],"wp:term":[{"taxonomy":"product_brand","embeddable":true,"href":"http:\/\/ksiegarnia-akademicka.pl\/index.php\/wp-json\/wp\/v2\/product_brand?post=8332"},{"taxonomy":"product_cat","embeddable":true,"href":"http:\/\/ksiegarnia-akademicka.pl\/index.php\/wp-json\/wp\/v2\/product_cat?post=8332"},{"taxonomy":"product_tag","embeddable":true,"href":"http:\/\/ksiegarnia-akademicka.pl\/index.php\/wp-json\/wp\/v2\/product_tag?post=8332"}],"curies":[{"name":"wp","href":"https:\/\/api.w.org\/{rel}","templated":true}]}}