{"id":8320,"date":"2018-07-26T12:41:57","date_gmt":"2018-07-26T10:41:57","guid":{"rendered":"http:\/\/ksiegarnia-akademicka.pl\/?post_type=product&#038;p=8320"},"modified":"2024-12-04T13:49:14","modified_gmt":"2024-12-04T12:49:14","slug":"planowanie-i-zagospodarowanie-przestrzenne-komentarz-2","status":"publish","type":"product","link":"http:\/\/ksiegarnia-akademicka.pl\/index.php\/product\/planowanie-i-zagospodarowanie-przestrzenne-komentarz-2\/","title":{"rendered":"Planowanie i zagospodarowanie przestrzenne. Komentarz"},"content":{"rendered":"<p>Redakcja: prof. dr hab. Zygmunt Niewiadomski<\/p>\n<p>Komentarz do ustawy o planowaniu i zagospodarowaniu przestrzennym stanowi od lat jedyn\u0105 na rynku pozycj\u0119 o charakterze komentarzowym do ustawy o planowaniu i zagospodarowaniu przestrzennym. Zosta\u0142y w niej om\u00f3wione kwestie dotycz\u0105ce:<\/p>\n<p>etap\u00f3w planowania w gminie, wojew\u00f3dztwie na szczeblu krajowym oraz lokalizacji inwestycji celu publicznego i ustalania warunk\u00f3w zabudowy,<br \/>\nregulacji z zakresu gospodarki nieruchomo\u015bciami, prawa budowlanego, prawa geodezyjnego, ochrony \u015brodowiska, post\u0119powania administracyjnego, cywilnych i konstytucyjnych regulacji prawa w\u0142asno\u015bci, norm prawa mi\u0119dzynarodowego, ustaw samorz\u0105dowych, a tak\u017ce<br \/>\nrozporz\u0105dze\u0144 wykonawczych do ustawy. Komentarz \u0142\u0105czy aspekty prawne ze szczeg\u00f3\u0142owym obja\u015bnieniem tre\u015bci z zakresu urbanistyki, architektury i  budownictwa.<br \/>\nPrezentowane,10. wydanie Komentarza bazuj\u0105c na tek\u015bcie jednolitym z dnia 11 maja 2017 r. (Dz.U. z 2017 r. poz. 1073) uwzgl\u0119dnia i szczeg\u00f3\u0142owo prezentuje om\u00f3wienie najnowszych zmian, kt\u00f3re pojawi\u0142y si\u0119 od poprzedniego wydania, w tym m.in.:<\/p>\n<p>ustaw\u0119 o zmianie ustawy o dzia\u0142ach administracji rz\u0105dowej oraz niekt\u00f3rych innych ustaw z 7.7.2016 r., wprowadzaj\u0105c\u0105 obowi\u0105zek przedstawienia projektu planu ministrowi w\u0142a\u015bciwemu do spraw budownictwa, planowania i zagospodarowania przestrzennego oraz mieszkalnictwa w celu stwierdzenia jego zgodno\u015bci z koncepcj\u0105 przestrzennego zagospodarowania kraju<br \/>\nustaw\u0119 o zwi\u0105zku metropolitalnym w wojew\u00f3dztwie \u015bl\u0105skim z 9.3.2017 r., kt\u00f3ra umo\u017cliwi\u0142a zarz\u0105dowi zwi\u0105zku metropolitalnego na podstawie porozumienia zawartego mi\u0119dzy zwi\u0105zkiem metropolitalnym a gmin\u0105 jednocze\u015bnie z projektem studium metropolitalnego, sporz\u0105dzenie projektu studium.<br \/>\nustaw\u0119 Prawo wodne z 20.7.2017 r., gdzie zast\u0105piono procedur\u0119 uzyskiwania odst\u0119pstw od zakaz\u00f3w planowanej zabudowy na obszarach szczeg\u00f3lnego zagro\u017cenia powodzi\u0105 uzgodnieniami z Pa\u0144stwowym Gospodarstwem Wodnym Wody Polskie, kt\u00f3re to nast\u0119powa\u0107 b\u0119d\u0105 w formie decyzji, w kt\u00f3rej wskazane b\u0119d\u0105 warunki dla planowanej zabudowy i planowanego zagospodarowania przestrzennego dzia\u0142ek po\u0142o\u017conych w takich obszarach.<br \/>\nDodatkowym walorem Dzie\u0142a jest szczeg\u00f3\u0142owa struktura wewn\u0119trzna, z precyzyjnym, przejrzystym i jednolitym podzia\u0142em zagadnie\u0144.<\/p>\n<p>Publikacja \u2013 ze wzgl\u0119du na walor praktyczny \u2013 jest adresowana przede wszystkim do praktyk\u00f3w, kt\u00f3rzy zawodowo zajmuj\u0105 si\u0119 przygotowaniem akt\u00f3w planistycznych, do pracownik\u00f3w administracji samorz\u0105dowej, opracowuj\u0105cych miejscowe i wojew\u00f3dzkie plany zagospodarowania przestrzennego oraz studia zagospodarowania przestrzennego, w szczeg\u00f3lno\u015bci za\u015b do organ\u00f3w gminy. Stanowi r\u00f3wnie\u017c pe\u0142ne opracowanie teoretyczne, przedstawiaj\u0105ce pogl\u0105dy doktryny w kwestiach spornych, odpowiednie do cel\u00f3w dydaktycznych \u2013 przeznaczone dla pracownik\u00f3w naukowych oraz student\u00f3w.<\/p>\n","protected":false},"excerpt":{"rendered":"<p>Redakcja: prof. dr hab. Zygmunt Niewiadomski Komentarz do ustawy o [&hellip;]<\/p>\n","protected":false},"featured_media":8321,"template":"","meta":[],"product_brand":[],"product_cat":[7492,18,7494],"product_tag":[4267,485,484],"class_list":{"0":"post-8320","1":"product","2":"type-product","3":"status-publish","4":"has-post-thumbnail","6":"product_cat-administracyjne","7":"product_cat-prawo","8":"product_cat-samorzad-terytorialny","9":"product_tag-planowanie-i-zagospodarowanie-przestrzenne","10":"product_tag-prawo-administracyjne","11":"product_tag-seria-komentarze-becka","13":"first","14":"instock","15":"sale","16":"shipping-taxable","17":"purchasable","18":"product-type-simple"},"_links":{"self":[{"href":"http:\/\/ksiegarnia-akademicka.pl\/index.php\/wp-json\/wp\/v2\/product\/8320","targetHints":{"allow":["GET"]}}],"collection":[{"href":"http:\/\/ksiegarnia-akademicka.pl\/index.php\/wp-json\/wp\/v2\/product"}],"about":[{"href":"http:\/\/ksiegarnia-akademicka.pl\/index.php\/wp-json\/wp\/v2\/types\/product"}],"wp:featuredmedia":[{"embeddable":true,"href":"http:\/\/ksiegarnia-akademicka.pl\/index.php\/wp-json\/wp\/v2\/media\/8321"}],"wp:attachment":[{"href":"http:\/\/ksiegarnia-akademicka.pl\/index.php\/wp-json\/wp\/v2\/media?parent=8320"}],"wp:term":[{"taxonomy":"product_brand","embeddable":true,"href":"http:\/\/ksiegarnia-akademicka.pl\/index.php\/wp-json\/wp\/v2\/product_brand?post=8320"},{"taxonomy":"product_cat","embeddable":true,"href":"http:\/\/ksiegarnia-akademicka.pl\/index.php\/wp-json\/wp\/v2\/product_cat?post=8320"},{"taxonomy":"product_tag","embeddable":true,"href":"http:\/\/ksiegarnia-akademicka.pl\/index.php\/wp-json\/wp\/v2\/product_tag?post=8320"}],"curies":[{"name":"wp","href":"https:\/\/api.w.org\/{rel}","templated":true}]}}