{"id":8294,"date":"2018-07-25T11:23:24","date_gmt":"2018-07-25T09:23:24","guid":{"rendered":"http:\/\/ksiegarnia-akademicka.pl\/?post_type=product&#038;p=8294"},"modified":"2018-12-15T09:15:27","modified_gmt":"2018-12-15T08:15:27","slug":"cel-europa-dziewiec-esejow-o-budowniczych-jednosci-europejskiej","status":"publish","type":"product","link":"http:\/\/ksiegarnia-akademicka.pl\/index.php\/product\/cel-europa-dziewiec-esejow-o-budowniczych-jednosci-europejskiej\/","title":{"rendered":"Cel : Europa Dziewi\u0119\u0107 esej\u00f3w o budowniczych jedno\u015bci europejskiej"},"content":{"rendered":"<p>Autor:<br \/>\nJerzy \u0141ukaszewski<br \/>\nWydawca: Noir Sur Blanc<br \/>\nOprawa: Mi\u0119kka<br \/>\nFormat: 14.0&#215;23.0cm<br \/>\nLiczba stron: 267<br \/>\nRok wydania: 2002<\/p>\n<p>&#8222;Przysz\u0142o\u015b\u0107 nie mo\u017cna oddzieli\u0107 od przesz\u0142o\u015bci. Historia to proces ci\u0105g\u0142y. Jest jak rzeka, kt\u00f3rej g\u00f3rny bieg stale oddzia\u0142uje na dolny. Kto nie zna \u017ar\u00f3de\u0142 i pocz\u0105tkowych impuls\u00f3w integracji europejskiej, nie zrozumie tendencji, tradycji i pisanych &#8211; oraz niepisanych &#8211; regu\u0142, kt\u00f3re wyznaczaj\u0105 dzisiaj kierunek jej rozwoju. W przededniu wst\u0105pienia naszego kraju do Unii Europejskiej dziedzictwo polityczne, intelektualne i moralne Spinellego, Monneta, Schumana czy Spaaka nabiera dla Polak\u00f3w takiego znaczenia, jakie ma od lat dla W\u0142och\u00f3w, Francuz\u00f3w czy Belg\u00f3w. Czy zepchnie w cie\u0144 nasz\u0105 narodow\u0105 histori\u0119 ostatniego p\u00f3\u0142wiecza? Nie, ale podobnie jak w krajach zachodnioeuropejskich, wzbogaci o nowy wymiar nasz\u0105 \u015bwiadomo\u015b\u0107 historyczn\u0105, a tym samym obywatelsk\u0105&#8221;.<\/p>\n","protected":false},"excerpt":{"rendered":"<p>Autor: Jerzy \u0141ukaszewski Wydawca: Noir Sur Blanc Oprawa: Mi\u0119kka Format: [&hellip;]<\/p>\n","protected":false},"featured_media":8295,"template":"","meta":[],"product_brand":[],"product_cat":[25],"product_tag":[4433,3669,250],"class_list":{"0":"post-8294","1":"product","2":"type-product","3":"status-publish","4":"has-post-thumbnail","6":"product_cat-unia-europejska","7":"product_tag-historia-europy","8":"product_tag-historia-unii-europejskiej","9":"product_tag-unia-europejska","11":"first","12":"instock","13":"sale","14":"shipping-taxable","15":"purchasable","16":"product-type-simple"},"_links":{"self":[{"href":"http:\/\/ksiegarnia-akademicka.pl\/index.php\/wp-json\/wp\/v2\/product\/8294","targetHints":{"allow":["GET"]}}],"collection":[{"href":"http:\/\/ksiegarnia-akademicka.pl\/index.php\/wp-json\/wp\/v2\/product"}],"about":[{"href":"http:\/\/ksiegarnia-akademicka.pl\/index.php\/wp-json\/wp\/v2\/types\/product"}],"wp:featuredmedia":[{"embeddable":true,"href":"http:\/\/ksiegarnia-akademicka.pl\/index.php\/wp-json\/wp\/v2\/media\/8295"}],"wp:attachment":[{"href":"http:\/\/ksiegarnia-akademicka.pl\/index.php\/wp-json\/wp\/v2\/media?parent=8294"}],"wp:term":[{"taxonomy":"product_brand","embeddable":true,"href":"http:\/\/ksiegarnia-akademicka.pl\/index.php\/wp-json\/wp\/v2\/product_brand?post=8294"},{"taxonomy":"product_cat","embeddable":true,"href":"http:\/\/ksiegarnia-akademicka.pl\/index.php\/wp-json\/wp\/v2\/product_cat?post=8294"},{"taxonomy":"product_tag","embeddable":true,"href":"http:\/\/ksiegarnia-akademicka.pl\/index.php\/wp-json\/wp\/v2\/product_tag?post=8294"}],"curies":[{"name":"wp","href":"https:\/\/api.w.org\/{rel}","templated":true}]}}