{"id":8186,"date":"2018-07-23T12:43:56","date_gmt":"2018-07-23T10:43:56","guid":{"rendered":"http:\/\/ksiegarnia-akademicka.pl\/?post_type=product&#038;p=8186"},"modified":"2023-02-15T14:32:05","modified_gmt":"2023-02-15T13:32:05","slug":"podstawy-finansow-publicznych-kwalifikacja-a-68-3-podrecznik-do-nauki-zawodu-technik-administracji","status":"publish","type":"product","link":"http:\/\/ksiegarnia-akademicka.pl\/index.php\/product\/podstawy-finansow-publicznych-kwalifikacja-a-68-3-podrecznik-do-nauki-zawodu-technik-administracji\/","title":{"rendered":"Podstawy finans\u00f3w publicznych Kwalifikacja A.68.3 Podr\u0119cznik do nauki zawodu technik administracji"},"content":{"rendered":"<p>Autor:<br \/>\nZofia Mielczarczyk<br \/>\nWydawca: WSiP<br \/>\nOprawa: Mi\u0119kka<br \/>\nFormat: 17.0&#215;24.0cm<br \/>\nLiczba stron: 184<br \/>\nRok wydania: 2014<\/p>\n<p>Podr\u0119cznik do nauki zawodu technik administracji realizuj\u0105cy tre\u015bci z zakresu cz\u0119\u015bci 3 kwalifikacji A.68 (Sporz\u0105dzanie analiz i sprawozda\u0144 dotycz\u0105cych finans\u00f3w publicznych). Prezentuje wiedz\u0119 z zakresu finans\u00f3w publicznych (formy organizacyjno-prawne sektora finans\u00f3w publicznych, bud\u017cet jednostki organizacyjnej, dochody i wydatki bud\u017cetu pa\u0144stwa oraz jednostki samorz\u0105du terytorialnego, sporz\u0105dzanie sprawozda\u0144 finansowych oraz sprawozda\u0144 bud\u017cetowych). Wiedza teoretyczna wsparta jest licznymi przyk\u0142adami i \u0107wiczeniami wskazuj\u0105cymi sposoby praktycznego jej wykorzystania.<\/p>\n","protected":false},"excerpt":{"rendered":"<p>Autor: Zofia Mielczarczyk Wydawca: WSiP Oprawa: Mi\u0119kka Format: 17.0&#215;24.0cm Liczba [&hellip;]<\/p>\n","protected":false},"featured_media":8187,"template":"","meta":[],"product_brand":[],"product_cat":[19,7500],"product_tag":[472,6624],"class_list":{"0":"post-8186","1":"product","2":"type-product","3":"status-publish","4":"has-post-thumbnail","6":"product_cat-finanse-i-prawo-finansowe","7":"product_cat-finanse-publiczne","8":"product_tag-finanse-publiczne","9":"product_tag-podrecznik-do-nauki-zawodu","11":"first","12":"outofstock","13":"sale","14":"shipping-taxable","15":"purchasable","16":"product-type-simple"},"_links":{"self":[{"href":"http:\/\/ksiegarnia-akademicka.pl\/index.php\/wp-json\/wp\/v2\/product\/8186","targetHints":{"allow":["GET"]}}],"collection":[{"href":"http:\/\/ksiegarnia-akademicka.pl\/index.php\/wp-json\/wp\/v2\/product"}],"about":[{"href":"http:\/\/ksiegarnia-akademicka.pl\/index.php\/wp-json\/wp\/v2\/types\/product"}],"wp:featuredmedia":[{"embeddable":true,"href":"http:\/\/ksiegarnia-akademicka.pl\/index.php\/wp-json\/wp\/v2\/media\/8187"}],"wp:attachment":[{"href":"http:\/\/ksiegarnia-akademicka.pl\/index.php\/wp-json\/wp\/v2\/media?parent=8186"}],"wp:term":[{"taxonomy":"product_brand","embeddable":true,"href":"http:\/\/ksiegarnia-akademicka.pl\/index.php\/wp-json\/wp\/v2\/product_brand?post=8186"},{"taxonomy":"product_cat","embeddable":true,"href":"http:\/\/ksiegarnia-akademicka.pl\/index.php\/wp-json\/wp\/v2\/product_cat?post=8186"},{"taxonomy":"product_tag","embeddable":true,"href":"http:\/\/ksiegarnia-akademicka.pl\/index.php\/wp-json\/wp\/v2\/product_tag?post=8186"}],"curies":[{"name":"wp","href":"https:\/\/api.w.org\/{rel}","templated":true}]}}