{"id":8157,"date":"2018-07-20T14:16:49","date_gmt":"2018-07-20T12:16:49","guid":{"rendered":"http:\/\/ksiegarnia-akademicka.pl\/?post_type=product&#038;p=8157"},"modified":"2026-03-17T15:41:39","modified_gmt":"2026-03-17T14:41:39","slug":"procesy-membranowe-podstawy-projektowania-modulow-i-instalacji","status":"publish","type":"product","link":"http:\/\/ksiegarnia-akademicka.pl\/index.php\/product\/procesy-membranowe-podstawy-projektowania-modulow-i-instalacji\/","title":{"rendered":"Procesy membranowe Podstawy projektowania modu\u0142\u00f3w i instalacji"},"content":{"rendered":"<p>Robert Rautenbach<br \/>\nRok wydania: 1996<br \/>\nWydawnictwo: Naukowo &#8211; Techniczne<\/p>\n<p>W podr\u0119czniku om\u00f3wiono podstawowe procesy rozdzielania mieszanin ze szczeg\u00f3lnym uwzgl\u0119dnieniem transportu masy przez membrany oraz praktycznego zastosowania proces\u00f3w membranowych. Rozwa\u017cania teoretyczne uzupe\u0142niono przyk\u0142adami oblicze\u0144. Praca jest wynikiem najnowszych bada\u0144 i odzwierciedla aktualny stan wiedzy w tej dziedzinie. Ksi\u0105\u017cka kierowana przede wszystkim do student\u00f3w specjalizuj\u0105cych si\u0119 w in\u017cynierii chemicznej, bioprocesowej, in\u017cynierii separacji i ochronie \u015brodowiska, b\u0119dzie r\u00f3wnie\u017c przydatna in\u017cynierom zajmuj\u0105cym si\u0119 zawodowo wymienionymi dziedzinami nauki.<\/p>\n","protected":false},"excerpt":{"rendered":"<p>Robert Rautenbach Rok wydania: 1996 Wydawnictwo: Naukowo &#8211; Techniczne W [&hellip;]<\/p>\n","protected":false},"featured_media":8158,"template":"","meta":[],"product_brand":[],"product_cat":[42,41],"product_tag":[4321],"class_list":{"0":"post-8157","1":"product","2":"type-product","3":"status-publish","4":"has-post-thumbnail","6":"product_cat-chemia","7":"product_cat-nauki-techniczne","8":"product_tag-inzynieria-chemiczna","10":"first","11":"outofstock","12":"sale","13":"shipping-taxable","14":"purchasable","15":"product-type-simple"},"_links":{"self":[{"href":"http:\/\/ksiegarnia-akademicka.pl\/index.php\/wp-json\/wp\/v2\/product\/8157","targetHints":{"allow":["GET"]}}],"collection":[{"href":"http:\/\/ksiegarnia-akademicka.pl\/index.php\/wp-json\/wp\/v2\/product"}],"about":[{"href":"http:\/\/ksiegarnia-akademicka.pl\/index.php\/wp-json\/wp\/v2\/types\/product"}],"wp:featuredmedia":[{"embeddable":true,"href":"http:\/\/ksiegarnia-akademicka.pl\/index.php\/wp-json\/wp\/v2\/media\/8158"}],"wp:attachment":[{"href":"http:\/\/ksiegarnia-akademicka.pl\/index.php\/wp-json\/wp\/v2\/media?parent=8157"}],"wp:term":[{"taxonomy":"product_brand","embeddable":true,"href":"http:\/\/ksiegarnia-akademicka.pl\/index.php\/wp-json\/wp\/v2\/product_brand?post=8157"},{"taxonomy":"product_cat","embeddable":true,"href":"http:\/\/ksiegarnia-akademicka.pl\/index.php\/wp-json\/wp\/v2\/product_cat?post=8157"},{"taxonomy":"product_tag","embeddable":true,"href":"http:\/\/ksiegarnia-akademicka.pl\/index.php\/wp-json\/wp\/v2\/product_tag?post=8157"}],"curies":[{"name":"wp","href":"https:\/\/api.w.org\/{rel}","templated":true}]}}