{"id":8093,"date":"2018-07-19T10:53:05","date_gmt":"2018-07-19T08:53:05","guid":{"rendered":"http:\/\/ksiegarnia-akademicka.pl\/?post_type=product&#038;p=8093"},"modified":"2018-07-19T10:53:05","modified_gmt":"2018-07-19T08:53:05","slug":"przedsiebiorczosc-z-dusza-wyzwanie-dla-nowych-czasow","status":"publish","type":"product","link":"http:\/\/ksiegarnia-akademicka.pl\/index.php\/product\/przedsiebiorczosc-z-dusza-wyzwanie-dla-nowych-czasow\/","title":{"rendered":"Przedsi\u0119biorczo\u015b\u0107 z dusz\u0105 Wyzwanie dla nowych czas\u00f3w"},"content":{"rendered":"<p>Autor:<br \/>\nEwa Danuta Bia\u0142ek<br \/>\nWydawca: Instytut Psychosyntezy<br \/>\nOprawa: Mi\u0119kka<br \/>\nFormat: 14.5&#215;20.5cm<br \/>\nLiczba stron: 224<br \/>\nWydanie: 1<br \/>\nRok wydania: 2017<\/p>\n<p>W czasach, w kt\u00f3rych \u017cyjemy, ze wzgl\u0119du na liczne zagro\u017cenia cywilizacyjne, zar\u00f3wno spo\u0142eczne, jak i indywidualne, niezb\u0119dnym staje si\u0119 samorozw\u00f3j i tworzenie systemu edukacji wspieraj\u0105cej rozw\u00f3j cz\u0142owieka we wszystkich jego wymiarach ludzkich. Jest to te\u017c konieczno\u015b\u0107 budowania przedsi\u0119biorczo\u015bci opartej o duchowe warto\u015bci. Ta ksi\u0105\u017cka jest ewenementem w skali Polski, otwieraj\u0105c t\u0119 przestrze\u0144 tak\u017ce do wsparcia biznesowego (coaching transpersonalny psychosyntezy \u2013 opisany w poprzedniej ksi\u0105\u017cce autorki), znajduj\u0105c w\u0142asne predyspozycje, poszerzaj\u0105c \u015bwiadomo\u015b\u0107, znajduj\u0105c sens i cel \u017cycia i wspieraj\u0105c dobrostan i zdrowie we wszystkich jego sferach. Dzi\u0119ki takiemu ca\u0142o\u015bciowemu podej\u015bciu, jeste\u015bmy w stanie jako indywidualne jednostki nie tylko przetrwa\u0107, ale tworzy\u0107 w\u0142asne przedsi\u0119wzi\u0119cia w oparciu o swoje dary i talenty i ofiarowa\u0107 je w s\u0142u\u017cbie \u015bwiatu, dla rozwi\u0105zywania pal\u0105cych problem\u00f3w ludzko\u015bci. Oby\u015bmy byli wystarczaj\u0105co m\u0105drzy, aby p\u00f3j\u015b\u0107 za g\u0142osem duszy, jak i obecnie dost\u0119pnymi mo\u017cliwo\u015bciami, jakie stwarza chocia\u017cby psychosynteza \u2013 psychologia z dusz\u0105.<\/p>\n","protected":false},"excerpt":{"rendered":"<p>Autor: Ewa Danuta Bia\u0142ek Wydawca: Instytut Psychosyntezy Oprawa: Mi\u0119kka Format: [&hellip;]<\/p>\n","protected":false},"featured_media":8094,"template":"","meta":[],"product_brand":[],"product_cat":[32,7518,31],"product_tag":[1802,1290,361],"class_list":{"0":"post-8093","1":"product","2":"type-product","3":"status-publish","4":"has-post-thumbnail","6":"product_cat-biznes","7":"product_cat-przedsiebiorczosc","8":"product_cat-przedsiebiorstwo","9":"product_tag-biznes","10":"product_tag-przedsiebiorczosc","11":"product_tag-przedsiebiorstwo","13":"first","14":"instock","15":"sale","16":"shipping-taxable","17":"purchasable","18":"product-type-simple"},"_links":{"self":[{"href":"http:\/\/ksiegarnia-akademicka.pl\/index.php\/wp-json\/wp\/v2\/product\/8093","targetHints":{"allow":["GET"]}}],"collection":[{"href":"http:\/\/ksiegarnia-akademicka.pl\/index.php\/wp-json\/wp\/v2\/product"}],"about":[{"href":"http:\/\/ksiegarnia-akademicka.pl\/index.php\/wp-json\/wp\/v2\/types\/product"}],"wp:featuredmedia":[{"embeddable":true,"href":"http:\/\/ksiegarnia-akademicka.pl\/index.php\/wp-json\/wp\/v2\/media\/8094"}],"wp:attachment":[{"href":"http:\/\/ksiegarnia-akademicka.pl\/index.php\/wp-json\/wp\/v2\/media?parent=8093"}],"wp:term":[{"taxonomy":"product_brand","embeddable":true,"href":"http:\/\/ksiegarnia-akademicka.pl\/index.php\/wp-json\/wp\/v2\/product_brand?post=8093"},{"taxonomy":"product_cat","embeddable":true,"href":"http:\/\/ksiegarnia-akademicka.pl\/index.php\/wp-json\/wp\/v2\/product_cat?post=8093"},{"taxonomy":"product_tag","embeddable":true,"href":"http:\/\/ksiegarnia-akademicka.pl\/index.php\/wp-json\/wp\/v2\/product_tag?post=8093"}],"curies":[{"name":"wp","href":"https:\/\/api.w.org\/{rel}","templated":true}]}}