{"id":8067,"date":"2018-07-18T12:54:16","date_gmt":"2018-07-18T10:54:16","guid":{"rendered":"http:\/\/ksiegarnia-akademicka.pl\/?post_type=product&#038;p=8067"},"modified":"2019-01-24T16:54:21","modified_gmt":"2019-01-24T15:54:21","slug":"wplyw-wykorzystania-srodkow-strukturalnych-ue-i-eog-na-tworzenie-miejsc-pracy-w-subregionie-radomskim","status":"publish","type":"product","link":"http:\/\/ksiegarnia-akademicka.pl\/index.php\/product\/wplyw-wykorzystania-srodkow-strukturalnych-ue-i-eog-na-tworzenie-miejsc-pracy-w-subregionie-radomskim\/","title":{"rendered":"Wp\u0142yw wykorzystania \u015brodk\u00f3w strukturalnych UE i EOG na tworzenie miejsc pracy w subregionie radomskim"},"content":{"rendered":"<p>Marek Wiki\u0144ski<br \/>\nWydawnictwo UTH<br \/>\nRok: 2017<br \/>\nSeria: Monografie UTH<\/p>\n<p>Przygotowana praca stanowi efekt finalny bada\u0144 naukowych podj\u0119tych w celu zbadania skuteczno\u015bci wykorzystania pomocy finansowej Unii Europejskiej i Europejskiego Obszaru Gospodarczego  dla polskiego rynku pracy \u2013 na przyk\u0142adzie subregionu radomskiego w okresie cz\u0142onkostwa Polski w UE w latach 2004\u20132015. Celem pracy by\u0142o  zbadanie skali wydatkowania \u015brodk\u00f3w z funduszy strukturalnych UE na rynku pracy subregionu radomskiego na  utworzenie nowych miejsc pracy. Celem poznawczym pracy by\u0142o wykazanie, jakie projekty skutecznie zmniejszaj\u0105 bezrobocie, przyczyniaj\u0105 si\u0119 do tworzenia miejsc pracy i zatrudnienia na rynku pracy subregionu radomskiego. Celem praktycznym pracy by\u0142o sformu\u0142owanie rekomendacji pod adresem instytucji polityki rynku pracy oraz podmiot\u00f3w realizuj\u0105cych projekty wsp\u00f3\u0142finansowane ze \u015brodk\u00f3w finansowych UE w obszarze rynku pracy. <\/p>\n<p>W tym celu analizie poddane zosta\u0142y zrealizowane projekty ze \u015brodk\u00f3w strukturalnych UE i EOG w latach 2004-2015, w ramach kt\u00f3rych w trakcie trwania projektu lub po jego zako\u0144czeniu powsta\u0142y miejsca pracy. Celem zbadania skuteczno\u015bci funduszy strukturalnych UE na rynek pracy subregionu radomskiego analizie zosta\u0142y poddane wydatkowane \u015brodki UE i EOG, kt\u00f3re prze\u0142o\u017cy\u0142y si\u0119 bezpo\u015brednio na utworzenie nowego miejsca pracy lub podj\u0119cie zatrudnienia przez osoby, kt\u00f3re skorzysta\u0142y z dofinansowania unijnego na podwy\u017cszenie kwalifikacji zawodowych lub rozpocz\u0119cie w\u0142asnej dzia\u0142alno\u015bci gospodarczej.<\/p>\n<p>Cz\u0119\u015b\u0107 badawcz\u0105 rozprawy ko\u0144cz\u0105 wnioski z przeprowadzonych analiz i bada\u0144 w\u0142asnych oraz rekomendacje sformu\u0142owane pod adresem instytucji odpowiedzialnych za realizacj\u0119 projekt\u00f3w ze \u015brodk\u00f3w strukturalnych UE lub EOG.<\/p>\n","protected":false},"excerpt":{"rendered":"<p>Marek Wiki\u0144ski Wydawnictwo UTH Rok: 2017 Seria: Monografie UTH Przygotowana [&hellip;]<\/p>\n","protected":false},"featured_media":10228,"template":"","meta":[],"product_brand":[],"product_cat":[7523,25,43],"product_tag":[6402,7583,250],"class_list":{"0":"post-8067","1":"product","2":"type-product","3":"status-publish","4":"has-post-thumbnail","6":"product_cat-nauki-ekonomiczne","7":"product_cat-unia-europejska","8":"product_cat-wydawnictwo-uth","9":"product_tag-seria-monografie-uth","10":"product_tag-srodki-strukturalne","11":"product_tag-unia-europejska","13":"first","14":"instock","15":"shipping-taxable","16":"purchasable","17":"product-type-simple"},"_links":{"self":[{"href":"http:\/\/ksiegarnia-akademicka.pl\/index.php\/wp-json\/wp\/v2\/product\/8067","targetHints":{"allow":["GET"]}}],"collection":[{"href":"http:\/\/ksiegarnia-akademicka.pl\/index.php\/wp-json\/wp\/v2\/product"}],"about":[{"href":"http:\/\/ksiegarnia-akademicka.pl\/index.php\/wp-json\/wp\/v2\/types\/product"}],"wp:featuredmedia":[{"embeddable":true,"href":"http:\/\/ksiegarnia-akademicka.pl\/index.php\/wp-json\/wp\/v2\/media\/10228"}],"wp:attachment":[{"href":"http:\/\/ksiegarnia-akademicka.pl\/index.php\/wp-json\/wp\/v2\/media?parent=8067"}],"wp:term":[{"taxonomy":"product_brand","embeddable":true,"href":"http:\/\/ksiegarnia-akademicka.pl\/index.php\/wp-json\/wp\/v2\/product_brand?post=8067"},{"taxonomy":"product_cat","embeddable":true,"href":"http:\/\/ksiegarnia-akademicka.pl\/index.php\/wp-json\/wp\/v2\/product_cat?post=8067"},{"taxonomy":"product_tag","embeddable":true,"href":"http:\/\/ksiegarnia-akademicka.pl\/index.php\/wp-json\/wp\/v2\/product_tag?post=8067"}],"curies":[{"name":"wp","href":"https:\/\/api.w.org\/{rel}","templated":true}]}}