{"id":8017,"date":"2018-07-18T08:48:04","date_gmt":"2018-07-18T06:48:04","guid":{"rendered":"http:\/\/ksiegarnia-akademicka.pl\/?post_type=product&#038;p=8017"},"modified":"2018-07-18T08:48:04","modified_gmt":"2018-07-18T06:48:04","slug":"wspolczesna-analiza-polityczna","status":"publish","type":"product","link":"http:\/\/ksiegarnia-akademicka.pl\/index.php\/product\/wspolczesna-analiza-polityczna\/","title":{"rendered":"Wsp\u00f3\u0142czesna analiza polityczna"},"content":{"rendered":"<p>Autor:<br \/>\nRobert A. Dahl<br \/>\nBruce Stinebrickner<br \/>\nT\u0142umacze: Kazimierczak Pawe\u0142 M.<br \/>\nWydawca: Scholar<br \/>\nOprawa: Mi\u0119kka ze skrzyde\u0142kami<br \/>\nFormat: 14.5&#215;20.5cm<br \/>\nLiczba stron: 252<br \/>\nWydanie: 1<br \/>\nRok wydania: 2013<\/p>\n<p>Gdyby Nobla przyznawano w dziedzinie politologii, to Robert A. Dahl \u2013 emerytowany profesor Yale University \u2013 z pewno\u015bci\u0105 by go otrzyma\u0142. W uzasadnieniu by\u0142aby mowa o jego pluralistycznej teorii elit politycznych, znacz\u0105cym wk\u0142adzie w teori\u0119 demokracji (koncepcja poliarchii) i teorii w\u0142adzy. By\u0107 mo\u017ce Akademia podkre\u015bli\u0142aby, i\u017c Dahl jest jednym z kilku uczonych, dzi\u0119ki kt\u00f3rym politologia zyska\u0142a status dyscypliny naukowej. Drugi autor tej ksi\u0105\u017cki, Bruce Stinebrickner, jest r\u00f3wnie\u017c profesorem Yale University, wieloletnim bliskim wsp\u00f3\u0142pracownikiem Roberta A. Dahla.<br \/>\nWsp\u00f3\u0142czesna analiza polityczna \u2013 bestseller ameryka\u0144skiej politologii \u2013 zawiera siatk\u0119 poj\u0119ciow\u0105 pozwalaj\u0105c\u0105 w spos\u00f3b systematyczny bada\u0107 i opisywa\u0107 zjawiska polityki w naszych czasach. U\u0142atwia jej rozumienie i aktywne, samodzielne odnoszenie si\u0119 do \u015bwiata polityki. Kluczowe pytania, na kt\u00f3rych opiera si\u0119 konstrukcja tej ksi\u0105\u017cki, s\u0105 pozornie bardzo proste:<br \/>\n\u2013 Czym jest w\u0142adza, a czym wp\u0142yw?<br \/>\n\u2013 Czym jest polityka?<br \/>\n\u2013 Co to jest system polityczny, pa\u0144stwo, rz\u0105d?<br \/>\n\u2013 Jakie s\u0105 podstawowe problemy wsp\u00f3\u0142czesnych demokracji i dlaczego istniej\u0105 re\u017cimy niedemokratyczne?<br \/>\n\u2013 Czym r\u00f3\u017cni\u0105 si\u0119 od siebie systemy polityczne?<br \/>\n\u2013 Dlaczego jedni ludzie uczestnicz\u0105 w polityce, a inni s\u0105 bierni?<br \/>\nAutorom udaje si\u0119 znale\u017a\u0107 na te pytania syntetyczne, ale zarazem oryginalne odpowiedzi. Ksi\u0105\u017cka jest podr\u0119cznikiem dla student\u00f3w nauk spo\u0142ecznych, zw\u0142aszcza politologii. Wyk\u0142adowc\u00f3w tych dyscyplin zainteresuje natomiast najbardziej jej cz\u0119\u015b\u0107 czwarta, po\u015bwi\u0119cona refleksji nad za\u0142o\u017ceniami metodologicznymi nauk politycznych i ich u\u017cyteczno\u015bci\u0105.<\/p>\n","protected":false},"excerpt":{"rendered":"<p>Autor: Robert A. Dahl Bruce Stinebrickner T\u0142umacze: Kazimierczak Pawe\u0142 M. [&hellip;]<\/p>\n","protected":false},"featured_media":8018,"template":"","meta":[],"product_brand":[],"product_cat":[27,7507],"product_tag":[7575,882,74],"class_list":{"0":"post-8017","1":"product","2":"type-product","3":"status-publish","4":"has-post-thumbnail","6":"product_cat-nauki-spoleczne","7":"product_cat-politologia","8":"product_tag-analiza-polityczna","9":"product_tag-historia-polityki","10":"product_tag-politologia","12":"first","13":"instock","14":"sale","15":"shipping-taxable","16":"purchasable","17":"product-type-simple"},"_links":{"self":[{"href":"http:\/\/ksiegarnia-akademicka.pl\/index.php\/wp-json\/wp\/v2\/product\/8017","targetHints":{"allow":["GET"]}}],"collection":[{"href":"http:\/\/ksiegarnia-akademicka.pl\/index.php\/wp-json\/wp\/v2\/product"}],"about":[{"href":"http:\/\/ksiegarnia-akademicka.pl\/index.php\/wp-json\/wp\/v2\/types\/product"}],"wp:featuredmedia":[{"embeddable":true,"href":"http:\/\/ksiegarnia-akademicka.pl\/index.php\/wp-json\/wp\/v2\/media\/8018"}],"wp:attachment":[{"href":"http:\/\/ksiegarnia-akademicka.pl\/index.php\/wp-json\/wp\/v2\/media?parent=8017"}],"wp:term":[{"taxonomy":"product_brand","embeddable":true,"href":"http:\/\/ksiegarnia-akademicka.pl\/index.php\/wp-json\/wp\/v2\/product_brand?post=8017"},{"taxonomy":"product_cat","embeddable":true,"href":"http:\/\/ksiegarnia-akademicka.pl\/index.php\/wp-json\/wp\/v2\/product_cat?post=8017"},{"taxonomy":"product_tag","embeddable":true,"href":"http:\/\/ksiegarnia-akademicka.pl\/index.php\/wp-json\/wp\/v2\/product_tag?post=8017"}],"curies":[{"name":"wp","href":"https:\/\/api.w.org\/{rel}","templated":true}]}}