{"id":7991,"date":"2018-07-17T10:44:02","date_gmt":"2018-07-17T08:44:02","guid":{"rendered":"http:\/\/ksiegarnia-akademicka.pl\/?post_type=product&#038;p=7991"},"modified":"2025-11-15T11:21:49","modified_gmt":"2025-11-15T10:21:49","slug":"erystyka-czyli-sztuka-prowadzenia-sporow-2","status":"publish","type":"product","link":"http:\/\/ksiegarnia-akademicka.pl\/index.php\/product\/erystyka-czyli-sztuka-prowadzenia-sporow-2\/","title":{"rendered":"Erystyka czyli sztuka prowadzenia spor\u00f3w"},"content":{"rendered":"<p>Autor:<br \/>\nArthur Schopenhauer<br \/>\nT\u0142umacze: Konorska \u0141ucja, Konorski Boles\u0142aw<br \/>\nWydawca: Alma-Press<br \/>\nOprawa: Mi\u0119kka<br \/>\nFormat: 12.0&#215;16.5cm<br \/>\nLiczba stron: 128<br \/>\nRok wydania: 2012<\/p>\n<p>&#8222;Przedmiotem niniejszej rozprawki Schopenhauera s\u0105 takie chwyty, kt\u00f3rych u\u017cywaj\u0105 w sporze ci, co za wszelk\u0105 cen\u0119- a wi\u0119c i za cen\u0119 prawdy i s\u0142uszno\u015bci, poprawno\u015bci wywodu- chc\u0105 koniecznie &#8222;postawi\u0107 na swoim&#8221;, zrobi\u0107 tak, \u017ceby by\u0142o uznane, \u017ce oni maj\u0105 racj\u0119. Dobrze jest uprzytomni\u0107 sobie r\u00f3\u017cne mo\u017cliwe fortele, aby wiedzie\u0107, na co mo\u017cna by\u0107 nara\u017conym w sporach z lud\u017ami nierzetelnymi&#8221;- czytamy w przedmowie Tadeusza Kotarbi\u0144skiego.<\/p>\n","protected":false},"excerpt":{"rendered":"<p>Autor: Arthur Schopenhauer T\u0142umacze: Konorska \u0141ucja, Konorski Boles\u0142aw Wydawca: Alma-Press [&hellip;]<\/p>\n","protected":false},"featured_media":7992,"template":"","meta":[],"product_brand":[],"product_cat":[7497,18],"product_tag":[7570,234,4482],"class_list":{"0":"post-7991","1":"product","2":"type-product","3":"status-publish","4":"has-post-thumbnail","6":"product_cat-ogolne-zagadnienia-prawa","7":"product_cat-prawo","8":"product_tag-erystyka","9":"product_tag-logika","10":"product_tag-retoryka","12":"first","13":"outofstock","14":"sale","15":"shipping-taxable","16":"purchasable","17":"product-type-simple"},"_links":{"self":[{"href":"http:\/\/ksiegarnia-akademicka.pl\/index.php\/wp-json\/wp\/v2\/product\/7991","targetHints":{"allow":["GET"]}}],"collection":[{"href":"http:\/\/ksiegarnia-akademicka.pl\/index.php\/wp-json\/wp\/v2\/product"}],"about":[{"href":"http:\/\/ksiegarnia-akademicka.pl\/index.php\/wp-json\/wp\/v2\/types\/product"}],"wp:featuredmedia":[{"embeddable":true,"href":"http:\/\/ksiegarnia-akademicka.pl\/index.php\/wp-json\/wp\/v2\/media\/7992"}],"wp:attachment":[{"href":"http:\/\/ksiegarnia-akademicka.pl\/index.php\/wp-json\/wp\/v2\/media?parent=7991"}],"wp:term":[{"taxonomy":"product_brand","embeddable":true,"href":"http:\/\/ksiegarnia-akademicka.pl\/index.php\/wp-json\/wp\/v2\/product_brand?post=7991"},{"taxonomy":"product_cat","embeddable":true,"href":"http:\/\/ksiegarnia-akademicka.pl\/index.php\/wp-json\/wp\/v2\/product_cat?post=7991"},{"taxonomy":"product_tag","embeddable":true,"href":"http:\/\/ksiegarnia-akademicka.pl\/index.php\/wp-json\/wp\/v2\/product_tag?post=7991"}],"curies":[{"name":"wp","href":"https:\/\/api.w.org\/{rel}","templated":true}]}}