{"id":792,"date":"2018-05-22T12:42:10","date_gmt":"2018-05-22T10:42:10","guid":{"rendered":"http:\/\/ksiegarnia-akademicka.pl\/index.php\/product\/instytucje-i-prawo-unii-europejskiej-podrecznik-dla-kierunkow-zarzadzania-i-administracji\/"},"modified":"2024-04-29T14:41:00","modified_gmt":"2024-04-29T12:41:00","slug":"instytucje-i-prawo-unii-europejskiej-podrecznik-dla-kierunkow-zarzadzania-i-administracji","status":"publish","type":"product","link":"http:\/\/ksiegarnia-akademicka.pl\/index.php\/product\/instytucje-i-prawo-unii-europejskiej-podrecznik-dla-kierunkow-zarzadzania-i-administracji\/","title":{"rendered":"Instytucje i prawo Unii Europejskiej. Podr\u0119cznik dla kierunk\u00f3w prawa, zarz\u0105dzania i administracji"},"content":{"rendered":"<p>Autor:<br \/>\nAnna Wyrozumska<br \/>\nJan Barcz<br \/>\nMaciej G\u00f3rka<br \/>\nWydawca: Wolters Kluwer<br \/>\nOprawa: Mi\u0119kka<br \/>\nFormat: 17.6&#215;25.0cm<br \/>\nLiczba stron: 564<br \/>\nWydanie: 7<br \/>\nRok wydania: 2023<br \/>\nJ\u0119zyk wydania: polski<\/p>\n<p>Autorzy publikacji omawiaj\u0105 zar\u00f3wno fundamentalne, podstawowe zasady prawa europejskiego, jak i wyzwania, z jakimi mierz\u0105 si\u0119 poszczeg\u00f3lne pa\u0144stwa, co pozwala wskaza\u0107 kierunki ewolucji ustrojowej (instytucjonalnej) Unii Europejskiej w nadchodz\u0105cych latach.<\/p>\n<p>Odnosz\u0105 si\u0119 zatem do takich kwestii, jak:<\/p>\n<p>agresja Rosji na Ukrain\u0119,<br \/>\nzmiany klimatyczne,<br \/>\nnadchodz\u0105ca era cyfrowa,<br \/>\nspo\u0142eczny wymiar rynku wewn\u0119trznego,<br \/>\numacnianie wsp\u00f3lnych warto\u015bci UE,<br \/>\nniekontrolowane migracje,<br \/>\nkwestie demograficzne,<br \/>\nzapewnienie Unii silnej pozycji w \u015bwiecie,<br \/>\npandemia COVID-19.<\/p>\n<p>W si\u00f3dmym wydaniu podr\u0119cznika uwzgl\u0119dnione zosta\u0142y nowe akty unijnego prawa pochodnego, najnowsze praktyki stosowania procedur unijnych, a tak\u017ce nowe orzecznictwo Trybuna\u0142u Sprawiedliwo\u015bci UE, zw\u0142aszcza orzeczenia silnie akcentuj\u0105ce obowi\u0105zek pa\u0144stw cz\u0142onkowskich poszanowania wsp\u00f3lnych warto\u015bci, m.in. demokracji, pa\u0144stwa prawnego i praw podstawowych.<\/p>\n<p>Ksi\u0105\u017cka w przyst\u0119pnej i skondensowanej formie charakteryzuje prawo UE. Przedstawia zasady jego stanowienia i stosowania w prawie krajowym. Omawia dochodzenie roszcze\u0144 opartych na prawie UE przed s\u0105dami krajowymi oraz ochron\u0119 prawn\u0105 zapewnian\u0105 przez Trybuna\u0142 Sprawiedliwo\u015bci UE.<\/p>\n<p>Opracowanie przeznaczone jest przede wszystkim dla student\u00f3w prawa i administracji, a tak\u017ce ekonomii, politologii, europeistyki i stosunk\u00f3w mi\u0119dzynarodowych. Zainteresuje r\u00f3wnie\u017c polityk\u00f3w i urz\u0119dnik\u00f3w zajmuj\u0105cych si\u0119 problematyk\u0105 funkcjonowania UE.<\/p>\n","protected":false},"excerpt":{"rendered":"<p>Autor: Anna Wyrozumska Jan Barcz Maciej G\u00f3rka Wydawca: Wolters Kluwer [&hellip;]<\/p>\n","protected":false},"featured_media":18056,"template":"","meta":[],"product_brand":[],"product_cat":[18,7719,25],"product_tag":[2034,269,1027,1100,330],"class_list":{"0":"post-792","1":"product","2":"type-product","3":"status-publish","4":"has-post-thumbnail","6":"product_cat-prawo","7":"product_cat-prawo-miedzynarodowe","8":"product_cat-unia-europejska","9":"product_tag-instytucje-unii-europejskiej","10":"product_tag-podrecznik-akademicki","11":"product_tag-prawo-miedzynarodowe","12":"product_tag-prawo-unii-europejskiej","13":"product_tag-seria-akademicka","15":"first","16":"instock","17":"sale","18":"shipping-taxable","19":"purchasable","20":"product-type-simple"},"_links":{"self":[{"href":"http:\/\/ksiegarnia-akademicka.pl\/index.php\/wp-json\/wp\/v2\/product\/792","targetHints":{"allow":["GET"]}}],"collection":[{"href":"http:\/\/ksiegarnia-akademicka.pl\/index.php\/wp-json\/wp\/v2\/product"}],"about":[{"href":"http:\/\/ksiegarnia-akademicka.pl\/index.php\/wp-json\/wp\/v2\/types\/product"}],"wp:featuredmedia":[{"embeddable":true,"href":"http:\/\/ksiegarnia-akademicka.pl\/index.php\/wp-json\/wp\/v2\/media\/18056"}],"wp:attachment":[{"href":"http:\/\/ksiegarnia-akademicka.pl\/index.php\/wp-json\/wp\/v2\/media?parent=792"}],"wp:term":[{"taxonomy":"product_brand","embeddable":true,"href":"http:\/\/ksiegarnia-akademicka.pl\/index.php\/wp-json\/wp\/v2\/product_brand?post=792"},{"taxonomy":"product_cat","embeddable":true,"href":"http:\/\/ksiegarnia-akademicka.pl\/index.php\/wp-json\/wp\/v2\/product_cat?post=792"},{"taxonomy":"product_tag","embeddable":true,"href":"http:\/\/ksiegarnia-akademicka.pl\/index.php\/wp-json\/wp\/v2\/product_tag?post=792"}],"curies":[{"name":"wp","href":"https:\/\/api.w.org\/{rel}","templated":true}]}}