{"id":7812,"date":"2018-07-13T08:31:03","date_gmt":"2018-07-13T06:31:03","guid":{"rendered":"http:\/\/ksiegarnia-akademicka.pl\/?post_type=product&#038;p=7812"},"modified":"2022-10-27T13:41:36","modified_gmt":"2022-10-27T11:41:36","slug":"kodeks-pracy-oraz-ustawy-towarzyszace-2","status":"publish","type":"product","link":"http:\/\/ksiegarnia-akademicka.pl\/index.php\/product\/kodeks-pracy-oraz-ustawy-towarzyszace-2\/","title":{"rendered":"Kodeks pracy oraz ustawy towarzysz\u0105ce"},"content":{"rendered":"<p>Seria: Teksty Ustaw Becka<br \/>\nRok wydania: 2022<br \/>\nWydanie: 14<br \/>\nOprawa: Mi\u0119kka<br \/>\nLiczba stron: 750<br \/>\nWymiary: 122&#215;195 mm<br \/>\nWaga: 660 g<br \/>\nISBN: 978-83-8291-308-8<\/p>\n<p>Publikacja zawiera:<\/p>\n<p>Kodeks pracy,<br \/>\nUstawa o minimalnym wynagrodzeniu za prac\u0119,<br \/>\nUstawa o dniach wolnych od pracy,<br \/>\nUstawa o organizacjach pracodawc\u00f3w,<br \/>\nUstawa o zwi\u0105zkach zawodowych,<br \/>\nUstawa o rozwi\u0105zywaniu spor\u00f3w zbiorowych,<br \/>\nUstawa o szczeg\u00f3lnych zasadach rozwi\u0105zywania z pracownikami,<br \/>\nstosunk\u00f3w pracy z przyczyn niedotycz\u0105cych pracownik\u00f3w,<br \/>\nUstawa o ubezpieczeniu spo\u0142ecznym z tytu\u0142u wypadk\u00f3w przy,<br \/>\npracy i chor\u00f3b zawodowych,<br \/>\nUstawa o zaopatrzeniu z tytu\u0142u wypadk\u00f3w lub chor\u00f3b zawodowych powsta\u0142ych w szczeg\u00f3lnych okoliczno\u015bciach,<br \/>\nUstawa o ochronie roszcze\u0144 pracowniczych w razie niewyp\u0142acalno\u015bci pracodawcy,<br \/>\nUstawa o przywr\u00f3ceniu terminu do wyp\u0142aty \u015bwiadcze\u0144 pracowniczych z Funduszu Gwarantowanych \u015awiadcze\u0144 Pracowniczych,<br \/>\nUstawa o zak\u0142adowym funduszu \u015bwiadcze\u0144 socjalnych,<br \/>\nUstawa o zatrudnianiu pracownik\u00f3w tymczasowych,<br \/>\nUstawa o wliczaniu okres\u00f3w pracy w indywidualnym gospodarstwie rolnym do pracowniczego sta\u017cu pracy,<br \/>\nUstawa o czasie pracy kierowc\u00f3w,<br \/>\nUstawa o wynagradzaniu os\u00f3b kieruj\u0105cych niekt\u00f3rymi podmiotami prawnymi,<br \/>\nUstawa o kszta\u0142towaniu wynagrodze\u0144 w pa\u0144stwowej sferze bud\u017cetowej oraz o zmianie niekt\u00f3rych ustaw,<br \/>\nUstawa o dodatkowym wynagrodzeniu rocznym dla pracownik\u00f3w jednostek sfery bud\u017cetowej,<br \/>\nUstawa o informowaniu pracownik\u00f3w i przeprowadzaniu z nimi konsultacji,<br \/>\nUstawa o uczestnictwie pracownik\u00f3w w sp\u00f3\u0142ce powsta\u0142ej w wyniku transgranicznego po\u0142\u0105czenia si\u0119 sp\u00f3\u0142ek ,<br \/>\nUstawa o szczeg\u00f3lnych rozwi\u0105zaniach zwi\u0105zanych z ochron\u0105 miejsc pracy,<br \/>\nUstawa o Pa\u0144stwowej Inspekcji Pracy,<br \/>\nUstawa o spo\u0142ecznej inspekcji pracy,<br \/>\nUstawa o cudzoziemcach,<br \/>\nIndeks rzeczowy.<br \/>\nKsi\u0105\u017cka adresowana jest do prawnik\u00f3w oraz student\u00f3w prawa, dla kt\u00f3rych znajomo\u015b\u0107 obowi\u0105zuj\u0105cych przepis\u00f3w stanowi warunek prawid\u0142owego wykonywania zawodu. Kolejne wydania publikacji uwzgl\u0119dniaj\u0105 najnowsze zmiany, przez co zapewniaj\u0105 bie\u017c\u0105c\u0105 znajomo\u015b\u0107 prawa.<\/p>\n<p>Aktualny stan prawny<br \/>\nCzytelne has\u0142a i tekst<br \/>\nPrzypisy od Redakcji<br \/>\nWyr\u00f3\u017cnienie najnowszych zmian<br \/>\nWyb\u00f3r akt\u00f3w prawnych<br \/>\nIndeks rzeczowy<\/p>\n","protected":false},"excerpt":{"rendered":"<p>Seria: Teksty Ustaw Becka Rok wydania: 2022 Wydanie: 14 Oprawa: [&hellip;]<\/p>\n","protected":false},"featured_media":15641,"template":"","meta":[],"product_brand":[],"product_cat":[18,7550],"product_tag":[794,793,318],"class_list":{"0":"post-7812","1":"product","2":"type-product","3":"status-publish","4":"has-post-thumbnail","6":"product_cat-prawo","7":"product_cat-prawo-pracy","8":"product_tag-kodeks-pracy","9":"product_tag-prawo-pracy","10":"product_tag-seria-teksty-ustaw-becka","12":"first","13":"instock","14":"sale","15":"shipping-taxable","16":"purchasable","17":"product-type-simple"},"_links":{"self":[{"href":"http:\/\/ksiegarnia-akademicka.pl\/index.php\/wp-json\/wp\/v2\/product\/7812","targetHints":{"allow":["GET"]}}],"collection":[{"href":"http:\/\/ksiegarnia-akademicka.pl\/index.php\/wp-json\/wp\/v2\/product"}],"about":[{"href":"http:\/\/ksiegarnia-akademicka.pl\/index.php\/wp-json\/wp\/v2\/types\/product"}],"wp:featuredmedia":[{"embeddable":true,"href":"http:\/\/ksiegarnia-akademicka.pl\/index.php\/wp-json\/wp\/v2\/media\/15641"}],"wp:attachment":[{"href":"http:\/\/ksiegarnia-akademicka.pl\/index.php\/wp-json\/wp\/v2\/media?parent=7812"}],"wp:term":[{"taxonomy":"product_brand","embeddable":true,"href":"http:\/\/ksiegarnia-akademicka.pl\/index.php\/wp-json\/wp\/v2\/product_brand?post=7812"},{"taxonomy":"product_cat","embeddable":true,"href":"http:\/\/ksiegarnia-akademicka.pl\/index.php\/wp-json\/wp\/v2\/product_cat?post=7812"},{"taxonomy":"product_tag","embeddable":true,"href":"http:\/\/ksiegarnia-akademicka.pl\/index.php\/wp-json\/wp\/v2\/product_tag?post=7812"}],"curies":[{"name":"wp","href":"https:\/\/api.w.org\/{rel}","templated":true}]}}