{"id":7704,"date":"2018-07-11T14:58:41","date_gmt":"2018-07-11T12:58:41","guid":{"rendered":"http:\/\/ksiegarnia-akademicka.pl\/?post_type=product&#038;p=7704"},"modified":"2018-07-11T14:58:41","modified_gmt":"2018-07-11T12:58:41","slug":"podatki-2018-2","status":"publish","type":"product","link":"http:\/\/ksiegarnia-akademicka.pl\/index.php\/product\/podatki-2018-2\/","title":{"rendered":"Podatki 2018"},"content":{"rendered":"<p>Wolters Kluwer<br \/>\nOprawa: Mi\u0119kka<br \/>\nFormat: 21.0&#215;30.0cm<br \/>\nLiczba stron: 308<br \/>\nRok wydania: 2018<\/p>\n<p>Podatki 2018 to zbi\u00f3r najwa\u017cniejszych przepis\u00f3w podatkowych zawieraj\u0105cy najnowsze zmiany wprowadzone przez ustawodawc\u0119. <\/p>\n<p>W publikacji znajdziesz teksty ustaw:<br \/>\n&#8211; o podatku dochodowym od os\u00f3b fizycznych,<br \/>\n&#8211; o podatku dochodowym od os\u00f3b prawnych,<br \/>\n&#8211; o podatku od towar\u00f3w i us\u0142ug,<br \/>\n&#8211; Ordynacji podatkowej.<br \/>\nWszystkie akty prawne zosta\u0142y przygotowane ze stanem prawnym na 1 stycznia 2018 r. Uwzgl\u0119dniono najnowsze zmiany opublikowane w Dzienniku Ustaw, w tym m.in.:<br \/>\n&#8211; o ustaw\u0119 z 15.12.2017 r. o zmianie ustawy o sp\u00f3\u0142dzielniach socjalnych oraz niekt\u00f3rych innych ustaw (Dz.U. poz. 2494),<br \/>\n&#8211; o ustaw\u0119 z 24.11.2017 r. o zmianie niekt\u00f3rych ustaw w celu przeciwdzia\u0142ania wykorzystywaniu sektora finansowego do wy\u0142udze\u0144 skarbowych (Dz.U. poz. 2491)<br \/>\n&#8211; o ustaw\u0119 z 24.11.2017 r. o zmianie ustawy o podatku dochodowym od os\u00f3b prawnych (Dz.U. poz. 2369)<br \/>\n&#8211; o ustaw\u0119 z 9.11.2017 r. o zmianie niekt\u00f3rych ustaw w celu poprawy otoczenia prawnego dzia\u0142alno\u015bci innowacyjnej (Dz.U. poz. 2201)<br \/>\noraz planowane zmiany b\u0119d\u0105ce w trakcie prac legislacyjnych, m.in.:<br \/>\n&#8211; o ustaw\u0119 z 8.12.2017 r. o S\u0142u\u017cbie Ochrony Pa\u0144stwa (druk sejm. nr 1916, oczekuje na podpis Prezydenta RP),<br \/>\n&#8211; o ustaw\u0119 z 9.11.2017 r. o zmianie ustawy o niekt\u00f3rych uprawnieniach pracownik\u00f3w urz\u0119du obs\u0142uguj\u0105cego ministra w\u0142a\u015bciwego do spraw wewn\u0119trznych oraz funkcjonariuszy i pracownik\u00f3w urz\u0119d\u00f3w nadzorowanych przez tego ministra oraz niekt\u00f3rych innych ustaw (druk sejm. nr 1835, oczekuje na publikacj\u0119 w Dzienniku Ustaw),<br \/>\n&#8211; o ustawy z 15.12.2017 r. o zmianie ustawy o podatku od towar\u00f3w i us\u0142ug oraz niekt\u00f3rych innych ustaw (druk sejm. nr 1864, oczekuje na publikacj\u0119 w Dzienniku Ustaw),<br \/>\n&#8211; o ustawy z 14.12.2017 r. o zmianie ustawy o podatku od towar\u00f3w i us\u0142ug (druk sejm. nr 2056, oczekuje na podpis Prezydenta RP).<\/p>\n","protected":false},"excerpt":{"rendered":"<p>Wolters Kluwer Oprawa: Mi\u0119kka Format: 21.0&#215;30.0cm Liczba stron: 308 Rok [&hellip;]<\/p>\n","protected":false},"featured_media":7705,"template":"","meta":[],"product_brand":[],"product_cat":[22],"product_tag":[7482],"class_list":{"0":"post-7704","1":"product","2":"type-product","3":"status-publish","4":"has-post-thumbnail","6":"product_cat-podatki-i-prawo-podatkowe","7":"product_tag-podatki-2018","9":"first","10":"instock","11":"sale","12":"shipping-taxable","13":"purchasable","14":"product-type-simple"},"_links":{"self":[{"href":"http:\/\/ksiegarnia-akademicka.pl\/index.php\/wp-json\/wp\/v2\/product\/7704","targetHints":{"allow":["GET"]}}],"collection":[{"href":"http:\/\/ksiegarnia-akademicka.pl\/index.php\/wp-json\/wp\/v2\/product"}],"about":[{"href":"http:\/\/ksiegarnia-akademicka.pl\/index.php\/wp-json\/wp\/v2\/types\/product"}],"wp:featuredmedia":[{"embeddable":true,"href":"http:\/\/ksiegarnia-akademicka.pl\/index.php\/wp-json\/wp\/v2\/media\/7705"}],"wp:attachment":[{"href":"http:\/\/ksiegarnia-akademicka.pl\/index.php\/wp-json\/wp\/v2\/media?parent=7704"}],"wp:term":[{"taxonomy":"product_brand","embeddable":true,"href":"http:\/\/ksiegarnia-akademicka.pl\/index.php\/wp-json\/wp\/v2\/product_brand?post=7704"},{"taxonomy":"product_cat","embeddable":true,"href":"http:\/\/ksiegarnia-akademicka.pl\/index.php\/wp-json\/wp\/v2\/product_cat?post=7704"},{"taxonomy":"product_tag","embeddable":true,"href":"http:\/\/ksiegarnia-akademicka.pl\/index.php\/wp-json\/wp\/v2\/product_tag?post=7704"}],"curies":[{"name":"wp","href":"https:\/\/api.w.org\/{rel}","templated":true}]}}